{"id":1344,"date":"2021-05-21T17:28:20","date_gmt":"2021-05-21T15:28:20","guid":{"rendered":"http:\/\/info.hoteljumbo.it\/?page_id=1344"},"modified":"2024-08-08T10:19:12","modified_gmt":"2024-08-08T08:19:12","slug":"privacy-policy-jumbo","status":"publish","type":"page","link":"https:\/\/info.hoteljumbo.it\/de\/privacy-policy-jumbo\/","title":{"rendered":"Datenschutzbestimmungen"},"content":{"rendered":"<section class=\"wao-blocks-container container mb-2\"\n\t\t>\n    \n<div class=\"wao-blocks-row row\" >\n    \n\n<div class=\"col-12 col-md-12\"\n     \n\t \n\tdata-cof=\"true\"\n    data-cof-rule=\"padding, 1rem, 2rem, 2rem, 3rem, 3rem\" >\n        \n\n<div class=\"breadcrumb-block\"\n    >\n    <div class=\"text-primary mx-auto text-center small\">\n        <a href=\"https:\/\/info.hoteljumbo.it\/de\" rel=\"nofollow\" title=\"Startseite\">Startseite &gt;<\/a>\n        Datenschutzbestimmungen    <\/div>\n<\/div>\n\n\n<h1 class=\"wp-block-heading has-text-align-center pt-4\">Datenschutzbestimmungen<\/h1>\n\n\n\n<h2 class=\"wp-block-heading has-text-align-center pb-4\"><em>Informationen gem\u00e4\u00df Gesetzesdekret Nr. 196 vom 30. Juni 2003 und EU-Verordnung 2016\/679 (GDPR) zum Schutz und zur Verarbeitung personenbezogener Daten.<\/em><\/h2>\n\n\n\n<p><strong>ACHTUNG<\/strong>Diese Datenschutzerkl\u00e4rung ist seit dem 25. Mai 2018 in Kraft. Der Eigent\u00fcmer beh\u00e4lt sich das Recht vor, seinen Inhalt ganz oder teilweise zu \u00e4ndern oder einfach zu aktualisieren, auch aufgrund von \u00c4nderungen der geltenden Rechtsvorschriften. Der Eigent\u00fcmer wird diese \u00c4nderungen bekannt geben, sobald sie angewandt werden, und sie werden verbindlich, sobald sie auf der Website ver\u00f6ffentlicht werden. Der f\u00fcr die Verarbeitung Verantwortliche fordert Sie daher auf, diesen Abschnitt regelm\u00e4\u00dfig zu besuchen, um sich \u00fcber die neueste und aktualisierte Version der Datenschutzrichtlinie zu informieren, damit Sie immer auf dem Laufenden sind, was die erhobenen Daten und ihre Verwendung betrifft.<\/p>\n\n\n\n<p>Dar\u00fcber hinaus gilt diese Datenschutzrichtlinie nur f\u00fcr die Website aositidev.staging und nicht f\u00fcr andere Websites, die \u00fcber externe Links aufgerufen werden k\u00f6nnen.<\/p>\n\n\n\n<h4 class=\"wp-block-heading\">1. F\u00fcr die Verarbeitung Verantwortlicher und Auftragsverarbeiter - Art. 13 Abs. 1 Buchst. a [b] GDPR 2016\/679<\/h4>\n\n\n<p>Der f\u00fcr die Datenverarbeitung Verantwortliche ist das Unternehmen\/die Einzelperson\u00a0<strong class=\"text-uppercase\"><\/strong>mit Sitz in - , Steuernummer\/Mehrwertsteuerkennziffer: an den Sie sich wenden k\u00f6nnen, um Ihre Rechte nach der DSGVO auszu\u00fcben.<br\/>\nEine aktuelle Liste aller anderen Datenverarbeiter ist am Hauptsitz des f\u00fcr die Verarbeitung Verantwortlichen erh\u00e4ltlich, den Sie kontaktieren k\u00f6nnen, um sie einzusehen.<\/p>\n\n\n<h4 class=\"wp-block-heading\">2. Arten der verarbeiteten Daten und Verarbeitungszwecke - Art. 13 Abs. 1 Buchst. c [d] GDPR 2016\/679<\/h4>\n\n\n\n<p>Bei den verarbeiteten Daten handelt es sich um allgemeine Daten (Identifikationsdaten) und Navigationsdaten (IP-Adressen, URI-Adressen usw.), aber gelegentlich auch um spezielle und\/oder sensible Daten, die freiwillig f\u00fcr Ihre besonderen Bed\u00fcrfnisse zur Verf\u00fcgung gestellt werden (allgemeine und spezifische Informationen \u00fcber die Vorlieben und Orientierungen des Nutzers, Nahrungsmittelunvertr\u00e4glichkeiten, gesundheitliche Probleme usw.);<br>Der f\u00fcr die Verarbeitung Verantwortliche wird Ihre Daten verarbeiten:<\/p>\n\n\n\n<p><strong>A) ohne Ihre ausdr\u00fcckliche Zustimmung f\u00fcr die folgenden Servicezwecke:<\/strong><\/p>\n\n\n\n<ul class=\"wp-block-list\">\n<li>Erf\u00fcllung der Vertrags- und Unterbringungsverpflichtungen (Erstellung eines Kostenvoranschlags, Verwaltung von Reservierungen, Ausstellung von Rechnungen, Kostenvoranschl\u00e4ge);<\/li>\n\n\n\n<li>Erf\u00fcllung der gesetzlichen Verpflichtungen, insbesondere in den Bereichen Rechnungslegung, Steuern und Sicherheit;<\/li>\n\n\n\n<li>Verwaltung von Rechtsstreitigkeiten.<\/li>\n<\/ul>\n\n\n\n<p>Die Verarbeitung funktioneller Daten zur Erf\u00fcllung dieser Verpflichtungen ist f\u00fcr die ordnungsgem\u00e4\u00dfe Verwaltung des angeforderten Dienstes erforderlich, und ihre \u00dcbermittlung ist f\u00fcr die Erf\u00fcllung der oben genannten Zwecke zwingend erforderlich. Die Nichtbereitstellung der Daten kann es dem f\u00fcr die Verarbeitung Verantwortlichen unm\u00f6glich machen, auf eine eventuelle Anfrage des Betroffenen zu antworten.<\/p>\n\n\n\n<p><strong>B) nur mit Ihrer ausdr\u00fccklichen und gesonderten Zustimmung f\u00fcr die folgenden Marketingzwecke:<\/strong><\/p>\n\n\n\n<ul class=\"wp-block-list\">\n<li>Um Ihnen per E-Mail, Post und\/oder SMS und\/oder Telefon Kontakte, Newsletter, kommerzielle oder verkaufsf\u00f6rdernde Mitteilungen und\/oder vom f\u00fcr die Verarbeitung Verantwortlichen angebotene Dienstleistungen zu \u00fcbermitteln; um Ihnen Informationen und kommerzielle Angebote, auch von Dritten, zukommen zu lassen; um Werbe- und Informationsmaterial zu versenden; um kommerzielle Mitteilungen, auch interaktiv, durchzuf\u00fchren; um Direktverkaufs- oder Vermittlungsaktivit\u00e4ten f\u00fcr Produkte oder Dienstleistungen durchzuf\u00fchren.<\/li>\n\n\n\n<li>Ihnen Frageb\u00f6gen oder andere Dokumente zuzusenden, um den Grad der Zufriedenheit mit der Qualit\u00e4t der angebotenen Dienstleistungen zu ermitteln; Studien und statistische Untersuchungen \u00fcber Verk\u00e4ufe, Kunden und andere Informationen zu erstellen und diese gegebenenfalls an Dritte weiterzugeben; die gesammelten und verarbeiteten Daten zu kommerziellen Zwecken an Dritte weiterzugeben, auch f\u00fcr den Verkauf oder Verkaufsversuch und auch au\u00dferhalb des Gebiets der Europ\u00e4ischen Union, oder f\u00fcr alle Zwecke kommerzieller und\/oder statistischer Art, die rechtm\u00e4\u00dfig sind. Teilnahme an Gewinnspielen im Rahmen von Werbeaktionen und kommerziellen Initiativen.<\/li>\n\n\n\n<li>Wir m\u00f6chten Ihnen unsere besten W\u00fcnsche f\u00fcr die nationalen Feiertage \u00fcbermitteln.<\/li>\n<\/ul>\n\n\n\n<p>Die Nichterteilung der Zustimmung zu den unter Punkt B) genannten Zwecken hat keine Konsequenzen zur Folge. Die Zustimmung ist fakultativ.<\/p>\n\n\n\n<h4 class=\"wp-block-heading\">3. Mitteilung und Verbreitung von Daten - Art. 13 Abs. 1 Buchst. [e] [f] GDPR 2016\/679<\/h4>\n\n\n\n<p>I dati potranno essere comunicati all'esterno solo all'interessato e a persone esplicitamente indicate dall'interessato.<br>I dati non saranno ulteriormente comunicati e diffusi se non a persone e\/o societ\u00e0 debitamente autorizzate dal titolare per la migliore gestione del servizio, per adempiere specifici obblighi di legge sempre derivanti servizio offerto, anche con riguardo ai profili fiscali, ovvero per finalit\u00e0 strettamente connesse e strumentali all'operativit\u00e0 del servizio. I dati non verranno, di norma, trasferiti ad un paese terzo o a un'organizzazione internazionale. Solo ed esclusivamente in caso di utilizzo della chat \u201cWhatsApp\u201d, i dati in tale contesto raccolti e trattati potranno essere trasferiti, in ragione dei servizi resi, ai soggetti qui di seguito elencati, eventualmente locati in paesi terzi, per i quali si rimanda alle relative privacy policy e\/o DPA:<\/p>\n\n\nBubble <a href=\"https:\/\/bubble.io\/terms\" target=\"_blank\">https:\/\/bubble.io\/terms<\/a> <a href=\"https:\/\/bubble.io\/dpa\" target=\"_blank\">https:\/\/bubble.io\/dpa<\/a><br\/>\nAWS: <a href=\"https:\/\/d1.awsstatic.com\/legal\/aws-dpa\/aws-dpa.pdf\" target=\"_blank\">https:\/\/d1.awsstatic.com\/legal\/aws-dpa\/aws-dpa.pdf<\/a><br\/>\nQdrant: <a href=\"https:\/\/files.qdrant.io\/docs\/DPA.pdf\" target=\"_blank\">https:\/\/files.qdrant.io\/docs\/DPA.pdf<\/a><br\/>\nOpenAI: <a href=\"https:\/\/openai.com\/policies\/data-processing-addendum\/\" target=\"_blank\">https:\/\/openai.com\/policies\/data-processing-addendum\/<\/a><br\/>\nGupshup: <a href=\"https:\/\/www.gupshup.io\/privacy-policy\" target=\"_blank\">https:\/\/www.gupshup.io\/privacy-policy<\/a><br\/>\nMeta: <a href=\"https:\/\/www.whatsapp.com\/legal\/business-data-processing-terms\" target=\"_blank\">https:\/\/www.whatsapp.com\/legal\/business-data-processing-terms<\/a>\n\n\n<h4 class=\"wp-block-heading\">4. Verarbeitungsmethoden - Art.13 Abs. 2 Buchst. [a] GDPR 2016\/679<\/h4>\n\n\n\n<p>Il trattamento dei dati personali consiste nella raccolta, registrazione, organizzazione, conservazione, comunicazione dei medesimi dati. Il trattamento dei dati personali \u00e8 effettuato per le finalit\u00e0 di cui sopra, con modalit\u00e0 automatizzate ed informatizzate in conformit\u00e0 a quanto stabilito dall'articolo 5 del GDPR, nel rispetto delle regole di liceit\u00e0, legittimit\u00e0, riservatezza e sicurezza previste dalla normativa vigente. I dati saranno conservati per un periodo di tempo necessario agli scopi per i quali essi sono stati raccolti o successivamente trattati conformemente a quanto previsto dagli obblighi di legge, e comunque non superiore ad anni 5. I dati raccolti attraverso la chat \u201cWhatsApp\u201d saranno conservati per un periodo pari a mesi 3.<\/p>\n\n\n\n<h4 class=\"wp-block-heading\">5. Rechte der betroffenen Person - Art. 13 Abs. 2 Buchst. [b] [c] [ d] GDPR 2016\/679<\/h4>\n\n\n\n<p>Der Betroffene hat das Recht, Zugang zu seinen personenbezogenen Daten zu erhalten und deren Berichtigung zu verlangen. Der Betroffene hat das Recht, aus berechtigten Gr\u00fcnden die L\u00f6schung der Daten oder die Einschr\u00e4nkung ihrer Verarbeitung zu erwirken oder sich ihrer Verarbeitung zu widersetzen sowie ganz allgemein alle Rechte auszu\u00fcben, die ihm nach den geltenden Gesetzen zustehen. Um Ihre Rechte auszu\u00fcben, k\u00f6nnen Sie sich jederzeit an den f\u00fcr die Verarbeitung Verantwortlichen wenden, indem Sie Ihre Antr\u00e4ge an die folgende Adresse senden&nbsp;<a href=\"mailto:amministrazione@hoteljumbo.it\">amministrazione@hoteljumbo.it<\/a>sowie an die Datenschutzbeh\u00f6rde.<\/p>\n\n\n\n<h2 class=\"wp-block-heading\">Unsere Cookie-Politik<\/h2>\n\n\n\n<p>Wir verwenden Cookies auf unserer Website und in unseren E-Mails, um Ihnen einen besseren Service und ein besseres Erlebnis zu bieten. Von nun an k\u00f6nnen auch unsere vertrauensw\u00fcrdigen Partner die Informationen, die sie erhalten, weitergeben und Ihre Erfahrungen auf ihren Websites verbessern. Dieses Dokument beschreibt die Kategorien von Cookies, die wir verwenden und mit unseren Partnern teilen, deren Zweck und wie Sie Ihre Einstellungen \u00e4ndern k\u00f6nnen.<\/p>\n\n\n\n<h4 class=\"wp-block-heading\">Was sind Cookies?<\/h4>\n\n\n\n<p>Cookies sind kleine Datendateien, die von Ihrem Browser auf der Festplatte Ihres Computers gespeichert werden und eine bestimmte Menge an Informationen enthalten, die zwischen einer Website und Ihrem Endger\u00e4t ausgetauscht werden. Wenn Sie dieselbe oder eine andere Website erneut besuchen, pr\u00fcft Ihr Ger\u00e4t, ob ein erkannter Cookie vorhanden ist, damit es die darin enthaltenen Informationen lesen kann. Die verschiedenen Cookies enthalten unterschiedliche Informationen und werden f\u00fcr unterschiedliche Zwecke verwendet (effiziente Navigation auf den Seiten derselben Website, Profilerstellung, um gezielte Werbebotschaften zu versenden, Analyse der Anzahl der Besuche auf der Website). Im Allgemeinen werden einige Cookies (so genannte Session-Cookies) dem Ger\u00e4t des Nutzers nur f\u00fcr die Dauer des Zugriffs auf die Website zugewiesen und laufen automatisch ab, wenn der Browser geschlossen wird. Andere Cookies (sogenannte dauerhafte Cookies) verbleiben f\u00fcr einen l\u00e4ngeren Zeitraum auf Ihrem Ger\u00e4t. Die spezifischen Zwecke der verschiedenen Arten von Cookies, die auf dieser Website installiert sind, werden im Folgenden n\u00e4her beschrieben. Sie k\u00f6nnen Cookies deaktivieren, indem Sie die nachstehenden Informationen befolgen.<\/p>\n\n\n\n<h4 class=\"wp-block-heading\">Welche Cookies wir verwenden<\/h4>\n\n\n\n<p>Die von uns verwendeten Cookies erm\u00f6glichen es uns, wiederkehrende Nutzer und ihre Daten zu erkennen, damit sie nicht immer wieder die gleichen Informationen eingeben m\u00fcssen. Sie erm\u00f6glichen es uns auch, das Verkehrsverhalten der Besucher unserer Website zu analysieren, damit wir die Benutzerfreundlichkeit verbessern k\u00f6nnen. Im Folgenden werden einige der auf unserer Website verwendeten Cookie-Typen aufgef\u00fchrt:<\/p>\n\n\n\n<h5 class=\"wp-block-heading\">Technische Cookies<\/h5>\n\n\n\n<p>Wir k\u00f6nnen technische Cookies verwenden, damit Sie die von Ihnen \u00fcber unsere Website angeforderten Dienstleistungen in Anspruch nehmen k\u00f6nnen. Ohne diese Cookies w\u00e4re es nicht m\u00f6glich, die von Ihnen gew\u00fcnschten Dienstleistungen zu erbringen. Zum Beispiel k\u00f6nnen technische Cookies verwendet werden, um:<\/p>\n\n\n\n<ul class=\"wp-block-list\">\n<li>Erm\u00f6glichung des Zugriffs auf sichere Bereiche unserer Website, ohne dass sich die Nutzer st\u00e4ndig anmelden m\u00fcssen<\/li>\n\n\n\n<li>Erinnerung an alle vom Benutzer durchgef\u00fchrten Aktionen (z. B. das Ausf\u00fcllen eines Formulars), wenn er zur vorherigen Seite einer Sitzung zur\u00fcckkehrt<\/li>\n<\/ul>\n\n\n\n<p><em>Wie kann man diese Art von Cookies deaktivieren?<\/em>&nbsp;Die wichtigsten und beliebtesten Browser akzeptieren standardm\u00e4\u00dfig alle Cookies. Sie k\u00f6nnen diese Option \u00fcber die Funktionen Ihres Browsers \u00e4ndern, indem Sie - wie unten beschrieben - die Funktion ganz deaktivieren oder zumindest verlangen, dass Sie bei jedem eingehenden Cookie um Ihre ausdr\u00fcckliche Zustimmung gebeten werden, wenn Sie ihn erhalten.<\/p>\n\n\n\n<h5 class=\"wp-block-heading\">Analytische Cookies<\/h5>\n\n\n\n<p>Analytische Cookies k\u00f6nnen verwendet werden, um Informationen \u00fcber die Nutzung der Website, der Werbung und der E-Mails zu erhalten und um uns auf Fehler hinzuweisen. Dar\u00fcber hinaus erm\u00f6glichen uns diese Cookies, detaillierte technische Informationen zu erhalten, wie z. B. die zuletzt besuchte Seite, die Anzahl der besuchten Seiten, ob eine E-Mail ge\u00f6ffnet wurde, welche Teile der Website oder E-Mails von den Nutzern angeklickt wurden und wie viel Zeit zwischen den Klicks verstrichen ist. Diese Informationen k\u00f6nnen mit Nutzerdaten wie IP-Adresse, Domain oder Browser in Verbindung gebracht werden; sie werden jedoch zusammen mit den Daten anderer Personen analysiert, so dass ein bestimmter Nutzer nicht mit einem anderen identifiziert werden kann. Zum Beispiel k\u00f6nnen diese Cookies auf unserer Website verwendet werden, um:<\/p>\n\n\n\n<ul class=\"wp-block-list\">\n<li>Analyse und Verbesserung der Leistung und des Designs unserer Website, Anzeigen und E-Mails<\/li>\n\n\n\n<li>Quantifizierung der Reaktion auf unsere Werbung und Verbesserung ihrer Wirksamkeit<\/li>\n\n\n\n<li>Berechnung von Fehlern, die auf unserer Website auftreten, um den Service zu verbessern und eventuelle Beschwerden zu bearbeiten<\/li>\n<\/ul>\n\n\n\n<p>Informationen und die M\u00f6glichkeit zur Deaktivierung von Analyse-Cookies Dritter finden Sie auf dieser Website:&nbsp;<a href=\"https:\/\/www.youronlinechoices.com\/it\" target=\"_blank\" rel=\"noreferrer noopener\">www.youronlinechoices.com\/it&nbsp;<\/a><\/p>\n\n\n\n<h5 class=\"wp-block-heading\">Tracking-Cookies von Dritten<\/h5>\n\n\n\n<p>Tracking-Cookies von Dritten k\u00f6nnen von den Websites unserer Partner an Ihr Ger\u00e4t gesendet werden. Diese Cookies werden verwendet, um festzustellen, wann unsere Partner einen Nutzer auf unsere Website weiterleiten und ob dieser Nutzer ein Produkt oder eine Dienstleistung kauft. Wir k\u00f6nnen diese Informationen in anonymer Form an unsere Partner weitergeben, so dass wir einen bestimmten Nutzer nicht mit einem anderen identifizieren k\u00f6nnen. Dar\u00fcber hinaus werden diese Informationen in \u00dcbereinstimmung mit unseren vertraglichen Verpflichtungen an unsere Partner weitergegeben, um ihnen zu helfen, die Effizienz ihrer Websites zu verbessern.<\/p>\n\n\n\n<h5 class=\"wp-block-heading\">Funktionalit\u00e4t der Cookies<\/h5>\n\n\n\n<p>Diese Cookies sind nicht unbedingt erforderlich, aber sie erm\u00f6glichen es Ihnen, verschiedene n\u00fctzliche Funktionen unserer Website zu nutzen. Sie k\u00f6nnen zum Beispiel auf unserer Website verwendet werden, um:<\/p>\n\n\n\n<ul class=\"wp-block-list\">\n<li>Speicherung der vom Nutzer bei fr\u00fcheren Besuchen gew\u00e4hlten Pr\u00e4ferenzen, wie Land\/Sprache, Interessen und Darstellung der Website (Layout, Schriftgr\u00f6\u00dfe, Farben usw.). Auf diese Weise muss der Benutzer diese Informationen nicht erneut eingeben.<\/li>\n\n\n\n<li>Speicherung von Antworten auf Fragen, die auf unserer Website gestellt werden, z. B. bei der Teilnahme an Umfragen zur Kundenzufriedenheit, damit sie dem Nutzer nicht erneut gestellt werden<\/li>\n\n\n\n<li>Feststellung, ob dem Nutzer bereits ein Dienst angeboten wurde, z. B. das Angebot einer Online-Echtzeithilfe<\/li>\n\n\n\n<li>Bereitstellung von Informationen, die den Betrieb optionaler Dienste erm\u00f6glichen, z. B. das Ansehen eines Online-Videos oder das Verfassen eines Kommentars in einem Blog<\/li>\n<\/ul>\n\n\n\n<h5 class=\"wp-block-heading\">Targeting- oder Werbe-Cookies<\/h5>\n\n\n\n<p>Diese Cookies k\u00f6nnen auf unserer Website verwendet werden, um Werbung zu schalten, die auf Ihre Interessen zugeschnitten ist. Targeting- oder Werbe-Cookies erm\u00f6glichen es uns, detaillierte Informationen dar\u00fcber zu erhalten, wie Nutzer auf unserer Website navigieren (z. B. welche Produkte oder Dienstleistungen eine bestimmte Person am h\u00e4ufigsten ansieht). Sie erm\u00f6glichen es uns auch, einen Nutzer wiederzuerkennen, der auf unsere Website und\/oder eine Website zur\u00fcckkehrt, die Teil des Netzes eines unserer Werbepartner ist.<\/p>\n\n\n\n<h5 class=\"wp-block-heading\">Cookies von Dritten<\/h5>\n\n\n\n<p>Wenn Sie unsere Website nutzen, speichern wir m\u00f6glicherweise einige Cookies, die wir nicht kontrollieren. Dies ist z. B. der Fall, wenn Sie eine Seite besuchen, die Inhalte von einer Website Dritter enth\u00e4lt. Infolgedessen erh\u00e4lt der Nutzer Cookies von diesen Diensten Dritter. Cookies enthalten keine pers\u00f6nlichen Informationen, es sei denn, der Nutzer ist bei seinem Konto angemeldet. Cookies von Drittanbietern k\u00f6nnten zum Beispiel von diesen stammen:<\/p>\n\n\n\n<ul class=\"wp-block-list\">\n<li>Google Analytics<\/li>\n\n\n\n<li>Google Tag Manager<\/li>\n\n\n\n<li>Google Adwords<\/li>\n\n\n\n<li>Facebook-Verbindung<\/li>\n\n\n\n<li>Facebook-Anzeigen<\/li>\n\n\n\n<li>MagNews<\/li>\n\n\n\n<li>Youtube<\/li>\n<\/ul>\n\n\n\n<p>Weitere Informationen \u00fcber die Verwendung von Cookies durch Dritte finden Sie in den Datenschutz- und Cookie-Richtlinien der betreffenden Dienste.<\/p>\n\n\n\n<h4 class=\"wp-block-heading\">Zustimmung<\/h4>\n\n\n\n<p>Die Zustimmung zur Verwendung von Cookies wird zun\u00e4chst auf folgende Weise erteilt: durch Schlie\u00dfen des Banners, durch Herunterscrollen der Seite, auf der sich das Banner befindet, oder durch Klicken auf eines seiner Elemente. Der Nutzer kann seine Wahl jederzeit \u00e4ndern, indem er eine der im Abschnitt \"L\u00f6schen und\/oder Blockieren von Cookies\" beschriebenen Methoden anwendet.<\/p>\n\n\n\n<h4 class=\"wp-block-heading\">Cookies l\u00f6schen und\/oder blockieren<\/h4>\n\n\n\n<p>Die meisten Browser akzeptieren Cookies standardm\u00e4\u00dfig, aber Sie k\u00f6nnen Ihren Browser so einstellen oder \u00e4ndern, dass er alle Cookies akzeptiert, Cookies blockiert oder ausw\u00e4hlt, welche Cookies akzeptiert werden sollen, je nachdem, woher sie kommen. Sie k\u00f6nnen Ihren Browser auch so einstellen, dass er Cookies einzeln akzeptiert oder blockiert, bevor sie gesetzt werden. Sie k\u00f6nnen Ihren Browser auch dazu verwenden, die auf Ihrem Ger\u00e4t gespeicherten Cookies regelm\u00e4\u00dfig zu l\u00f6schen. Es ist wichtig, daran zu denken, alle auf verschiedenen Ger\u00e4ten (Tablets, Smartphones, Computer usw.) installierten Browser zu konfigurieren. Was die Verwaltung von Cookies und Benutzereinstellungen angeht, so ist die Konfiguration von Browser zu Browser unterschiedlich. Diese Einstellungen sind im Hilfemen\u00fc Ihres Browsers beschrieben, wo Sie auch Ihre Cookie-Einstellungen \u00e4ndern k\u00f6nnen.<\/p>\n\n\n\n<p>Zum Beispiel:<\/p>\n\n\n\n<ul class=\"wp-block-list\">\n<li>F\u00fcr Internet Explorer:&nbsp;<a href=\"http:\/\/windows.microsoft.com\/en-US\/windows-vista\/Block-or-allow-cookies\">http:\/\/windows.microsoft.com\/en-US\/windows-vista\/Block-or-allow-cookies<\/a><\/li>\n\n\n\n<li>F\u00fcr Safari:&nbsp;<a href=\"http:\/\/www.apple.com\/legal\/privacy\/en-ww\/cookies\">http:\/\/www.apple.com\/legal\/privacy\/en-ww\/cookies<\/a><\/li>\n\n\n\n<li>F\u00fcr Chrome:&nbsp;<a href=\"http:\/\/support.google.com\/chrome\/bin\/answer.py?hl=en&amp;hlrm=en&amp;answer=95647\">http:\/\/support.google.com\/chrome\/bin\/answer.py?hl=en&amp;hlrm=en&amp;answer=95647<\/a><\/li>\n\n\n\n<li>F\u00fcr Firefox:&nbsp;<a href=\"https:\/\/support.mozilla.org\/en-US\/kb\/enable-and-disable-cookies-website-preferences\">https:\/\/support.mozilla.org\/en-US\/kb\/enable-and-disable-cookies-website-preferences<\/a><\/li>\n\n\n\n<li>F\u00fcr die Oper:&nbsp;<a href=\"http:\/\/help.opera.com\/Windows\/10.20\/en\/cookies.html\">http:\/\/help.opera.com\/Windows\/10.20\/en\/cookies.html<\/a><\/li>\n<\/ul>\n\n\n\n<p>Unter&nbsp;<a href=\"https:\/\/www.allaboutcookies.org\/\" target=\"_blank\" rel=\"noreferrer noopener\">www.allaboutcookies.org<\/a>&nbsp;finden Sie eine einfache Anleitung zur Verwaltung von Cookies in verschiedenen Browsern. Die meisten Werbenetzwerke bieten die M\u00f6glichkeit, Cookies abzulehnen.<\/p>\n\n\n\n<p>Unter&nbsp;<a href=\"https:\/\/www.aboutads.info\/choices\/\" target=\"_blank\" rel=\"noreferrer noopener\">www.aboutads.info\/choices\/<\/a>&nbsp;e&nbsp;<a href=\"https:\/\/www.youronlinechoices.com\/\" target=\"_blank\" rel=\"noreferrer noopener\">www.youronlinechoices.com<\/a>&nbsp;finden Sie n\u00fctzliche Informationen \u00fcber das Verfahren, das zu befolgen ist.<\/p>\n\n\n\n<h4 class=\"wp-block-heading\">Was passiert, wenn Sie Cookies deaktivieren?<\/h4>\n\n\n\n<p>Wenn Sie Ihren Browser so einstellen, dass Cookies blockiert werden, k\u00f6nnen Sie auf bestimmte Funktionen, Seiten und Bereiche der Website nicht zugreifen. Es kann sein, dass Sie Ihre zuvor festgelegten Pr\u00e4ferenzen oder personalisierten Einstellungen nicht wiederherstellen k\u00f6nnen und dass unsere M\u00f6glichkeiten, Ihre Erfahrungen zu personalisieren, eingeschr\u00e4nkt sind.<\/p>\n\n    <\/div>\n<\/div>\n<\/section>","protected":false},"excerpt":{"rendered":"","protected":false},"author":1,"featured_media":0,"parent":0,"menu_order":0,"comment_status":"closed","ping_status":"closed","template":"","meta":{"footnotes":""},"class_list":["post-1344","page","type-page","status-publish","hentry"],"_links":{"self":[{"href":"https:\/\/info.hoteljumbo.it\/de\/wp-json\/wp\/v2\/pages\/1344","targetHints":{"allow":["GET"]}}],"collection":[{"href":"https:\/\/info.hoteljumbo.it\/de\/wp-json\/wp\/v2\/pages"}],"about":[{"href":"https:\/\/info.hoteljumbo.it\/de\/wp-json\/wp\/v2\/types\/page"}],"author":[{"embeddable":true,"href":"https:\/\/info.hoteljumbo.it\/de\/wp-json\/wp\/v2\/users\/1"}],"replies":[{"embeddable":true,"href":"https:\/\/info.hoteljumbo.it\/de\/wp-json\/wp\/v2\/comments?post=1344"}],"version-history":[{"count":7,"href":"https:\/\/info.hoteljumbo.it\/de\/wp-json\/wp\/v2\/pages\/1344\/revisions"}],"predecessor-version":[{"id":2734,"href":"https:\/\/info.hoteljumbo.it\/de\/wp-json\/wp\/v2\/pages\/1344\/revisions\/2734"}],"wp:attachment":[{"href":"https:\/\/info.hoteljumbo.it\/de\/wp-json\/wp\/v2\/media?parent=1344"}],"curies":[{"name":"wp","href":"https:\/\/api.w.org\/{rel}","templated":true}]}}