{"id":1344,"date":"2021-05-21T17:28:20","date_gmt":"2021-05-21T15:28:20","guid":{"rendered":"http:\/\/info.hoteljumbo.it\/?page_id=1344"},"modified":"2024-08-08T10:19:12","modified_gmt":"2024-08-08T08:19:12","slug":"privacy-policy-jumbo","status":"publish","type":"page","link":"https:\/\/info.hoteljumbo.it\/fr\/privacy-policy-jumbo\/","title":{"rendered":"Politique de confidentialit\u00e9"},"content":{"rendered":"<section class=\"wao-blocks-container container mb-2\"\n\t\t>\n    \n<div class=\"wao-blocks-row row\" >\n    \n\n<div class=\"col-12 col-md-12\"\n     \n\t \n\tdata-cof=\"true\"\n    data-cof-rule=\"padding, 1rem, 2rem, 2rem, 3rem, 3rem\" >\n        \n\n<div class=\"breadcrumb-block\"\n    >\n    <div class=\"text-primary mx-auto text-center small\">\n        <a href=\"https:\/\/info.hoteljumbo.it\/fr\" rel=\"nofollow\" title=\"Accueil\">Accueil &gt;<\/a>\n        Politique de confidentialit\u00e9    <\/div>\n<\/div>\n\n\n<h1 class=\"wp-block-heading has-text-align-center pt-4\">Politique de confidentialit\u00e9<\/h1>\n\n\n\n<h2 class=\"wp-block-heading has-text-align-center pb-4\"><em>Informations conform\u00e9ment au d\u00e9cret l\u00e9gislatif n\u00b0 196 du 30 juin 2003 et au r\u00e8glement UE 2016\/679 (GDPR) pour la protection et le traitement des donn\u00e9es personnelles.<\/em><\/h2>\n\n\n\n<p><strong>ATTENTION<\/strong>: La pr\u00e9sente politique de confidentialit\u00e9 est en vigueur depuis le 25 mai 2018. Le Propri\u00e9taire se r\u00e9serve le droit de modifier ou simplement de mettre \u00e0 jour son contenu, en partie ou en totalit\u00e9, notamment en raison de changements dans la l\u00e9gislation applicable. Le Propri\u00e9taire fera conna\u00eetre ces modifications d\u00e8s qu'elles seront appliqu\u00e9es et seront contraignantes d\u00e8s qu'elles seront publi\u00e9es sur le site. Le Responsable du traitement vous invite donc \u00e0 visiter r\u00e9guli\u00e8rement cette section pour prendre connaissance de la version la plus r\u00e9cente et mise \u00e0 jour de la Politique de confidentialit\u00e9 afin d'\u00eatre toujours au courant des donn\u00e9es collect\u00e9es et de leur utilisation.<\/p>\n\n\n\n<p>En outre, la pr\u00e9sente politique de confidentialit\u00e9 s'applique uniquement au site aositidev.staging et ne s'applique pas aux autres sites web qui peuvent \u00eatre consult\u00e9s par le biais de liens externes.<\/p>\n\n\n\n<h4 class=\"wp-block-heading\">1. Responsable du traitement et sous-traitants des donn\u00e9es - Art. 13 co. 1 lett. [a] [b] GDPR 2016\/679<\/h4>\n\n\n<p>Le responsable du traitement des donn\u00e9es est la soci\u00e9t\u00e9\/entreprise individuelle.\u00a0<strong class=\"text-uppercase\"><\/strong>, dont le si\u00e8ge social est situ\u00e9 \u00e0 - , Code fiscal\/code TVA : que vous pouvez contacter afin d'exercer vos droits en vertu du GDPR.<br\/>\nUne liste actualis\u00e9e de tous les autres responsables du traitement des donn\u00e9es est disponible au si\u00e8ge du contr\u00f4leur des donn\u00e9es, que vous pouvez contacter pour la consulter.<\/p>\n\n\n<h4 class=\"wp-block-heading\">2. Types de donn\u00e9es trait\u00e9es et finalit\u00e9s du traitement - Art. 13 co. 1 lett. [c] [d] GDPR 2016\/679<\/h4>\n\n\n\n<p>Les Donn\u00e9es trait\u00e9es sont de type commun (identification) et des donn\u00e9es de navigation (adresses IP, adresses URI, etc.), mais aussi parfois des donn\u00e9es sp\u00e9ciales et\/ou sensibles fournies volontairement pour vos besoins particuliers (informations g\u00e9n\u00e9rales et sp\u00e9cifiques sur les pr\u00e9f\u00e9rences et orientations de l'Utilisateur ; intol\u00e9rances alimentaires ; probl\u00e8mes de sant\u00e9 ; etc ;)<br>Le contr\u00f4leur traitera vos donn\u00e9es :<\/p>\n\n\n\n<p><strong>A) sans qu'il soit n\u00e9cessaire d'obtenir votre consentement expr\u00e8s, aux fins des services suivants :<\/strong><\/p>\n\n\n\n<ul class=\"wp-block-list\">\n<li>Ex\u00e9cution des obligations contractuelles et d'h\u00e9bergement (formulation d'un devis, gestion des r\u00e9servations, \u00e9mission de factures, devis) ;<\/li>\n\n\n\n<li>Le respect des obligations r\u00e9glementaires, notamment comptables, fiscales et de s\u00e9curit\u00e9 ;<\/li>\n\n\n\n<li>Gestion des litiges.<\/li>\n<\/ul>\n\n\n\n<p>Le traitement des Donn\u00e9es fonctionnelles pour l'accomplissement de ces obligations est n\u00e9cessaire pour la gestion correcte du service demand\u00e9 et leur attribution est obligatoire pour la r\u00e9alisation des finalit\u00e9s susmentionn\u00e9es. Le fait de ne pas fournir les donn\u00e9es peut mettre le responsable du traitement dans l'impossibilit\u00e9 de r\u00e9pondre \u00e0 une \u00e9ventuelle demande de la partie int\u00e9ress\u00e9e.<\/p>\n\n\n\n<p><strong>B) uniquement avec votre consentement sp\u00e9cifique et s\u00e9par\u00e9 pour les objectifs de marketing suivants :<\/strong><\/p>\n\n\n\n<ul class=\"wp-block-list\">\n<li>Pour vous transmettre par e-mail, courrier et\/ou SMS et\/ou t\u00e9l\u00e9phone des contacts, des newsletters, des communications commerciales ou promotionnelles et\/ou des services offerts par le Responsable du traitement ; pour vous envoyer des informations et des offres commerciales, \u00e9galement de la part de tiers ; pour envoyer du mat\u00e9riel publicitaire et informatif ; pour effectuer des communications commerciales, \u00e9galement interactives ; pour effectuer des activit\u00e9s de vente directe ou de placement de produits ou de services.<\/li>\n\n\n\n<li>Vous envoyer des questionnaires ou d'autres documents afin de d\u00e9tecter le degr\u00e9 de satisfaction de la qualit\u00e9 des services offerts ; \u00e9laborer des \u00e9tudes et des recherches statistiques sur les ventes, les clients et d'autres informations, et si n\u00e9cessaire les communiquer \u00e0 des tiers ; transf\u00e9rer \u00e0 des tiers les donn\u00e9es collect\u00e9es et trait\u00e9es \u00e0 des fins commerciales, y compris pour la vente ou la tentative de vente et \u00e9galement en dehors du territoire de l'Union europ\u00e9enne, ou pour toutes les fins de nature commerciale et\/ou statistique qui sont licites. Participer \u00e0 des tirages au sort li\u00e9s \u00e0 des promotions et \u00e0 des initiatives commerciales.<\/li>\n\n\n\n<li>Pour vous transmettre nos meilleurs v\u0153ux \u00e0 l'occasion des f\u00eates nationales.<\/li>\n<\/ul>\n\n\n\n<p>Le fait de ne pas donner son consentement aux fins vis\u00e9es au point B) n'entra\u00eene aucune cons\u00e9quence. Le consentement est facultatif.<\/p>\n\n\n\n<h4 class=\"wp-block-heading\">3. Communication et diffusion des donn\u00e9es - Art. 13 co. 1 lett. [e] [f] GDPR 2016\/679<\/h4>\n\n\n\n<p>I dati potranno essere comunicati all'esterno solo all'interessato e a persone esplicitamente indicate dall'interessato.<br>I dati non saranno ulteriormente comunicati e diffusi se non a persone e\/o societ\u00e0 debitamente autorizzate dal titolare per la migliore gestione del servizio, per adempiere specifici obblighi di legge sempre derivanti servizio offerto, anche con riguardo ai profili fiscali, ovvero per finalit\u00e0 strettamente connesse e strumentali all'operativit\u00e0 del servizio. I dati non verranno, di norma, trasferiti ad un paese terzo o a un'organizzazione internazionale. Solo ed esclusivamente in caso di utilizzo della chat \u201cWhatsApp\u201d, i dati in tale contesto raccolti e trattati potranno essere trasferiti, in ragione dei servizi resi, ai soggetti qui di seguito elencati, eventualmente locati in paesi terzi, per i quali si rimanda alle relative privacy policy e\/o DPA:<\/p>\n\n\nBubble <a href=\"https:\/\/bubble.io\/terms\" target=\"_blank\">https:\/\/bubble.io\/terms<\/a> <a href=\"https:\/\/bubble.io\/dpa\" target=\"_blank\">https:\/\/bubble.io\/dpa<\/a><br\/>\nAWS: <a href=\"https:\/\/d1.awsstatic.com\/legal\/aws-dpa\/aws-dpa.pdf\" target=\"_blank\">https:\/\/d1.awsstatic.com\/legal\/aws-dpa\/aws-dpa.pdf<\/a><br\/>\nQdrant: <a href=\"https:\/\/files.qdrant.io\/docs\/DPA.pdf\" target=\"_blank\">https:\/\/files.qdrant.io\/docs\/DPA.pdf<\/a><br\/>\nOpenAI: <a href=\"https:\/\/openai.com\/policies\/data-processing-addendum\/\" target=\"_blank\">https:\/\/openai.com\/policies\/data-processing-addendum\/<\/a><br\/>\nGupshup: <a href=\"https:\/\/www.gupshup.io\/privacy-policy\" target=\"_blank\">https:\/\/www.gupshup.io\/privacy-policy<\/a><br\/>\nMeta: <a href=\"https:\/\/www.whatsapp.com\/legal\/business-data-processing-terms\" target=\"_blank\">https:\/\/www.whatsapp.com\/legal\/business-data-processing-terms<\/a>\n\n\n<h4 class=\"wp-block-heading\">4. M\u00e9thodes de traitement - Art.13 co. 2 lett. [a] GDPR 2016\/679<\/h4>\n\n\n\n<p>Il trattamento dei dati personali consiste nella raccolta, registrazione, organizzazione, conservazione, comunicazione dei medesimi dati. Il trattamento dei dati personali \u00e8 effettuato per le finalit\u00e0 di cui sopra, con modalit\u00e0 automatizzate ed informatizzate in conformit\u00e0 a quanto stabilito dall'articolo 5 del GDPR, nel rispetto delle regole di liceit\u00e0, legittimit\u00e0, riservatezza e sicurezza previste dalla normativa vigente. I dati saranno conservati per un periodo di tempo necessario agli scopi per i quali essi sono stati raccolti o successivamente trattati conformemente a quanto previsto dagli obblighi di legge, e comunque non superiore ad anni 5. I dati raccolti attraverso la chat \u201cWhatsApp\u201d saranno conservati per un periodo pari a mesi 3.<\/p>\n\n\n\n<h4 class=\"wp-block-heading\">5. Droits de la personne concern\u00e9e - Art. 13 co. 2 lett. [b] [c] [ d] GDPR 2016\/679<\/h4>\n\n\n\n<p>L'int\u00e9ress\u00e9 a le droit d'obtenir l'acc\u00e8s et la rectification de ses donn\u00e9es personnelles. L'int\u00e9ress\u00e9 a le droit, pour des raisons l\u00e9gitimes, d'obtenir l'effacement des donn\u00e9es ou la limitation de leur traitement ou de s'opposer \u00e0 leur traitement, ainsi que, plus g\u00e9n\u00e9ralement, d'exercer tous les droits reconnus par les lois en vigueur. Afin d'exercer vos droits, vous pouvez toujours contacter le contr\u00f4leur des donn\u00e9es en envoyant vos demandes \u00e0 l'adresse suivante&nbsp;<a href=\"mailto:amministrazione@hoteljumbo.it\">amministrazione@hoteljumbo.it<\/a>ainsi qu'\u00e0 l'autorit\u00e9 charg\u00e9e de la protection des donn\u00e9es.<\/p>\n\n\n\n<h2 class=\"wp-block-heading\">Notre politique en mati\u00e8re de cookies<\/h2>\n\n\n\n<p>Nous utilisons des cookies sur notre site web et dans nos courriels pour vous offrir un meilleur service et une meilleure exp\u00e9rience. D\u00e9sormais, nos partenaires de confiance pourront \u00e9galement partager les informations qu'ils obtiennent et am\u00e9liorer votre exp\u00e9rience sur leurs sites web. Ce document d\u00e9crit les cat\u00e9gories de cookies que nous utilisons et partageons avec nos partenaires, leur objectif et la mani\u00e8re dont vous pouvez modifier vos pr\u00e9f\u00e9rences.<\/p>\n\n\n\n<h4 class=\"wp-block-heading\">Que sont les cookies ?<\/h4>\n\n\n\n<p>Les cookies sont de petits fichiers de donn\u00e9es stock\u00e9s par votre navigateur sur le disque dur de votre ordinateur, contenant un certain nombre d'informations \u00e9chang\u00e9es entre un site web et votre dispositif terminal. Ils sont normalement utilis\u00e9s par l'op\u00e9rateur du site web pour stocker les informations n\u00e9cessaires \u00e0 l'am\u00e9lioration de la navigation au sein du site ou pour envoyer des messages publicitaires en fonction des pr\u00e9f\u00e9rences exprim\u00e9es par l'utilisateur lors de sa navigation sur le web. Lorsque vous visitez \u00e0 nouveau le m\u00eame site ou tout autre site, votre appareil v\u00e9rifie la pr\u00e9sence d'un cookie reconnu afin de pouvoir lire les informations qu'il contient. Les diff\u00e9rents cookies contiennent des informations diff\u00e9rentes et sont utilis\u00e9s \u00e0 des fins diff\u00e9rentes (navigation efficace sur les pages d'un m\u00eame site, profilage afin d'envoyer des messages promotionnels cibl\u00e9s, analyse du nombre de visites sur le site). Plus g\u00e9n\u00e9ralement, certains cookies (appel\u00e9s cookies de session) sont attribu\u00e9s au dispositif de l'utilisateur uniquement pour la dur\u00e9e d'acc\u00e8s au site et expirent automatiquement \u00e0 la fermeture du navigateur. D'autres cookies (appel\u00e9s cookies persistants) restent sur votre appareil pendant une p\u00e9riode prolong\u00e9e. Les objectifs sp\u00e9cifiques des diff\u00e9rents types de cookies install\u00e9s sur ce site sont d\u00e9crits plus en d\u00e9tail ci-dessous. Vous pouvez d\u00e9sactiver les cookies en suivant les informations ci-dessous.<\/p>\n\n\n\n<h4 class=\"wp-block-heading\">Quels sont les cookies que nous utilisons<\/h4>\n\n\n\n<p>Les cookies que nous utilisons nous permettent de reconna\u00eetre les utilisateurs qui reviennent et leurs coordonn\u00e9es afin qu'ils n'aient pas \u00e0 saisir les m\u00eames informations \u00e0 plusieurs reprises. Ils nous permettent \u00e9galement d'analyser les sch\u00e9mas de trafic des utilisateurs qui visitent notre site web afin d'en am\u00e9liorer la convivialit\u00e9. Voici quelques-uns des types de cookies utilis\u00e9s sur notre site web :<\/p>\n\n\n\n<h5 class=\"wp-block-heading\">Cookies techniques<\/h5>\n\n\n\n<p>Nous pouvons utiliser des cookies techniques pour vous permettre de profiter des services que vous avez demand\u00e9s sur notre site web. Sans ces cookies, il ne serait pas possible de fournir les services que vous avez demand\u00e9s. Par exemple, les cookies techniques peuvent \u00eatre utilis\u00e9s pour :<\/p>\n\n\n\n<ul class=\"wp-block-list\">\n<li>permettre aux utilisateurs d'acc\u00e9der \u00e0 des zones s\u00e9curis\u00e9es de notre site web sans avoir \u00e0 se connecter en permanence.<\/li>\n\n\n\n<li>Se souvenir de toute action effectu\u00e9e par l'utilisateur (par exemple, remplir un formulaire) lorsqu'il revient \u00e0 la page pr\u00e9c\u00e9dente d'une session.<\/li>\n<\/ul>\n\n\n\n<p><em>Comment d\u00e9sactiver ce type de cookie ?<\/em>&nbsp;Les principaux navigateurs et les plus populaires acceptent tous les cookies par d\u00e9faut. Vous pouvez modifier cette option, par le biais des fonctionnalit\u00e9s de votre navigateur, en d\u00e9sactivant - comme d\u00e9crit ci-dessous - la fonction dans son ensemble ou, au moins, en demandant que, pour chaque cookie entrant, un consentement explicite vous soit demand\u00e9 lors de sa r\u00e9ception.<\/p>\n\n\n\n<h5 class=\"wp-block-heading\">Cookies analytiques<\/h5>\n\n\n\n<p>Les cookies analytiques peuvent \u00eatre utilis\u00e9s pour obtenir des informations sur l'utilisation du site web, des publicit\u00e9s et des e-mails et pour nous signaler toute erreur. En outre, ces cookies nous permettent d'obtenir des informations techniques d\u00e9taill\u00e9es telles que la derni\u00e8re page visit\u00e9e, le nombre de pages visit\u00e9es, si un courriel a \u00e9t\u00e9 ouvert, quelles parties du site web ou des courriels sont cliqu\u00e9es par les utilisateurs et le temps \u00e9coul\u00e9 entre les clics. Ces informations peuvent \u00eatre associ\u00e9es \u00e0 des d\u00e9tails de l'utilisateur tels que l'adresse IP, le domaine ou le navigateur ; toutefois, elles sont analys\u00e9es avec les informations d'autres personnes afin de ne pas identifier un utilisateur particulier \u00e0 un autre. Par exemple, ces cookies peuvent \u00eatre utilis\u00e9s sur notre site web pour :<\/p>\n\n\n\n<ul class=\"wp-block-list\">\n<li>analyser et am\u00e9liorer les performances et la conception de notre site web, de nos publicit\u00e9s et de nos courriels<\/li>\n\n\n\n<li>quantifier la r\u00e9ponse \u00e0 nos publicit\u00e9s et am\u00e9liorer leur efficacit\u00e9<\/li>\n\n\n\n<li>Calculer les erreurs survenant sur notre site web afin d'am\u00e9liorer le service et de traiter les plaintes \u00e9ventuelles.<\/li>\n<\/ul>\n\n\n\n<p>Pour obtenir des informations et d\u00e9sactiver les cookies analytiques de tiers, consultez le site web :&nbsp;<a href=\"https:\/\/www.youronlinechoices.com\/it\" target=\"_blank\" rel=\"noreferrer noopener\">www.youronlinechoices.com\/it&nbsp;<\/a><\/p>\n\n\n\n<h5 class=\"wp-block-heading\">Cookies de suivi de tiers<\/h5>\n\n\n\n<p>Des cookies de suivi tiers peuvent \u00eatre envoy\u00e9s \u00e0 votre appareil depuis les sites web de nos partenaires. Ces cookies sont utilis\u00e9s pour d\u00e9terminer quand nos partenaires redirigent un utilisateur vers notre site web et si cet utilisateur ach\u00e8te un produit ou un service. Nous pouvons partager ces informations avec nos partenaires de mani\u00e8re anonyme afin de ne pas identifier un utilisateur particulier \u00e0 un autre. En outre, ces informations sont fournies, conform\u00e9ment \u00e0 nos obligations contractuelles, \u00e0 nos partenaires pour les aider \u00e0 am\u00e9liorer l'efficacit\u00e9 de leurs sites.<\/p>\n\n\n\n<h5 class=\"wp-block-heading\">Cookies de fonctionnalit\u00e9<\/h5>\n\n\n\n<p>Ces cookies ne sont pas essentiels, mais ils vous permettent de profiter de plusieurs fonctionnalit\u00e9s utiles sur notre site web. Par exemple, ils peuvent \u00eatre utilis\u00e9s sur notre site web pour :<\/p>\n\n\n\n<ul class=\"wp-block-list\">\n<li>M\u00e9moriser les pr\u00e9f\u00e9rences s\u00e9lectionn\u00e9es par l'utilisateur lors de visites pr\u00e9c\u00e9dentes, telles que le pays\/langue, les int\u00e9r\u00eats et la pr\u00e9sentation du site web (mise en page, taille des caract\u00e8res, couleurs, etc.). De cette fa\u00e7on, l'utilisateur ne doit pas saisir \u00e0 nouveau ces informations.<\/li>\n\n\n\n<li>M\u00e9moriser les r\u00e9ponses aux questions pos\u00e9es par notre site, par exemple lors de la participation \u00e0 des enqu\u00eates de satisfaction de la client\u00e8le, afin qu'elles ne soient pas r\u00e9p\u00e9t\u00e9es \u00e0 l'utilisateur.<\/li>\n\n\n\n<li>D\u00e9terminer si un service a d\u00e9j\u00e0 \u00e9t\u00e9 propos\u00e9 \u00e0 l'utilisateur, par exemple l'offre d'une assistance en ligne en temps r\u00e9el.<\/li>\n\n\n\n<li>Fournir des informations permettant le fonctionnement de services facultatifs, par exemple regarder une vid\u00e9o en ligne ou publier un commentaire sur un blog.<\/li>\n<\/ul>\n\n\n\n<h5 class=\"wp-block-heading\">Cookies de ciblage ou promotionnels<\/h5>\n\n\n\n<p>Ces cookies peuvent \u00eatre utilis\u00e9s sur notre site web pour diffuser des publicit\u00e9s adapt\u00e9es \u00e0 vos int\u00e9r\u00eats. Les cookies de ciblage ou promotionnels nous permettent d'obtenir des informations d\u00e9taill\u00e9es sur la fa\u00e7on dont les utilisateurs naviguent sur notre site web (par exemple, quels produits ou services une personne donn\u00e9e consulte le plus). Ils nous permettent \u00e9galement de reconna\u00eetre un utilisateur qui revient sur notre site web et\/ou sur un site faisant partie du r\u00e9seau de l'un de nos partenaires promotionnels.<\/p>\n\n\n\n<h5 class=\"wp-block-heading\">Cookies de tiers<\/h5>\n\n\n\n<p>Lorsque vous utilisez notre site web, nous pouvons stocker certains cookies que nous ne contr\u00f4lons pas. C'est le cas, par exemple, si vous visitez une page qui contient du contenu provenant d'un site web tiers. En cons\u00e9quence, l'utilisateur recevra des cookies de ces services tiers. Les cookies ne contiennent aucune information personnelle, sauf si l'utilisateur est connect\u00e9 au compte. Par exemple, les cookies de tiers peuvent provenir de :<\/p>\n\n\n\n<ul class=\"wp-block-list\">\n<li>Google Analytics<\/li>\n\n\n\n<li>Gestionnaire de balises Google<\/li>\n\n\n\n<li>Google Adwords<\/li>\n\n\n\n<li>Connexion Facebook<\/li>\n\n\n\n<li>Annonces sur Facebook<\/li>\n\n\n\n<li>MagNews<\/li>\n\n\n\n<li>Youtube<\/li>\n<\/ul>\n\n\n\n<p>Pour plus d'informations sur l'utilisation des cookies par des tiers, veuillez vous r\u00e9f\u00e9rer \u00e0 la politique de confidentialit\u00e9 et de cookies des services en question.<\/p>\n\n\n\n<h4 class=\"wp-block-heading\">Consentement<\/h4>\n\n\n\n<p>Le consentement \u00e0 l'utilisation de cookies est initialement donn\u00e9 de la mani\u00e8re suivante : en fermant la banni\u00e8re, en faisant d\u00e9filer la page accueillant la banni\u00e8re ou en cliquant sur l'un de ses \u00e9l\u00e9ments. L'utilisateur peut modifier son choix \u00e0 tout moment en utilisant l'une des m\u00e9thodes d\u00e9crites dans la section \"Supprimer et\/ou bloquer les cookies\".<\/p>\n\n\n\n<h4 class=\"wp-block-heading\">Supprimer et\/ou bloquer les cookies<\/h4>\n\n\n\n<p>La plupart des navigateurs acceptent les cookies par d\u00e9faut, mais vous pouvez param\u00e9trer ou modifier les commandes de votre navigateur pour accepter tous les cookies, bloquer les cookies ou s\u00e9lectionner les cookies \u00e0 accepter en fonction de leur provenance. Vous pouvez \u00e9galement configurer votre navigateur pour qu'il accepte ou bloque les cookies individuellement avant qu'ils ne soient install\u00e9s. Vous pouvez \u00e9galement utiliser votre navigateur pour supprimer r\u00e9guli\u00e8rement les cookies stock\u00e9s sur votre appareil. Il est important de ne pas oublier de configurer tous les navigateurs install\u00e9s sur les diff\u00e9rents appareils (tablettes, smartphones, ordinateurs, etc.). En ce qui concerne la gestion des cookies et des pr\u00e9f\u00e9rences des utilisateurs, la configuration varie d'un navigateur \u00e0 l'autre. Ces param\u00e8tres sont d\u00e9crits dans le menu \"aide\" de votre navigateur, o\u00f9 vous pouvez \u00e9galement modifier vos pr\u00e9f\u00e9rences en mati\u00e8re de cookies.<\/p>\n\n\n\n<p>Par exemple :<\/p>\n\n\n\n<ul class=\"wp-block-list\">\n<li>Pour Internet Explorer :&nbsp;<a href=\"http:\/\/windows.microsoft.com\/en-US\/windows-vista\/Block-or-allow-cookies\">http:\/\/windows.microsoft.com\/en-US\/windows-vista\/Block-or-allow-cookies<\/a><\/li>\n\n\n\n<li>Pour Safari :&nbsp;<a href=\"http:\/\/www.apple.com\/legal\/privacy\/en-ww\/cookies\">http:\/\/www.apple.com\/legal\/privacy\/en-ww\/cookies<\/a><\/li>\n\n\n\n<li>Pour Chrome :&nbsp;<a href=\"http:\/\/support.google.com\/chrome\/bin\/answer.py?hl=en&amp;hlrm=en&amp;answer=95647\">http:\/\/support.google.com\/chrome\/bin\/answer.py?hl=en&amp;hlrm=en&amp;answer=95647<\/a><\/li>\n\n\n\n<li>Pour Firefox :&nbsp;<a href=\"https:\/\/support.mozilla.org\/en-US\/kb\/enable-and-disable-cookies-website-preferences\">https:\/\/support.mozilla.org\/en-US\/kb\/enable-and-disable-cookies-website-preferences<\/a><\/li>\n\n\n\n<li>Pour l'Op\u00e9ra :&nbsp;<a href=\"http:\/\/help.opera.com\/Windows\/10.20\/en\/cookies.html\">http:\/\/help.opera.com\/Windows\/10.20\/en\/cookies.html<\/a><\/li>\n<\/ul>\n\n\n\n<p>Sur&nbsp;<a href=\"https:\/\/www.allaboutcookies.org\/\" target=\"_blank\" rel=\"noreferrer noopener\">www.allaboutcookies.org<\/a>&nbsp;vous trouverez des instructions simples pour g\u00e9rer les cookies sur diff\u00e9rents types de navigateurs. La plupart des r\u00e9seaux publicitaires offrent la possibilit\u00e9 de refuser les cookies.<\/p>\n\n\n\n<p>Sur&nbsp;<a href=\"https:\/\/www.aboutads.info\/choices\/\" target=\"_blank\" rel=\"noreferrer noopener\">www.aboutads.info\/choices\/<\/a>&nbsp;e&nbsp;<a href=\"https:\/\/www.youronlinechoices.com\/\" target=\"_blank\" rel=\"noreferrer noopener\">www.youronlinechoices.com<\/a>&nbsp;vous trouverez des informations utiles sur la proc\u00e9dure \u00e0 suivre.<\/p>\n\n\n\n<h4 class=\"wp-block-heading\">Que se passe-t-il si vous d\u00e9sactivez les cookies ?<\/h4>\n\n\n\n<p>Si vous configurez votre navigateur pour bloquer les cookies, vous ne pourrez pas acc\u00e9der \u00e0 certaines fonctions, pages et sections du site web. Il se peut que vous ne puissiez pas r\u00e9tablir vos pr\u00e9f\u00e9rences ou param\u00e8tres personnalis\u00e9s pr\u00e9c\u00e9demment sp\u00e9cifi\u00e9s et notre capacit\u00e9 \u00e0 personnaliser votre exp\u00e9rience sera limit\u00e9e.<\/p>\n\n    <\/div>\n<\/div>\n<\/section>","protected":false},"excerpt":{"rendered":"","protected":false},"author":1,"featured_media":0,"parent":0,"menu_order":0,"comment_status":"closed","ping_status":"closed","template":"","meta":{"footnotes":""},"class_list":["post-1344","page","type-page","status-publish","hentry"],"_links":{"self":[{"href":"https:\/\/info.hoteljumbo.it\/fr\/wp-json\/wp\/v2\/pages\/1344","targetHints":{"allow":["GET"]}}],"collection":[{"href":"https:\/\/info.hoteljumbo.it\/fr\/wp-json\/wp\/v2\/pages"}],"about":[{"href":"https:\/\/info.hoteljumbo.it\/fr\/wp-json\/wp\/v2\/types\/page"}],"author":[{"embeddable":true,"href":"https:\/\/info.hoteljumbo.it\/fr\/wp-json\/wp\/v2\/users\/1"}],"replies":[{"embeddable":true,"href":"https:\/\/info.hoteljumbo.it\/fr\/wp-json\/wp\/v2\/comments?post=1344"}],"version-history":[{"count":7,"href":"https:\/\/info.hoteljumbo.it\/fr\/wp-json\/wp\/v2\/pages\/1344\/revisions"}],"predecessor-version":[{"id":2734,"href":"https:\/\/info.hoteljumbo.it\/fr\/wp-json\/wp\/v2\/pages\/1344\/revisions\/2734"}],"wp:attachment":[{"href":"https:\/\/info.hoteljumbo.it\/fr\/wp-json\/wp\/v2\/media?parent=1344"}],"curies":[{"name":"wp","href":"https:\/\/api.w.org\/{rel}","templated":true}]}}