{"id":2847,"date":"2025-05-12T17:24:16","date_gmt":"2025-05-12T15:24:16","guid":{"rendered":"http:\/\/info.hoteljumbo.it\/?page_id=2847"},"modified":"2025-05-23T16:48:06","modified_gmt":"2025-05-23T14:48:06","slug":"info-hotel","status":"publish","type":"page","link":"https:\/\/info.hoteljumbo.it\/fr\/info-hotel\/","title":{"rendered":"Informations sur l'h\u00f4tel"},"content":{"rendered":"<section class=\"wao-blocks-container container-fluid mb-2 g--bkg-dark-01\"\n\t\t>\n    \n<div class=\"wao-blocks-row row\" >\n    \n\n<div class=\"col-12 col-md-12\"\n     \n\t \n\t>\n        \n<div class=\"mx-auto max-w-1280px p-4 p-lg-5 text-white\">\n\n\n<h1 class=\"wp-block-heading has-text-align-center py-4 text-white\">Informazioni sui servizi<\/h1>\n\n\n\n<p class=\"has-text-align-center text-white\">Qui trovi le informazioni utili per vivere al meglio la tua vacanza nel nostro villaggio \ud83d\ude42<br>Scopri come utilizzare tutti i servizi offerti dall'hotel Jumbo.<\/p>\n\n\n\n<div class=\"wao-blocks-accordion\" id=\"accordion\" >\n        <div class=\"card text-left border-bottom g--b-c-01 border-top-0 border-right-0 border-left-0 mb-3 g--bkg-light-03\">\n        <div class=\"card-header border-0\" id=\"heading_69f5ef66ef6ad0\">\n            <h5 class=\"mb-0 mt-0\">\n                <button class=\"text-left btn btn-link font-weight-bold\" data-toggle=\"collapse\"\n                    data-target=\"#collapse_69f5ef66ef6ad0\" aria-expanded=\"false\"\n                    aria-controls=\"collapse_69f5ef66ef6ad0\" style=\"white-space: normal;\">\n                    &gt; Acc\u00e8s Wi-Fi                <\/button>\n            <\/h5>\n        <\/div>\n        <div id=\"collapse_69f5ef66ef6ad0\" class=\"collapse\" aria-labelledby=\"headingOne\" data-parent=\"#accordion\">\n            <div class=\"card-body text-info text-left\">\n                Gratuito in tutto l\u2019hotel Jumbo. Password: hotel2018<br>            <\/div>\n        <\/div>\n    <\/div>\n        <div class=\"card text-left border-bottom g--b-c-01 border-top-0 border-right-0 border-left-0 mb-3 g--bkg-light-03\">\n        <div class=\"card-header border-0\" id=\"heading_69f5ef66ef6ad1\">\n            <h5 class=\"mb-0 mt-0\">\n                <button class=\"text-left btn btn-link font-weight-bold\" data-toggle=\"collapse\"\n                    data-target=\"#collapse_69f5ef66ef6ad1\" aria-expanded=\"false\"\n                    aria-controls=\"collapse_69f5ef66ef6ad1\" style=\"white-space: normal;\">\n                    > Orari pasti: Prima fascia (Braccialetto giallo)                <\/button>\n            <\/h5>\n        <\/div>\n        <div id=\"collapse_69f5ef66ef6ad1\" class=\"collapse\" aria-labelledby=\"headingOne\" data-parent=\"#accordion\">\n            <div class=\"card-body text-info text-left\">\n                - <strong>Colazione<\/strong>:\u00a0orario ingresso 7.30 - 8.45 (orario ultimo per uscire dalla sala)<br>- <strong>Pranzo<\/strong>:\u00a0orario ingresso 12.15 - 13.15 (orario ultimo per uscire dalla sala)<br>- <strong>Cena<\/strong>:\u00a0orario ingresso 19.15 - 20.15 (orario ultimo per uscire dalla sala).            <\/div>\n        <\/div>\n    <\/div>\n        <div class=\"card text-left border-bottom g--b-c-01 border-top-0 border-right-0 border-left-0 mb-3 g--bkg-light-03\">\n        <div class=\"card-header border-0\" id=\"heading_69f5ef66ef6ad2\">\n            <h5 class=\"mb-0 mt-0\">\n                <button class=\"text-left btn btn-link font-weight-bold\" data-toggle=\"collapse\"\n                    data-target=\"#collapse_69f5ef66ef6ad2\" aria-expanded=\"false\"\n                    aria-controls=\"collapse_69f5ef66ef6ad2\" style=\"white-space: normal;\">\n                    > Orari pasti: Seconda fascia (Braccialetto rosso)                <\/button>\n            <\/h5>\n        <\/div>\n        <div id=\"collapse_69f5ef66ef6ad2\" class=\"collapse\" aria-labelledby=\"headingOne\" data-parent=\"#accordion\">\n            <div class=\"card-body text-info text-left\">\n                -<strong> Colazione<\/strong>: ingresso dopo le ore 9.00, chiusura porta della sala ore 10.00, chiusura buffet ore 10.15<br>- <strong>Pranzo<\/strong>:\u00a0ingresso dopo le ore 13.30, chiusura porta della sala ore 14.00, chiusura\u00a0buffet ore 14.15<br>-<strong> Cena<\/strong>:\u00a0ingresso dopo le ore 20.30, chiusura porta della sala ore 21.00, chiusura\u00a0buffet ore 21.15.            <\/div>\n        <\/div>\n    <\/div>\n        <div class=\"card text-left border-bottom g--b-c-01 border-top-0 border-right-0 border-left-0 mb-3 g--bkg-light-03\">\n        <div class=\"card-header border-0\" id=\"heading_69f5ef66ef6ad3\">\n            <h5 class=\"mb-0 mt-0\">\n                <button class=\"text-left btn btn-link font-weight-bold\" data-toggle=\"collapse\"\n                    data-target=\"#collapse_69f5ef66ef6ad3\" aria-expanded=\"false\"\n                    aria-controls=\"collapse_69f5ef66ef6ad3\" style=\"white-space: normal;\">\n                    > Ristorante                <\/button>\n            <\/h5>\n        <\/div>\n        <div id=\"collapse_69f5ef66ef6ad3\" class=\"collapse\" aria-labelledby=\"headingOne\" data-parent=\"#accordion\">\n            <div class=\"card-body text-info text-left\">\n                Ti ricordiamo che<strong> la Pensione Completa inizia con il pranzo del giorno di arrivo<\/strong> e termina con la colazione del giorno di partenza.<br>I pasti non goduti (compreso il pranzo del primo giorno in caso di arrivi pomeridiani) non verranno detratti dal conto finale. <br>Ti ricordiamo la possibilit\u00e0 di <strong>pranzi al sacco<\/strong> e\/o <strong>pranzi in spiaggia<\/strong>. Chiedi informazioni in reception.<br><br>Il costo di eventuali pasti extra:<br>- 25 \u20ac a persona per gli adulti, <br>- 20 \u20ac per fascia di et\u00e0 dai 5 ai 15 anni <br>- 15 \u20ac per i bambini dai 2 ai 4 anni.            <\/div>\n        <\/div>\n    <\/div>\n        <div class=\"card text-left border-bottom g--b-c-01 border-top-0 border-right-0 border-left-0 mb-3 g--bkg-light-03\">\n        <div class=\"card-header border-0\" id=\"heading_69f5ef66ef6ad4\">\n            <h5 class=\"mb-0 mt-0\">\n                <button class=\"text-left btn btn-link font-weight-bold\" data-toggle=\"collapse\"\n                    data-target=\"#collapse_69f5ef66ef6ad4\" aria-expanded=\"false\"\n                    aria-controls=\"collapse_69f5ef66ef6ad4\" style=\"white-space: normal;\">\n                    > Orari piscina                <\/button>\n            <\/h5>\n        <\/div>\n        <div id=\"collapse_69f5ef66ef6ad4\" class=\"collapse\" aria-labelledby=\"headingOne\" data-parent=\"#accordion\">\n            <div class=\"card-body text-info text-left\">\n                La piscina \u00e8 <strong>aperta dalle 09.00 alle 19.00<\/strong>, con una pausa pranzo del personale di salvataggio dalle 13.00 alle 14.00. <br>Per motivi di sicurezza, \u00e8 vietato l\u2019ingresso fuori dall\u2019orario consentito.            <\/div>\n        <\/div>\n    <\/div>\n        <div class=\"card text-left border-bottom g--b-c-01 border-top-0 border-right-0 border-left-0 mb-3 g--bkg-light-03\">\n        <div class=\"card-header border-0\" id=\"heading_69f5ef66ef6ad5\">\n            <h5 class=\"mb-0 mt-0\">\n                <button class=\"text-left btn btn-link font-weight-bold\" data-toggle=\"collapse\"\n                    data-target=\"#collapse_69f5ef66ef6ad5\" aria-expanded=\"false\"\n                    aria-controls=\"collapse_69f5ef66ef6ad5\" style=\"white-space: normal;\">\n                    > Mini piscine idromassaggio esterne                <\/button>\n            <\/h5>\n        <\/div>\n        <div id=\"collapse_69f5ef66ef6ad5\" class=\"collapse\" aria-labelledby=\"headingOne\" data-parent=\"#accordion\">\n            <div class=\"card-body text-info text-left\">\n                Gettone 5 \u20ac con cicli da 15 minuti per mini piscine utilizzabili fino a 5 persone contemporaneamente.            <\/div>\n        <\/div>\n    <\/div>\n        <div class=\"card text-left border-bottom g--b-c-01 border-top-0 border-right-0 border-left-0 mb-3 g--bkg-light-03\">\n        <div class=\"card-header border-0\" id=\"heading_69f5ef66ef6ad6\">\n            <h5 class=\"mb-0 mt-0\">\n                <button class=\"text-left btn btn-link font-weight-bold\" data-toggle=\"collapse\"\n                    data-target=\"#collapse_69f5ef66ef6ad6\" aria-expanded=\"false\"\n                    aria-controls=\"collapse_69f5ef66ef6ad6\" style=\"white-space: normal;\">\n                    &gt; Parking                <\/button>\n            <\/h5>\n        <\/div>\n        <div id=\"collapse_69f5ef66ef6ad6\" class=\"collapse\" aria-labelledby=\"headingOne\" data-parent=\"#accordion\">\n            <div class=\"card-body text-info text-left\">\n                Le site <strong>parcheggio compreso nella formula All Inclusive<\/strong> si trova a <strong>2 km<\/strong> di distanza, servito da<strong> navetta gratuita H24<\/strong>. <br>Il parcheggio \u00e8 recintato, videosorvegliato e assicurato.<br>Disponiamo inoltre di altri parcheggi a pagamento nelle vicinanze dell\u2019hotel.<br>Tutti i parcheggi sono accessibili dalle ore 12.00 del giorno di arrivo e vanno liberati entro le ore 10.00 del giorno di partenza.<br><br>Altre opzioni di parcheggio disponibili, non comprese nella formula All Inclusive: <br>- Parcheggio Jumbo Parking: adiacente alla struttura, recintato e videosorvegliato, solo su prenotazione fino ad esaurimento posti, al costo di 9 \u20ac al giorno.<br>- Posto auto nel Parcheggio Via Nervi: situato lateralmente alla struttura, sempre solo su prenotazione e fino ad esaurimento posti, al costo di 12 \u20ac al giorno.            <\/div>\n        <\/div>\n    <\/div>\n        <div class=\"card text-left border-bottom g--b-c-01 border-top-0 border-right-0 border-left-0 mb-3 g--bkg-light-03\">\n        <div class=\"card-header border-0\" id=\"heading_69f5ef66ef6ad7\">\n            <h5 class=\"mb-0 mt-0\">\n                <button class=\"text-left btn btn-link font-weight-bold\" data-toggle=\"collapse\"\n                    data-target=\"#collapse_69f5ef66ef6ad7\" aria-expanded=\"false\"\n                    aria-controls=\"collapse_69f5ef66ef6ad7\" style=\"white-space: normal;\">\n                    > Consumazioni extra al bar e in piscina                <\/button>\n            <\/h5>\n        <\/div>\n        <div id=\"collapse_69f5ef66ef6ad7\" class=\"collapse\" aria-labelledby=\"headingOne\" data-parent=\"#accordion\">\n            <div class=\"card-body text-info text-left\">\n                Non sono accettati pagamenti per le consumazioni effettuate ai bar e in piscina. Per poter consumare \u00e8 obbligatorio mostrare la tessera consegnata al check-in.            <\/div>\n        <\/div>\n    <\/div>\n        <div class=\"card text-left border-bottom g--b-c-01 border-top-0 border-right-0 border-left-0 mb-3 g--bkg-light-03\">\n        <div class=\"card-header border-0\" id=\"heading_69f5ef66ef6ad8\">\n            <h5 class=\"mb-0 mt-0\">\n                <button class=\"text-left btn btn-link font-weight-bold\" data-toggle=\"collapse\"\n                    data-target=\"#collapse_69f5ef66ef6ad8\" aria-expanded=\"false\"\n                    aria-controls=\"collapse_69f5ef66ef6ad8\" style=\"white-space: normal;\">\n                    > Servizi aggiuntivi a pagamento                <\/button>\n            <\/h5>\n        <\/div>\n        <div id=\"collapse_69f5ef66ef6ad8\" class=\"collapse\" aria-labelledby=\"headingOne\" data-parent=\"#accordion\">\n            <div class=\"card-body text-info text-left\">\n                Di seguito alcuni servizi\u00a0a pagamento\u00a0che\u00a0potrai avere per una vacanza ancora pi\u00f9 comoda, completa e rilassante:<br><br><strong>In spiaggia<\/strong>\u00a0(da saldare direttamente al bagnino):<br>\u2022 Ombrellone nelle prime due file<br>\u2022 Suite in riva al mare<br>\u2022 Ombrellone anche il giorno della partenza<br>\u2022 Area dog.<br><br><strong>In hotel:<\/strong><br>\u2022 Frigobar in camera: 5 \u20ac al giorno<br>\u2022 Pasti extra, in caso di formule diverse dalla pensione completa<br>\u2022 Parcheggio auto se non compreso nella formula All Inclusive<br>\u2022 Biglietti di ingresso per tutti i parchi tematici della riviera a prezzi scontati e con innumerevoli vantaggi<br>\u2022 Consumazioni al bar interno e al chiosco in piscina (anche nel caso della formula All Inclusive)<br>\u2022 Vasche idromassaggio in piscina (gettone 5 \u20ac per cicli da 15 minuti per un massimo di 5 persone contemporaneamente).            <\/div>\n        <\/div>\n    <\/div>\n        <div class=\"card text-left border-bottom g--b-c-01 border-top-0 border-right-0 border-left-0 mb-3 g--bkg-light-03\">\n        <div class=\"card-header border-0\" id=\"heading_69f5ef66ef6ad9\">\n            <h5 class=\"mb-0 mt-0\">\n                <button class=\"text-left btn btn-link font-weight-bold\" data-toggle=\"collapse\"\n                    data-target=\"#collapse_69f5ef66ef6ad9\" aria-expanded=\"false\"\n                    aria-controls=\"collapse_69f5ef66ef6ad9\" style=\"white-space: normal;\">\n                    > In camera, cosa devi sapere:                <\/button>\n            <\/h5>\n        <\/div>\n        <div id=\"collapse_69f5ef66ef6ad9\" class=\"collapse\" aria-labelledby=\"headingOne\" data-parent=\"#accordion\">\n            <div class=\"card-body text-info text-left\">\n                Per chiamare la Reception da una delle camere dell'hotel Jumbo, digitare 9.<br>Per comunicare con altre stanze: digitare il numero della stanza.<br>Se soggiorni all'hotel Abay per comunicare con la reception del Jumbo chiama il numero 0541 370619.<br><br><strong>Oggetti di valore:<\/strong><br>Cassaforte disponibile gratuitamente in camera, da lasciare aperta alla partenza. La direzione non risponde di valori od oggetti lasciati incustoditi.<br><br><strong>Televisione:<\/strong><br>Nelle ore pomeridiane e notturne si consiglia di moderare il volume.<br>\u00a0<br><strong>Asciugamani:<\/strong><br>Verranno cambiati solo gli asciugamani lasciati a terra o nella doccia, Vi ringraziamo per una scelta responsabile che evita inutili sprechi.<br><br><strong>Condizionatore:<\/strong><br>Si raccomanda di non lasciare il condizionatore acceso con la finestra aperta per evitare inutili sprechi e spiacevoli episodi di condensa in camera.            <\/div>\n        <\/div>\n    <\/div>\n        <div class=\"card text-left border-bottom g--b-c-01 border-top-0 border-right-0 border-left-0 mb-3 g--bkg-light-03\">\n        <div class=\"card-header border-0\" id=\"heading_69f5ef66ef6ad10\">\n            <h5 class=\"mb-0 mt-0\">\n                <button class=\"text-left btn btn-link font-weight-bold\" data-toggle=\"collapse\"\n                    data-target=\"#collapse_69f5ef66ef6ad10\" aria-expanded=\"false\"\n                    aria-controls=\"collapse_69f5ef66ef6ad10\" style=\"white-space: normal;\">\n                    > Eldorado - la nostra SPA                <\/button>\n            <\/h5>\n        <\/div>\n        <div id=\"collapse_69f5ef66ef6ad10\" class=\"collapse\" aria-labelledby=\"headingOne\" data-parent=\"#accordion\">\n            <div class=\"card-body text-info text-left\">\n                Una piccola oasi di relax per vivere momenti indimenticabili e purificare mente e corpo.<br>Puoi prenotare uno dei nostri percorsi benessere con:<br>- Bain turc avec chromoth\u00e9rapie<br>- Douches de chromoth\u00e9rapie\/aromath\u00e9rapie<br>- Vasca idromassaggio cromoterapica.<br>Scopri i dettagli nella pagina dedicata.            <\/div>\n        <\/div>\n    <\/div>\n        <div class=\"card text-left border-bottom g--b-c-01 border-top-0 border-right-0 border-left-0 mb-3 g--bkg-light-03\">\n        <div class=\"card-header border-0\" id=\"heading_69f5ef66ef6ad11\">\n            <h5 class=\"mb-0 mt-0\">\n                <button class=\"text-left btn btn-link font-weight-bold\" data-toggle=\"collapse\"\n                    data-target=\"#collapse_69f5ef66ef6ad11\" aria-expanded=\"false\"\n                    aria-controls=\"collapse_69f5ef66ef6ad11\" style=\"white-space: normal;\">\n                    > Bagni convenzionati                <\/button>\n            <\/h5>\n        <\/div>\n        <div id=\"collapse_69f5ef66ef6ad11\" class=\"collapse\" aria-labelledby=\"headingOne\" data-parent=\"#accordion\">\n            <div class=\"card-body text-info text-left\">\n                I bagni convenzionati appartengono tutti alla Bradipo Beach e si trovano proprio di fronte all\u2019hotel. Per raggiungere la spiaggia dovrete solo attraversare la strada e mostrare al bagno scelto il voucher consegnatovi in fase di check-in.<br>Leggi i dettagli nella pagina dedicata.            <\/div>\n        <\/div>\n    <\/div>\n        <div class=\"card text-left border-bottom g--b-c-01 border-top-0 border-right-0 border-left-0 mb-3 g--bkg-light-03\">\n        <div class=\"card-header border-0\" id=\"heading_69f5ef66ef6ad12\">\n            <h5 class=\"mb-0 mt-0\">\n                <button class=\"text-left btn btn-link font-weight-bold\" data-toggle=\"collapse\"\n                    data-target=\"#collapse_69f5ef66ef6ad12\" aria-expanded=\"false\"\n                    aria-controls=\"collapse_69f5ef66ef6ad12\" style=\"white-space: normal;\">\n                    > Animazione                <\/button>\n            <\/h5>\n        <\/div>\n        <div id=\"collapse_69f5ef66ef6ad12\" class=\"collapse\" aria-labelledby=\"headingOne\" data-parent=\"#accordion\">\n            <div class=\"card-body text-info text-left\">\n                Animazione presente tutti i giorni in hotel e in spiaggia. Controlla sempre la bacheca animazione.            <\/div>\n        <\/div>\n    <\/div>\n        <div class=\"card text-left border-bottom g--b-c-01 border-top-0 border-right-0 border-left-0 mb-3 g--bkg-light-03\">\n        <div class=\"card-header border-0\" id=\"heading_69f5ef66ef6ad13\">\n            <h5 class=\"mb-0 mt-0\">\n                <button class=\"text-left btn btn-link font-weight-bold\" data-toggle=\"collapse\"\n                    data-target=\"#collapse_69f5ef66ef6ad13\" aria-expanded=\"false\"\n                    aria-controls=\"collapse_69f5ef66ef6ad13\" style=\"white-space: normal;\">\n                    > Biciclette                <\/button>\n            <\/h5>\n        <\/div>\n        <div id=\"collapse_69f5ef66ef6ad13\" class=\"collapse\" aria-labelledby=\"headingOne\" data-parent=\"#accordion\">\n            <div class=\"card-body text-info text-left\">\n                Disponibili gratuitamente, chiedere regolamento in reception.<br><br>Se soggiorni all'hotel Abay avrai a disposizione una bicicletta ad uso riservato per i tuoi spostamenti tra gli hotel.            <\/div>\n        <\/div>\n    <\/div>\n        <div class=\"card text-left border-bottom g--b-c-01 border-top-0 border-right-0 border-left-0 mb-3 g--bkg-light-03\">\n        <div class=\"card-header border-0\" id=\"heading_69f5ef66ef6ad14\">\n            <h5 class=\"mb-0 mt-0\">\n                <button class=\"text-left btn btn-link font-weight-bold\" data-toggle=\"collapse\"\n                    data-target=\"#collapse_69f5ef66ef6ad14\" aria-expanded=\"false\"\n                    aria-controls=\"collapse_69f5ef66ef6ad14\" style=\"white-space: normal;\">\n                    > Beach Village di Riccione                <\/button>\n            <\/h5>\n        <\/div>\n        <div id=\"collapse_69f5ef66ef6ad14\" class=\"collapse\" aria-labelledby=\"headingOne\" data-parent=\"#accordion\">\n            <div class=\"card-body text-info text-left\">\n                Ingresso illimitato agli scivoli per clienti in formula All Inclusive.<br><strong>Come raggiugerlo<\/strong>: Bus numero 11, fermata 38.<br><br>Al Beach Village Riccione puoi trascorrere una giornata all'insegna del divertimento con piscine, scivoli d'acqua adatti a tutte le et\u00e0, corsi di acquagym, animazione per adulti e bambini, miniclub, campi sportivi, area relax e accesso diretto alla spiaggia. \u00c8 perfetto per famiglie, gruppi di amici o coppie in cerca di svago e relax sul mare. Include anche ristorazione e servizi dedicati.            <\/div>\n        <\/div>\n    <\/div>\n        <div class=\"card text-left border-bottom g--b-c-01 border-top-0 border-right-0 border-left-0 mb-3 g--bkg-light-03\">\n        <div class=\"card-header border-0\" id=\"heading_69f5ef66ef6ad15\">\n            <h5 class=\"mb-0 mt-0\">\n                <button class=\"text-left btn btn-link font-weight-bold\" data-toggle=\"collapse\"\n                    data-target=\"#collapse_69f5ef66ef6ad15\" aria-expanded=\"false\"\n                    aria-controls=\"collapse_69f5ef66ef6ad15\" style=\"white-space: normal;\">\n                    > Mercato, i giorni e i luoghi                <\/button>\n            <\/h5>\n        <\/div>\n        <div id=\"collapse_69f5ef66ef6ad15\" class=\"collapse\" aria-labelledby=\"headingOne\" data-parent=\"#accordion\">\n            <div class=\"card-body text-info text-left\">\n                - Marted\u00ec mattina a Miramare, via Oliveti<br>- Mercoled\u00ec e sabato mattina: Rimini Centro<br>- Gioved\u00ec mattina, Bellariva, lungomare<br>- Venerd\u00ec mattina, Riccione.            <\/div>\n        <\/div>\n    <\/div>\n        <div class=\"card text-left border-bottom g--b-c-01 border-top-0 border-right-0 border-left-0 mb-3 g--bkg-light-03\">\n        <div class=\"card-header border-0\" id=\"heading_69f5ef66ef6ad16\">\n            <h5 class=\"mb-0 mt-0\">\n                <button class=\"text-left btn btn-link font-weight-bold\" data-toggle=\"collapse\"\n                    data-target=\"#collapse_69f5ef66ef6ad16\" aria-expanded=\"false\"\n                    aria-controls=\"collapse_69f5ef66ef6ad16\" style=\"white-space: normal;\">\n                    > Partenza e Saldo                <\/button>\n            <\/h5>\n        <\/div>\n        <div id=\"collapse_69f5ef66ef6ad16\" class=\"collapse\" aria-labelledby=\"headingOne\" data-parent=\"#accordion\">\n            <div class=\"card-body text-info text-left\">\n                Le camere devono essere liberate <strong>entro e non oltre le ore 10.00<\/strong>. Riconsegnare le chiavi e tessere in reception.<br><br><strong>Saldo del conto:<\/strong><br>Il saldo del conto deve avvenire entro la sera prima della partenza per pagamenti in contanti, carta di credito o bancomat. Il saldo del conto tramite bonifico bancario deve avvenire entro la sera del giorno di arrivo. In ogni caso non verranno accettati pagamenti tramite bonifico oltre i tre giorni lavorativi prima della partenza. <br>Sconsigliamo di provvedere al saldo la mattina stessa della partenza per evitare lunghe attese.            <\/div>\n        <\/div>\n    <\/div>\n        <div class=\"card text-left border-bottom g--b-c-01 border-top-0 border-right-0 border-left-0 mb-3 g--bkg-light-03\">\n        <div class=\"card-header border-0\" id=\"heading_69f5ef66ef6ad17\">\n            <h5 class=\"mb-0 mt-0\">\n                <button class=\"text-left btn btn-link font-weight-bold\" data-toggle=\"collapse\"\n                    data-target=\"#collapse_69f5ef66ef6ad17\" aria-expanded=\"false\"\n                    aria-controls=\"collapse_69f5ef66ef6ad17\" style=\"white-space: normal;\">\n                    > Tassa di soggiorno:                <\/button>\n            <\/h5>\n        <\/div>\n        <div id=\"collapse_69f5ef66ef6ad17\" class=\"collapse\" aria-labelledby=\"headingOne\" data-parent=\"#accordion\">\n            <div class=\"card-body text-info text-left\">\n                I prezzi non comprendono la tassa di soggiorno che ammonta a 2,50 \u20ac al giorno a persona (maggiore di 14 anni), applicata fino ad un massimo di 7 pernottamenti consecutivi.<br>Da pagare in contanti direttamente in Hotel.            <\/div>\n        <\/div>\n    <\/div>\n        <div class=\"card text-left border-bottom g--b-c-01 border-top-0 border-right-0 border-left-0 mb-3 g--bkg-light-03\">\n        <div class=\"card-header border-0\" id=\"heading_69f5ef66ef6ad18\">\n            <h5 class=\"mb-0 mt-0\">\n                <button class=\"text-left btn btn-link font-weight-bold\" data-toggle=\"collapse\"\n                    data-target=\"#collapse_69f5ef66ef6ad18\" aria-expanded=\"false\"\n                    aria-controls=\"collapse_69f5ef66ef6ad18\" style=\"white-space: normal;\">\n                    > Legge fumo                <\/button>\n            <\/h5>\n        <\/div>\n        <div id=\"collapse_69f5ef66ef6ad18\" class=\"collapse\" aria-labelledby=\"headingOne\" data-parent=\"#accordion\">\n            <div class=\"card-body text-info text-left\">\n                \u00c8 assolutamente vietato fumare in tutto l\u2019hotel.<br>Sanzioni da \u20ac 27,50 \u20ac a 275 \u20ac.            <\/div>\n        <\/div>\n    <\/div>\n    <\/div>\n\n<\/div>\n    <\/div>\n<\/div>\n<\/section>","protected":false},"excerpt":{"rendered":"","protected":false},"author":1,"featured_media":0,"parent":0,"menu_order":0,"comment_status":"closed","ping_status":"closed","template":"template-landing.php","meta":{"footnotes":""},"class_list":["post-2847","page","type-page","status-publish","hentry"],"_links":{"self":[{"href":"https:\/\/info.hoteljumbo.it\/fr\/wp-json\/wp\/v2\/pages\/2847","targetHints":{"allow":["GET"]}}],"collection":[{"href":"https:\/\/info.hoteljumbo.it\/fr\/wp-json\/wp\/v2\/pages"}],"about":[{"href":"https:\/\/info.hoteljumbo.it\/fr\/wp-json\/wp\/v2\/types\/page"}],"author":[{"embeddable":true,"href":"https:\/\/info.hoteljumbo.it\/fr\/wp-json\/wp\/v2\/users\/1"}],"replies":[{"embeddable":true,"href":"https:\/\/info.hoteljumbo.it\/fr\/wp-json\/wp\/v2\/comments?post=2847"}],"version-history":[{"count":18,"href":"https:\/\/info.hoteljumbo.it\/fr\/wp-json\/wp\/v2\/pages\/2847\/revisions"}],"predecessor-version":[{"id":3136,"href":"https:\/\/info.hoteljumbo.it\/fr\/wp-json\/wp\/v2\/pages\/2847\/revisions\/3136"}],"wp:attachment":[{"href":"https:\/\/info.hoteljumbo.it\/fr\/wp-json\/wp\/v2\/media?parent=2847"}],"curies":[{"name":"wp","href":"https:\/\/api.w.org\/{rel}","templated":true}]}}