{"id":2896,"date":"2025-05-13T10:55:26","date_gmt":"2025-05-13T08:55:26","guid":{"rendered":"http:\/\/info.hoteljumbo.it\/staging\/?page_id=2896"},"modified":"2025-05-23T16:19:42","modified_gmt":"2025-05-23T14:19:42","slug":"parchi-divertimento","status":"publish","type":"page","link":"https:\/\/info.hoteljumbo.it\/fr\/parchi-divertimento\/","title":{"rendered":"Parcs d'attractions"},"content":{"rendered":"<section class=\"wao-blocks-container container-fluid mb-2 g--bkg-dark-01\"\n\t\t>\n    \n<div class=\"wao-blocks-row row\" >\n    \n\n<div class=\"col-12 col-md-12\"\n     \n\t \n\t>\n        \n<div class=\"mx-auto max-w-1280px p-4 p-lg-5  text-white\">\n\n\n<h1 class=\"wp-block-heading has-text-align-center py-4 text-white\">Parcs d'attractions<\/h1>\n\n\n\n<p class=\"has-text-align-center text-white\">Vous trouverez sur cette page les informations n\u00e9cessaires \u00e0 l'organisation de votre journ\u00e9e dans les parcs d'attractions, telles que les horaires d'ouverture et les types d'attractions disponibles.<\/p>\n\n\n\n<p class=\"has-text-align-center\">Rappelez-vous : <strong>vous pouvez acheter votre billet directement \u00e0 l'h\u00f4tel \u00e0 des prix avantageux<\/strong>. <br>D\u00e9couvrez \u00e9galement le tout nouveau service de navette vers Mirabilandia !<\/p>\n\n\n\n<div class=\"wao-blocks-accordion\" id=\"accordion\" >\n        <div class=\"card text-left border-bottom g--b-c-01 border-top-0 border-right-0 border-left-0 mb-3 g--bkg-light-03\">\n        <div class=\"card-header border-0\" id=\"heading_69f5f6fa82c8e0\">\n            <h5 class=\"mb-0 mt-0\">\n                <button class=\"text-left btn btn-link font-weight-bold\" data-toggle=\"collapse\"\n                    data-target=\"#collapse_69f5f6fa82c8e0\" aria-expanded=\"false\"\n                    aria-controls=\"collapse_69f5f6fa82c8e0\" style=\"white-space: normal;\">\n                    &gt; Nouveau : Navette pour Mirabilandia                <\/button>\n            <\/h5>\n        <\/div>\n        <div id=\"collapse_69f5f6fa82c8e0\" class=\"collapse\" aria-labelledby=\"headingOne\" data-parent=\"#accordion\">\n            <div class=\"card-body text-info text-left\">\n                De\u00a0<strong>20 juin<\/strong>lancement d'un nouveau service\u00a0<strong>navette<\/strong>:<br>- D\u00e9part \u00e0 9 heures de Jumbo<br>- Retour \u00e0 18 heures de Mirabilandia.<br>Le service de navette est <strong>tous les vendredis<\/strong>tout au long de l'\u00e9t\u00e9 !<br>Il est activ\u00e9 lorsqu'un nombre minimum est atteint.            <\/div>\n        <\/div>\n    <\/div>\n        <div class=\"card text-left border-bottom g--b-c-01 border-top-0 border-right-0 border-left-0 mb-3 g--bkg-light-03\">\n        <div class=\"card-header border-0\" id=\"heading_69f5f6fa82c8e1\">\n            <h5 class=\"mb-0 mt-0\">\n                <button class=\"text-left btn btn-link font-weight-bold\" data-toggle=\"collapse\"\n                    data-target=\"#collapse_69f5f6fa82c8e1\" aria-expanded=\"false\"\n                    aria-controls=\"collapse_69f5f6fa82c8e1\" style=\"white-space: normal;\">\n                    &gt; Mirabilandia - Ravenne (47 km de l'h\u00f4tel)                <\/button>\n            <\/h5>\n        <\/div>\n        <div id=\"collapse_69f5f6fa82c8e1\" class=\"collapse\" aria-labelledby=\"headingOne\" data-parent=\"#accordion\">\n            <div class=\"card-body text-info text-left\">\n                Des \u00e9motions sans fin au milieu de montagnes russes et de spectacles \u00e0 couper le souffle.<br>Mirabilandia est l'un des plus grands parcs d'attractions d'Italie, avec des attractions pour tous les \u00e2ges : des montagnes russes \u00e0 couper le souffle, comme iSpeed et Katun, aux zones \u00e0 th\u00e8me pour les enfants, comme Bimbopoli. \u00c0 c\u00f4t\u00e9 du parc se trouve \u00e9galement MiraBeach, un grand espace aquatique de style carib\u00e9en, id\u00e9al pour se d\u00e9tendre ou s'amuser entre les toboggans et les piscines. Id\u00e9al pour une journ\u00e9e compl\u00e8te d'adr\u00e9naline et de d\u00e9tente !<br><br><strong><strong>HEURES D'OUVERTURE<\/strong><\/strong><br>Du 30 mai au 14 septembre, le parc <strong>ouvre tous les jours \u00e0 10h30.<\/strong>.<br>L'<strong>changement d'heure de fermeture<\/strong> en fonction du jour et du mois. Les samedis et dimanches, les fermetures ont souvent lieu le soir \u00e0 22h00 ou 23h00. <br>L'heure de fermeture en milieu de semaine est fix\u00e9e \u00e0 18h30 jusqu'\u00e0 la fin du mois de juin et \u00e0 22h en juillet.<br><a href=\"http:\/\/info.hoteljumbo.it\/wp-content\/uploads\/2025\/05\/calendario-apertura-Mirabilandia2025.pdf\" target=\"_blank\" rel=\"noreferrer noopener nofollow\">Voir ici le d\u00e9tail avec l'horaire de MiraBeach \u00e9galement<\/a>.<br><br>L'entr\u00e9e est gratuite pour les enfants mesurant jusqu'\u00e0 100 cm.<br><br><strong>Nouvelles 2025 : Nickelodeon Land<\/strong><br>Un nouvel espace d\u00e9di\u00e9 aux personnages de Nickelodeon : Bob l'\u00e9ponge, PAW Patrol, Dora, Tortues Ninja.            <\/div>\n        <\/div>\n    <\/div>\n        <div class=\"card text-left border-bottom g--b-c-01 border-top-0 border-right-0 border-left-0 mb-3 g--bkg-light-03\">\n        <div class=\"card-header border-0\" id=\"heading_69f5f6fa82c8e2\">\n            <h5 class=\"mb-0 mt-0\">\n                <button class=\"text-left btn btn-link font-weight-bold\" data-toggle=\"collapse\"\n                    data-target=\"#collapse_69f5f6fa82c8e2\" aria-expanded=\"false\"\n                    aria-controls=\"collapse_69f5f6fa82c8e2\" style=\"white-space: normal;\">\n                    &gt; Fiabilandia - Rimini (1 km de l'h\u00f4tel)                <\/button>\n            <\/h5>\n        <\/div>\n        <div id=\"collapse_69f5f6fa82c8e2\" class=\"collapse\" aria-labelledby=\"headingOne\" data-parent=\"#accordion\">\n            <div class=\"card-body text-info text-left\">\n                Le monde des contes de f\u00e9es prend vie au milieu des attractions et de la magie, et convient \u00e9galement aux enfants.<br>Fiabilandia est le parc id\u00e9al pour toute la famille : vous y trouverez des petits trains tranquilles, la brucomela, la baie de Peter Pan, mais vous pourrez aussi vivre des sensations fortes gr\u00e2ce aux petites montagnes russes ou aux man\u00e8ges \u00e0 billes. N'oubliez pas votre maillot de bain pour vous amuser dans les zones aquatiques telles que Palm Beach et Maui Island !<br><br><strong><strong>HEURES D'OUVERTURE<\/strong><\/strong><br>- <strong>29 au 31 mai<\/strong>ouvert de 10 heures \u00e0 17 heures<br>- <strong>Juin<\/strong>ouvert de 10 heures \u00e0 18 heures<br>- <strong>Juillet<\/strong>ouvert de 10 heures \u00e0 18 heures<br>-<strong> Ao\u00fbt<\/strong>Ouvert de 10 h \u00e0 19 h, ouvertures sp\u00e9ciales tous les lundis et jeudis de 10 h \u00e0 23 h.<br>- <strong>Septembre<\/strong>ouvert de 10 heures \u00e0 18 heures<br><br>L'entr\u00e9e est gratuite pour les enfants mesurant jusqu'\u00e0 90 cm.            <\/div>\n        <\/div>\n    <\/div>\n        <div class=\"card text-left border-bottom g--b-c-01 border-top-0 border-right-0 border-left-0 mb-3 g--bkg-light-03\">\n        <div class=\"card-header border-0\" id=\"heading_69f5f6fa82c8e3\">\n            <h5 class=\"mb-0 mt-0\">\n                <button class=\"text-left btn btn-link font-weight-bold\" data-toggle=\"collapse\"\n                    data-target=\"#collapse_69f5f6fa82c8e3\" aria-expanded=\"false\"\n                    aria-controls=\"collapse_69f5f6fa82c8e3\" style=\"white-space: normal;\">\n                    &gt; Italie en miniature Rimini - 10 km de l'h\u00f4tel                <\/button>\n            <\/h5>\n        <\/div>\n        <div id=\"collapse_69f5f6fa82c8e3\" class=\"collapse\" aria-labelledby=\"headingOne\" data-parent=\"#accordion\">\n            <div class=\"card-body text-info text-left\">\n                D\u00e9couvrez l'Italie en une journ\u00e9e, avec la culture, l'amusement et des miniatures parfaites ! Avec des attractions pour tous les \u00e2ges.<br>Outre l'Italie en miniature, vous pouvez \u00e9galement poursuivre votre voyage dans l'Europe en miniature, ou vous promener en gondole sur le Grand Canal de Venise, reconstitu\u00e9 \u00e0 l'int\u00e9rieur m\u00eame du parc.<br>Le plaisir se poursuit avec les attractions, le monorail qui traverse tout le parc et les batailles de canons \u00e0 eau sous les murs du ch\u00e2teau.<br><br><strong><strong>HEURES D'OUVERTURE<\/strong><\/strong><br>- <strong>Juin \u00e0 septembre<\/strong>ouvert de 10 heures \u00e0 18 heures<br>- <strong>Soir\u00e9es sp\u00e9ciales<\/strong>\u00e0 partir du mercredi 16 juillet et tous les mercredis de la fin juillet et du mois d'ao\u00fbt, fermeture \u00e0 23h00.<br><br>L'entr\u00e9e est gratuite pour les enfants mesurant jusqu'\u00e0 100 cm.            <\/div>\n        <\/div>\n    <\/div>\n        <div class=\"card text-left border-bottom g--b-c-01 border-top-0 border-right-0 border-left-0 mb-3 g--bkg-light-03\">\n        <div class=\"card-header border-0\" id=\"heading_69f5f6fa82c8e4\">\n            <h5 class=\"mb-0 mt-0\">\n                <button class=\"text-left btn btn-link font-weight-bold\" data-toggle=\"collapse\"\n                    data-target=\"#collapse_69f5f6fa82c8e4\" aria-expanded=\"false\"\n                    aria-controls=\"collapse_69f5f6fa82c8e4\" style=\"white-space: normal;\">\n                    &gt; Aquafan - Riccione (8 km de l'h\u00f4tel)                <\/button>\n            <\/h5>\n        <\/div>\n        <div id=\"collapse_69f5f6fa82c8e4\" class=\"collapse\" aria-labelledby=\"headingOne\" data-parent=\"#accordion\">\n            <div class=\"card-body text-info text-left\">\n                Des toboggans qui font monter l'adr\u00e9naline, des entonnoirs et des tunnels spectaculaires, des vagues g\u00e9antes et des piscines pour tous les go\u00fbts.<br>Avec ses 90 000 m\u00e8tres carr\u00e9s et plus de 3 km de toboggans, Aquafan offre de l'adr\u00e9naline et du plaisir pour tous : du Kamikaze \u00e0 l'Extreme River, du Rapid River au Black Hole, jusqu'au StrizzaCOOL, id\u00e9al pour les familles, et \u00e0 l'\u00e9norme M280, le plus grand jamais construit !<br><br><strong><strong>HEURES D'OUVERTURE<\/strong><\/strong><br>- <strong>Juin au 7 septembre<\/strong>ouvert de 10h00 \u00e0 18h30<br>- <strong>Semaine 8-14 septembre<\/strong>ouverture \u00e0 confirmer en fonction des conditions m\u00e9t\u00e9orologiques.<br><br>L'entr\u00e9e est gratuite pour les enfants mesurant jusqu'\u00e0 100 cm.            <\/div>\n        <\/div>\n    <\/div>\n        <div class=\"card text-left border-bottom g--b-c-01 border-top-0 border-right-0 border-left-0 mb-3 g--bkg-light-03\">\n        <div class=\"card-header border-0\" id=\"heading_69f5f6fa82c8e5\">\n            <h5 class=\"mb-0 mt-0\">\n                <button class=\"text-left btn btn-link font-weight-bold\" data-toggle=\"collapse\"\n                    data-target=\"#collapse_69f5f6fa82c8e5\" aria-expanded=\"false\"\n                    aria-controls=\"collapse_69f5f6fa82c8e5\" style=\"white-space: normal;\">\n                    &gt; Oltremare - Riccione (8 km de l'h\u00f4tel)                <\/button>\n            <\/h5>\n        <\/div>\n        <div id=\"collapse_69f5f6fa82c8e5\" class=\"collapse\" aria-labelledby=\"headingOne\" data-parent=\"#accordion\">\n            <div class=\"card-body text-info text-left\">\n                Un voyage fascinant parmi les dauphins, les oiseaux de proie et la nature spectaculaire ! Avec des sections \u00e9ducatives.<br>Vous pourrez admirer le spectacle des dauphins, des oiseaux de proie en vol, vous transformer en pal\u00e9ontologue et participer \u00e0 l'excavation d'un grand Kronosaurus. Nouveaut\u00e9 en 2025 : une nouvelle zone th\u00e9matique, Village, avec des maisons sur l'eau qui vous transporteront dans un ancien village de maisons sur pilotis.<br>Ulysse, le dauphin mascotte d'Oltremare, vous attend !<br><br><strong>HEURES D'OUVERTURE<\/strong><br>- <strong>Juin \u00e0 septembre<\/strong>ouvert de 10 heures \u00e0 18 heures<br>- <strong>26-30 mai<\/strong>Fermeture anticip\u00e9e \u00e0 17h30.<br><br>L'entr\u00e9e est gratuite pour les enfants mesurant jusqu'\u00e0 100 cm.            <\/div>\n        <\/div>\n    <\/div>\n        <div class=\"card text-left border-bottom g--b-c-01 border-top-0 border-right-0 border-left-0 mb-3 g--bkg-light-03\">\n        <div class=\"card-header border-0\" id=\"heading_69f5f6fa82c8e6\">\n            <h5 class=\"mb-0 mt-0\">\n                <button class=\"text-left btn btn-link font-weight-bold\" data-toggle=\"collapse\"\n                    data-target=\"#collapse_69f5f6fa82c8e6\" aria-expanded=\"false\"\n                    aria-controls=\"collapse_69f5f6fa82c8e6\" style=\"white-space: normal;\">\n                    &gt; Aquarium - Cattolica (13 km de l'h\u00f4tel)                <\/button>\n            <\/h5>\n        <\/div>\n        <div id=\"collapse_69f5f6fa82c8e6\" class=\"collapse\" aria-labelledby=\"headingOne\" data-parent=\"#accordion\">\n            <div class=\"card-body text-info text-left\">\n                Une plong\u00e9e dans le bleu parmi les requins, les pingouins et les merveilles de la mer ! A certaines heures, vous pourrez assister au d\u00e9jeuner de certains animaux.<br><br><strong>5 itin\u00e9raires pour tous les go\u00fbts :<\/strong><br>> <em>Bleu<\/em>Les requins, les pingouins, les raies, les m\u00e9duses et les autres protagonistes du monde marin.<br><em>&gt; Jaune<\/em>monde fluvial avec des loutres et des ca\u00efmans.<br><em>&gt; Vert<\/em>le monde des reptiles avec des serpents, des amphibiens, des cam\u00e9l\u00e9ons et des insectes insolites.<br><em>&gt; Pourpre<\/em>Reproductions g\u00e9antes d'insectes en 3D.<br><strong>> <em>Le monde des dinosaures<\/em>:<\/strong> un site de fouilles pal\u00e9ontologiques et de grands dinosaures \u00e0 admirer.<br><br><strong><strong>HEURES D'OUVERTURE<\/strong><\/strong><br>-<strong> Mai, juin et septembre<\/strong>de 10 heures \u00e0 18 heures 30<br>- <strong>Juillet et ao\u00fbt<\/strong>10 heures \u00e0 19 heures 30<br><br>L'entr\u00e9e est gratuite pour les enfants mesurant jusqu'\u00e0 100 cm.            <\/div>\n        <\/div>\n    <\/div>\n        <div class=\"card text-left border-bottom g--b-c-01 border-top-0 border-right-0 border-left-0 mb-3 g--bkg-light-03\">\n        <div class=\"card-header border-0\" id=\"heading_69f5f6fa82c8e7\">\n            <h5 class=\"mb-0 mt-0\">\n                <button class=\"text-left btn btn-link font-weight-bold\" data-toggle=\"collapse\"\n                    data-target=\"#collapse_69f5f6fa82c8e7\" aria-expanded=\"false\"\n                    aria-controls=\"collapse_69f5f6fa82c8e7\" style=\"white-space: normal;\">\n                    &gt; Safari - Ravenne (47 km de l'h\u00f4tel)                <\/button>\n            <\/h5>\n        <\/div>\n        <div id=\"collapse_69f5f6fa82c8e7\" class=\"collapse\" aria-labelledby=\"headingOne\" data-parent=\"#accordion\">\n            <div class=\"card-body text-info text-left\">\n                Une aventure passionnante parmi les lions, les girafes et les z\u00e8bres, \u00e0 vivre en voiture ou en train au c\u0153ur de la nature ! Un parcours de 4 km sur environ 35 hectares, pour voir les animaux de pr\u00e8s et sans barri\u00e8re.<br>Il s'agit d'animaux en libert\u00e9, n\u00e9s en captivit\u00e9 depuis des g\u00e9n\u00e9rations, qui peuvent se d\u00e9placer de mani\u00e8re autonome dans les grands espaces du parc et qui vivent en s\u00e9curit\u00e9 et en bien-\u00eatre gr\u00e2ce aux soins et \u00e0 l'attention de soigneurs et de v\u00e9t\u00e9rinaires exp\u00e9riment\u00e9s.<br><br><strong><strong>HEURES D'OUVERTURE<\/strong><\/strong><br>- <strong>De juin (sauf le lundi) \u00e0 septembre<\/strong>ouvert de 10 h \u00e0 17 h (derni\u00e8re entr\u00e9e autoris\u00e9e \u00e0 15 h).<br>- <strong>Lundi 2 juin<\/strong>fermeture \u00e0 18 heures.<br>- <strong>Autres lundis de juin<\/strong>Le parc est ferm\u00e9.<br><br>L'entr\u00e9e est gratuite pour les enfants jusqu'\u00e0 3 ans.            <\/div>\n        <\/div>\n    <\/div>\n    <\/div>\n\n<\/div>\n    <\/div>\n<\/div>\n<\/section>","protected":false},"excerpt":{"rendered":"","protected":false},"author":1,"featured_media":0,"parent":0,"menu_order":0,"comment_status":"closed","ping_status":"closed","template":"template-landing.php","meta":{"footnotes":""},"class_list":["post-2896","page","type-page","status-publish","hentry"],"_links":{"self":[{"href":"https:\/\/info.hoteljumbo.it\/fr\/wp-json\/wp\/v2\/pages\/2896","targetHints":{"allow":["GET"]}}],"collection":[{"href":"https:\/\/info.hoteljumbo.it\/fr\/wp-json\/wp\/v2\/pages"}],"about":[{"href":"https:\/\/info.hoteljumbo.it\/fr\/wp-json\/wp\/v2\/types\/page"}],"author":[{"embeddable":true,"href":"https:\/\/info.hoteljumbo.it\/fr\/wp-json\/wp\/v2\/users\/1"}],"replies":[{"embeddable":true,"href":"https:\/\/info.hoteljumbo.it\/fr\/wp-json\/wp\/v2\/comments?post=2896"}],"version-history":[{"count":18,"href":"https:\/\/info.hoteljumbo.it\/fr\/wp-json\/wp\/v2\/pages\/2896\/revisions"}],"predecessor-version":[{"id":3134,"href":"https:\/\/info.hoteljumbo.it\/fr\/wp-json\/wp\/v2\/pages\/2896\/revisions\/3134"}],"wp:attachment":[{"href":"https:\/\/info.hoteljumbo.it\/fr\/wp-json\/wp\/v2\/media?parent=2896"}],"curies":[{"name":"wp","href":"https:\/\/api.w.org\/{rel}","templated":true}]}}