{"id":2902,"date":"2025-05-13T10:59:16","date_gmt":"2025-05-13T08:59:16","guid":{"rendered":"http:\/\/info.hoteljumbo.it\/staging\/?page_id=2902"},"modified":"2025-05-23T15:58:14","modified_gmt":"2025-05-23T13:58:14","slug":"spa-eldorado","status":"publish","type":"page","link":"https:\/\/info.hoteljumbo.it\/fr\/spa-eldorado\/","title":{"rendered":"SPA Eldorado"},"content":{"rendered":"<section class=\"wao-blocks-container container-fluid mb-2 g--bkg-dark-01\"\n\t\t>\n    \n<div class=\"wao-blocks-row row\" >\n    \n\n<div class=\"col-12 col-md-12\"\n     \n\t \n\t>\n        \n<div class=\"mx-auto max-w-1280px p-5 text-white\">\n\n\n<h1 class=\"wp-block-heading has-text-align-center py-4 text-white\">Le spa \"Eldorado\", \u00e0 usage exclusif<\/h1>\n\n\n\n<p class=\"has-text-align-center text-white\">D\u00e9couvrez ici les parcours de relaxation propos\u00e9s dans notre spa \"Eldorado\".<br><strong>Pour le r\u00e9server<\/strong> se pr\u00e9senter \u00e0 la r\u00e9ception<strong> au moins 2-3 heures \u00e0 l'avance<\/strong> de la date \u00e0 laquelle vous souhaitez effectuer l'itin\u00e9raire.<br>Le centre de bien-\u00eatre sera <strong>exclusivement r\u00e9serv\u00e9<\/strong> pour la dur\u00e9e du cours.<\/p>\n\n\n\n<div class=\"wao-blocks-accordion\" id=\"accordion\" >\n        <div class=\"card text-left border-bottom g--b-c-01 border-top-0 border-right-0 border-left-0 mb-3 g--bkg-light-03\">\n        <div class=\"card-header border-0\" id=\"heading_69f5f295c79400\">\n            <h5 class=\"mb-0 mt-0\">\n                <button class=\"text-left btn btn-link font-weight-bold\" data-toggle=\"collapse\"\n                    data-target=\"#collapse_69f5f295c79400\" aria-expanded=\"false\"\n                    aria-controls=\"collapse_69f5f295c79400\" style=\"white-space: normal;\">\n                    &gt; Relaxation de base                <\/button>\n            <\/h5>\n        <\/div>\n        <div id=\"collapse_69f5f295c79400\" class=\"collapse\" aria-labelledby=\"headingOne\" data-parent=\"#accordion\">\n            <div class=\"card-body text-info text-left\">\n                - Bain turc avec chromoth\u00e9rapie\u00a0<br>- Douches de chromoth\u00e9rapie\/aromath\u00e9rapie<br>- Baignoire baln\u00e9o chromoth\u00e9rapie<br>- Tisane.<br><strong>Dur\u00e9e 50 minutes.<\/strong><br>2 personnes : 40<br>3 personnes : \u20ac55<br>4 personnes : 65            <\/div>\n        <\/div>\n    <\/div>\n        <div class=\"card text-left border-bottom g--b-c-01 border-top-0 border-right-0 border-left-0 mb-3 g--bkg-light-03\">\n        <div class=\"card-header border-0\" id=\"heading_69f5f295c79401\">\n            <h5 class=\"mb-0 mt-0\">\n                <button class=\"text-left btn btn-link font-weight-bold\" data-toggle=\"collapse\"\n                    data-target=\"#collapse_69f5f295c79401\" aria-expanded=\"false\"\n                    aria-controls=\"collapse_69f5f295c79401\" style=\"white-space: normal;\">\n                    &gt; AperiSPA                <\/button>\n            <\/h5>\n        <\/div>\n        <div id=\"collapse_69f5f295c79401\" class=\"collapse\" aria-labelledby=\"headingOne\" data-parent=\"#accordion\">\n            <div class=\"card-body text-info text-left\">\n                - Bain turc avec chromoth\u00e9rapie\u00a0<br>- Douches de chromoth\u00e9rapie\/aromath\u00e9rapie<br>- Baignoire baln\u00e9o chromoth\u00e9rapie<br>- Spritz, bi\u00e8re, boissons non alcoolis\u00e9es + snacks.<br><strong>Dur\u00e9e 50 minutes.<\/strong><br>2 personnes : 40<br>3 personnes : \u20ac55<br>4 personnes : 65            <\/div>\n        <\/div>\n    <\/div>\n        <div class=\"card text-left border-bottom g--b-c-01 border-top-0 border-right-0 border-left-0 mb-3 g--bkg-light-03\">\n        <div class=\"card-header border-0\" id=\"heading_69f5f295c79402\">\n            <h5 class=\"mb-0 mt-0\">\n                <button class=\"text-left btn btn-link font-weight-bold\" data-toggle=\"collapse\"\n                    data-target=\"#collapse_69f5f295c79402\" aria-expanded=\"false\"\n                    aria-controls=\"collapse_69f5f295c79402\" style=\"white-space: normal;\">\n                    &gt; SPA Divina                <\/button>\n            <\/h5>\n        <\/div>\n        <div id=\"collapse_69f5f295c79402\" class=\"collapse\" aria-labelledby=\"headingOne\" data-parent=\"#accordion\">\n            <div class=\"card-body text-info text-left\">\n                - Bain turc avec chromoth\u00e9rapie\u00a0<br>- Douches de chromoth\u00e9rapie\/aromath\u00e9rapie<br>- Baignoire baln\u00e9o chromoth\u00e9rapie<br>- Un verre de prosecco.<br><strong>Dur\u00e9e 50 minutes.<\/strong><br>2 personnes : 40<br>3 personnes : \u20ac55<br>4 personnes : 65            <\/div>\n        <\/div>\n    <\/div>\n    <\/div>\n\n<\/div>\n    <\/div>\n<\/div>\n<\/section>","protected":false},"excerpt":{"rendered":"","protected":false},"author":1,"featured_media":0,"parent":0,"menu_order":0,"comment_status":"closed","ping_status":"closed","template":"template-landing.php","meta":{"footnotes":""},"class_list":["post-2902","page","type-page","status-publish","hentry"],"_links":{"self":[{"href":"https:\/\/info.hoteljumbo.it\/fr\/wp-json\/wp\/v2\/pages\/2902","targetHints":{"allow":["GET"]}}],"collection":[{"href":"https:\/\/info.hoteljumbo.it\/fr\/wp-json\/wp\/v2\/pages"}],"about":[{"href":"https:\/\/info.hoteljumbo.it\/fr\/wp-json\/wp\/v2\/types\/page"}],"author":[{"embeddable":true,"href":"https:\/\/info.hoteljumbo.it\/fr\/wp-json\/wp\/v2\/users\/1"}],"replies":[{"embeddable":true,"href":"https:\/\/info.hoteljumbo.it\/fr\/wp-json\/wp\/v2\/comments?post=2902"}],"version-history":[{"count":15,"href":"https:\/\/info.hoteljumbo.it\/fr\/wp-json\/wp\/v2\/pages\/2902\/revisions"}],"predecessor-version":[{"id":3126,"href":"https:\/\/info.hoteljumbo.it\/fr\/wp-json\/wp\/v2\/pages\/2902\/revisions\/3126"}],"wp:attachment":[{"href":"https:\/\/info.hoteljumbo.it\/fr\/wp-json\/wp\/v2\/media?parent=2902"}],"curies":[{"name":"wp","href":"https:\/\/api.w.org\/{rel}","templated":true}]}}