{"id":1344,"date":"2021-05-21T17:28:20","date_gmt":"2021-05-21T15:28:20","guid":{"rendered":"http:\/\/info.hoteljumbo.it\/?page_id=1344"},"modified":"2024-08-08T10:19:12","modified_gmt":"2024-08-08T08:19:12","slug":"privacy-policy-jumbo","status":"publish","type":"page","link":"https:\/\/info.hoteljumbo.it\/ro\/privacy-policy-jumbo\/","title":{"rendered":"Politica de confiden\u021bialitate"},"content":{"rendered":"<section class=\"wao-blocks-container container mb-2\"\n\t\t>\n    \n<div class=\"wao-blocks-row row\" >\n    \n\n<div class=\"col-12 col-md-12\"\n     \n\t \n\tdata-cof=\"true\"\n    data-cof-rule=\"padding, 1rem, 2rem, 2rem, 3rem, 3rem\" >\n        \n\n<div class=\"breadcrumb-block\"\n    >\n    <div class=\"text-primary mx-auto text-center small\">\n        <a href=\"https:\/\/info.hoteljumbo.it\/ro\" rel=\"nofollow\" title=\"Acas\u0103\">Acas\u0103 &gt;<\/a>\n        Politica de confiden\u021bialitate    <\/div>\n<\/div>\n\n\n<h1 class=\"wp-block-heading has-text-align-center pt-4\">Politica de confiden\u021bialitate<\/h1>\n\n\n\n<h2 class=\"wp-block-heading has-text-align-center pb-4\"><em>Informa\u021bii \u00een conformitate cu Decretul legislativ nr. 196 din 30 iunie 2003 \u0219i cu Regulamentul UE 2016\/679 (GDPR) pentru protec\u021bia \u0219i prelucrarea datelor cu caracter personal.<\/em><\/h2>\n\n\n\n<p><strong>ATEN\u021aIE<\/strong>: Aceast\u0103 politic\u0103 de confiden\u021bialitate este \u00een vigoare \u00eencep\u00e2nd cu 25 mai 2018. Proprietarul \u00ee\u0219i rezerv\u0103 dreptul de a modifica sau pur \u0219i simplu de a actualiza con\u021binutul, par\u021bial sau \u00een \u00eentregime, inclusiv ca urmare a modific\u0103rilor legisla\u021biei aplicabile. Proprietarul va face cunoscute aceste modific\u0103ri de \u00eendat\u0103 ce acestea sunt aplicate \u0219i vor fi obligatorii de \u00eendat\u0103 ce sunt publicate pe site. Prin urmare, Operatorul de date v\u0103 invit\u0103 s\u0103 vizita\u021bi \u00een mod regulat aceast\u0103 sec\u021biune pentru a lua cuno\u0219tin\u021b\u0103 de cea mai recent\u0103 \u0219i actualizat\u0103 versiune a Politicii de confiden\u021bialitate, astfel \u00eenc\u00e2t s\u0103 fi\u021bi \u00eentotdeauna la curent cu datele colectate \u0219i utilizarea acestora.<\/p>\n\n\n\n<p>\u00cen plus, aceast\u0103 Politic\u0103 de confiden\u021bialitate se aplic\u0103 doar site-ului aositidev.staging \u0219i nu se aplic\u0103 altor site-uri web care pot fi consultate prin intermediul unor link-uri externe.<\/p>\n\n\n\n<h4 class=\"wp-block-heading\">1. Operatorul de date \u0219i persoanele \u00eemputernicite de operator - art. 13 co. 1 lit. [a] [b] GDPR 2016\/679<\/h4>\n\n\n<p>Operatorul de date este societatea\/\u00eentreprinderea individual\u0103.\u00a0<strong class=\"text-uppercase\"><\/strong>, cu sediul social \u00een - , Cod fiscal\/Codul TVA: pe care \u00eel pute\u021bi contacta pentru a v\u0103 exercita drepturile \u00een temeiul GDPR.<br\/>\nO list\u0103 actualizat\u0103 a tuturor celorlal\u021bi procesatori de date este disponibil\u0103 la sediul central al operatorului de date, pe care \u00eel pute\u021bi contacta pentru a o consulta.<\/p>\n\n\n<h4 class=\"wp-block-heading\">2. Tipurile de date prelucrate \u0219i scopurile prelucr\u0103rii - art. 13 alin. 1 lit. c) [d] GDPR 2016\/679<\/h4>\n\n\n\n<p>Datele prelucrate sunt de tip comun (date de identificare) \u0219i date de navigare (adrese IP, adrese URI etc.), dar, ocazional, \u0219i date speciale \u0219i\/sau sensibile furnizate \u00een mod voluntar pentru nevoile dvs. particulare (informa\u021bii generale \u0219i specifice privind preferin\u021bele \u0219i orient\u0103rile utilizatorului; intoleran\u021be alimentare; probleme de s\u0103n\u0103tate etc.);<br>Operatorul va prelucra datele dumneavoastr\u0103:<\/p>\n\n\n\n<p><strong>A) f\u0103r\u0103 a fi nevoie de consim\u021b\u0103m\u00e2ntul dumneavoastr\u0103 expres pentru urm\u0103toarele scopuri ale serviciului:<\/strong><\/p>\n\n\n\n<ul class=\"wp-block-list\">\n<li>\u00cendeplinirea obliga\u021biilor contractuale \u0219i de cazare (\u00eentocmirea unui deviz, gestionarea rezerv\u0103rilor, emiterea facturilor, estim\u0103ri);<\/li>\n\n\n\n<li>\u00cendeplinirea obliga\u021biilor de reglementare, \u00een special a obliga\u021biilor contabile, fiscale \u0219i de siguran\u021b\u0103;<\/li>\n\n\n\n<li>Gestionarea litigiilor.<\/li>\n<\/ul>\n\n\n\n<p>Prelucrarea datelor func\u021bionale \u00een vederea \u00eendeplinirii acestor obliga\u021bii este necesar\u0103 pentru gestionarea corect\u0103 a serviciului solicitat, iar acordarea acestora este obligatorie pentru punerea \u00een aplicare a scopurilor men\u021bionate mai sus. \u00cen cazul \u00een care datele nu sunt furnizate, este posibil ca operatorul de date s\u0103 nu poat\u0103 r\u0103spunde la o eventual\u0103 solicitare din partea p\u0103r\u021bii interesate.<\/p>\n\n\n\n<p><strong>B) numai cu consim\u021b\u0103m\u00e2ntul dumneavoastr\u0103 specific \u0219i separat pentru urm\u0103toarele scopuri de marketing:<\/strong><\/p>\n\n\n\n<ul class=\"wp-block-list\">\n<li>Pentru a v\u0103 transmite prin e-mail, po\u0219t\u0103 \u0219i\/sau SMS \u0219i\/sau contacte telefonice, buletine informative, comunic\u0103ri comerciale sau promo\u021bionale \u0219i\/sau servicii oferite de operator; pentru a v\u0103 trimite informa\u021bii \u0219i oferte comerciale, inclusiv de la ter\u021bi; pentru a v\u0103 trimite materiale publicitare \u0219i informative; pentru a realiza comunic\u0103ri comerciale, inclusiv interactive; pentru a realiza activit\u0103\u021bi de v\u00e2nzare direct\u0103 sau de plasare de produse sau servicii.<\/li>\n\n\n\n<li>Pentru a v\u0103 trimite chestionare sau alte documente pentru a detecta gradul de satisfac\u021bie cu privire la calitatea serviciilor oferite; pentru a elabora studii \u0219i cercet\u0103ri statistice privind v\u00e2nz\u0103rile, clien\u021bii \u0219i alte informa\u021bii \u0219i, dac\u0103 este necesar, pentru a le comunica ter\u021bilor; pentru a transfera c\u0103tre ter\u021bi datele colectate \u0219i prelucrate \u00een scopuri comerciale, inclusiv pentru v\u00e2nzare sau tentativ\u0103 de v\u00e2nzare \u0219i, de asemenea, \u00een afara teritoriului Uniunii Europene, sau pentru toate acele scopuri de natur\u0103 comercial\u0103 \u0219i\/sau statistic\u0103 care sunt legale. Participarea la extrageri de premii legate de promo\u021bii \u0219i ini\u021biative comerciale.<\/li>\n\n\n\n<li>Pentru a v\u0103 transmite cele mai bune ur\u0103ri cu ocazia s\u0103rb\u0103torilor na\u021bionale.<\/li>\n<\/ul>\n\n\n\n<p>Neacordarea consim\u021b\u0103m\u00e2ntului \u00een scopurile men\u021bionate la punctul B) nu va avea nicio consecin\u021b\u0103. Consim\u021b\u0103m\u00e2ntul este op\u021bional.<\/p>\n\n\n\n<h4 class=\"wp-block-heading\">3. Comunicarea \u0219i diseminarea datelor - art. 13 alin. 1 lit. e) f) GDPR 2016\/679<\/h4>\n\n\n\n<p>I dati potranno essere comunicati all'esterno solo all'interessato e a persone esplicitamente indicate dall'interessato.<br>I dati non saranno ulteriormente comunicati e diffusi se non a persone e\/o societ\u00e0 debitamente autorizzate dal titolare per la migliore gestione del servizio, per adempiere specifici obblighi di legge sempre derivanti servizio offerto, anche con riguardo ai profili fiscali, ovvero per finalit\u00e0 strettamente connesse e strumentali all'operativit\u00e0 del servizio. I dati non verranno, di norma, trasferiti ad un paese terzo o a un'organizzazione internazionale. Solo ed esclusivamente in caso di utilizzo della chat \u201cWhatsApp\u201d, i dati in tale contesto raccolti e trattati potranno essere trasferiti, in ragione dei servizi resi, ai soggetti qui di seguito elencati, eventualmente locati in paesi terzi, per i quali si rimanda alle relative privacy policy e\/o DPA:<\/p>\n\n\nBubble <a href=\"https:\/\/bubble.io\/terms\" target=\"_blank\">https:\/\/bubble.io\/terms<\/a> <a href=\"https:\/\/bubble.io\/dpa\" target=\"_blank\">https:\/\/bubble.io\/dpa<\/a><br\/>\nAWS: <a href=\"https:\/\/d1.awsstatic.com\/legal\/aws-dpa\/aws-dpa.pdf\" target=\"_blank\">https:\/\/d1.awsstatic.com\/legal\/aws-dpa\/aws-dpa.pdf<\/a><br\/>\nQdrant: <a href=\"https:\/\/files.qdrant.io\/docs\/DPA.pdf\" target=\"_blank\">https:\/\/files.qdrant.io\/docs\/DPA.pdf<\/a><br\/>\nOpenAI: <a href=\"https:\/\/openai.com\/policies\/data-processing-addendum\/\" target=\"_blank\">https:\/\/openai.com\/policies\/data-processing-addendum\/<\/a><br\/>\nGupshup: <a href=\"https:\/\/www.gupshup.io\/privacy-policy\" target=\"_blank\">https:\/\/www.gupshup.io\/privacy-policy<\/a><br\/>\nMeta: <a href=\"https:\/\/www.whatsapp.com\/legal\/business-data-processing-terms\" target=\"_blank\">https:\/\/www.whatsapp.com\/legal\/business-data-processing-terms<\/a>\n\n\n<h4 class=\"wp-block-heading\">4. Metode de prelucrare - art. 13 alin. 2 lit. [a] GDPR 2016\/679<\/h4>\n\n\n\n<p>Il trattamento dei dati personali consiste nella raccolta, registrazione, organizzazione, conservazione, comunicazione dei medesimi dati. Il trattamento dei dati personali \u00e8 effettuato per le finalit\u00e0 di cui sopra, con modalit\u00e0 automatizzate ed informatizzate in conformit\u00e0 a quanto stabilito dall'articolo 5 del GDPR, nel rispetto delle regole di liceit\u00e0, legittimit\u00e0, riservatezza e sicurezza previste dalla normativa vigente. I dati saranno conservati per un periodo di tempo necessario agli scopi per i quali essi sono stati raccolti o successivamente trattati conformemente a quanto previsto dagli obblighi di legge, e comunque non superiore ad anni 5. I dati raccolti attraverso la chat \u201cWhatsApp\u201d saranno conservati per un periodo pari a mesi 3.<\/p>\n\n\n\n<h4 class=\"wp-block-heading\">5. Drepturile persoanei vizate - art. 13 alin. 2 lit. [b] [c] [ d] GDPR 2016\/679<\/h4>\n\n\n\n<p>Partea interesat\u0103 are dreptul de a ob\u021bine accesul la datele sale cu caracter personal \u0219i de a le rectifica. Partea interesat\u0103 are dreptul, din motive legitime, de a ob\u021bine anularea datelor sau limitarea prelucr\u0103rii acestora sau de a se opune prelucr\u0103rii lor, precum \u0219i, \u00een general, de a-\u0219i exercita toate drepturile recunoscute de legisla\u021bia \u00een vigoare. Pentru a v\u0103 exercita drepturile, pute\u021bi contacta \u00eentotdeauna operatorul de date, trimi\u021b\u00e2nd cererile dumneavoastr\u0103 la urm\u0103toarea adres\u0103&nbsp;<a href=\"mailto:amministrazione@hoteljumbo.it\">amministrazione@hoteljumbo.it<\/a>precum \u0219i c\u0103tre Autoritatea pentru protec\u021bia datelor.<\/p>\n\n\n\n<h2 class=\"wp-block-heading\">Politica noastr\u0103 privind cookie-urile<\/h2>\n\n\n\n<p>Utiliz\u0103m cookie-uri pe site-ul nostru web \u0219i \u00een e-mailurile noastre pentru a v\u0103 oferi un serviciu \u0219i o experien\u021b\u0103 mai bun\u0103. De acum \u00eenainte, partenerii no\u0219tri de \u00eencredere vor putea, de asemenea, s\u0103 \u00eemp\u0103rt\u0103\u0219easc\u0103 informa\u021biile pe care le ob\u021bin \u0219i s\u0103 v\u0103 \u00eembun\u0103t\u0103\u021beasc\u0103 experien\u021ba pe site-urile lor. Acest document descrie categoriile de module cookie pe care le folosim \u0219i pe care le \u00eemp\u0103rt\u0103\u0219im cu partenerii no\u0219tri, scopul acestora \u0219i modul \u00een care v\u0103 pute\u021bi schimba preferin\u021bele.<\/p>\n\n\n\n<h4 class=\"wp-block-heading\">Ce sunt cookie-urile?<\/h4>\n\n\n\n<p>Cookie-urile sunt fi\u0219iere de date de mici dimensiuni stocate de browserul dumneavoastr\u0103 pe hard disk-ul computerului dumneavoastr\u0103, care con\u021bin o anumit\u0103 cantitate de informa\u021bii schimbate \u00eentre un site web \u0219i dispozitivul dumneavoastr\u0103 terminal \u0219i sunt utilizate \u00een mod normal de c\u0103tre operatorul site-ului web pentru a stoca informa\u021biile necesare pentru a \u00eembun\u0103t\u0103\u021bi navigarea pe site sau pentru a trimite mesaje publicitare \u00een conformitate cu preferin\u021bele exprimate de utilizator \u00een timpul navig\u0103rii pe web. Atunci c\u00e2nd vizita\u021bi din nou acela\u0219i site sau orice alt site, dispozitivul dumneavoastr\u0103 verific\u0103 prezen\u021ba unui modul cookie recunoscut pentru a putea citi informa\u021biile pe care acesta le con\u021bine. Diferite cookie-uri con\u021bin informa\u021bii diferite \u0219i sunt utilizate \u00een scopuri diferite (navigare eficient\u0103 pe paginile aceluia\u0219i site, crearea de profiluri pentru a trimite mesaje promo\u021bionale specifice, analiza num\u0103rului de vizite pe site). \u00cen general, unele module cookie (numite module cookie de sesiune) sunt alocate dispozitivului utilizatorului doar pe durata accesului la site \u0219i expir\u0103 automat la \u00eenchiderea browserului. Alte module cookie (numite module cookie persistente) r\u0103m\u00e2n pe dispozitivul dumneavoastr\u0103 pentru o perioad\u0103 de timp extins\u0103. Scopurile specifice ale diferitelor tipuri de module cookie instalate pe acest site sunt descrise mai detaliat mai jos. Pute\u021bi dezactiva modulele cookie urm\u00e2nd informa\u021biile de mai jos.<\/p>\n\n\n\n<h4 class=\"wp-block-heading\">Ce cookie-uri folosim<\/h4>\n\n\n\n<p>Cookie-urile pe care le folosim ne permit s\u0103 recunoa\u0219tem utilizatorii care revin \u0219i detaliile lor, astfel \u00eenc\u00e2t ace\u0219tia s\u0103 nu fie nevoi\u021bi s\u0103 introduc\u0103 acelea\u0219i informa\u021bii din nou \u0219i din nou. De asemenea, acestea ne permit s\u0103 analiz\u0103m modelele de trafic ale utilizatorilor care viziteaz\u0103 site-ul nostru, astfel \u00eenc\u00e2t s\u0103 putem \u00eembun\u0103t\u0103\u021bi gradul de utilizare a acestuia. Iat\u0103 c\u00e2teva dintre tipurile de module cookie utilizate pe site-ul nostru:<\/p>\n\n\n\n<h5 class=\"wp-block-heading\">Cookie-uri tehnice<\/h5>\n\n\n\n<p>Este posibil s\u0103 folosim cookie-uri tehnice pentru a v\u0103 permite s\u0103 beneficia\u021bi de serviciile pe care le-a\u021bi solicitat prin intermediul site-ului nostru web. F\u0103r\u0103 aceste module cookie, nu ar fi posibil s\u0103 v\u0103 oferim serviciile pe care le-a\u021bi solicitat. De exemplu, cookie-urile tehnice pot fi utilizate pentru:<\/p>\n\n\n\n<ul class=\"wp-block-list\">\n<li>Permiterea utilizatorilor s\u0103 acceseze zonele securizate ale site-ului nostru web f\u0103r\u0103 a fi nevoi\u021bi s\u0103 se conecteze \u00een permanen\u021b\u0103.<\/li>\n\n\n\n<li>re\u021binerea oric\u0103ror ac\u021biuni efectuate de utilizator (de exemplu, completarea unui formular) atunci c\u00e2nd se revine la pagina anterioar\u0103 a unei sesiuni.<\/li>\n<\/ul>\n\n\n\n<p><em>Cum s\u0103 dezactiva\u021bi acest tip de cookie?<\/em>&nbsp;Principalele \u0219i cele mai populare browsere accept\u0103 \u00een mod implicit toate modulele cookie. Pute\u021bi modifica aceast\u0103 op\u021biune, prin intermediul func\u021biilor browserului dumneavoastr\u0103, dezactiv\u00e2nd - a\u0219a cum este descris mai jos - func\u021bia \u00een totalitate sau cel pu\u021bin solicit\u00e2nd ca pentru fiecare cookie primit s\u0103 vi se cear\u0103 consim\u021b\u0103m\u00e2ntul explicit la primirea acestuia.<\/p>\n\n\n\n<h5 class=\"wp-block-heading\">Cookie-uri analitice<\/h5>\n\n\n\n<p>Cookie-urile analitice pot fi utilizate pentru a ob\u021bine informa\u021bii despre utilizarea site-ului web, a reclamelor \u0219i a e-mailurilor \u0219i pentru a ne semnala eventualele erori. \u00cen plus, aceste module cookie ne permit s\u0103 ob\u021binem informa\u021bii tehnice detaliate, cum ar fi ultima pagin\u0103 vizitat\u0103, num\u0103rul de pagini vizitate, dac\u0103 un e-mail a fost deschis, ce p\u0103r\u021bi ale site-ului web sau ale e-mailurilor sunt accesate de c\u0103tre utilizatori \u0219i timpul scurs \u00eentre clicuri. Aceste informa\u021bii pot fi asociate cu detalii ale utilizatorului, cum ar fi adresa IP, domeniul sau browserul; cu toate acestea, ele sunt analizate \u00eempreun\u0103 cu informa\u021biile altor persoane, astfel \u00eenc\u00e2t s\u0103 nu se identifice un anumit utilizator cu altul. De exemplu, aceste module cookie pot fi utilizate pe site-ul nostru pentru:<\/p>\n\n\n\n<ul class=\"wp-block-list\">\n<li>Analiz\u0103m \u0219i \u00eembun\u0103t\u0103\u021bim performan\u021ba \u0219i designul site-ului nostru web, al reclamelor \u0219i al e-mailurilor.<\/li>\n\n\n\n<li>Cuantificarea r\u0103spunsului la reclamele noastre \u0219i \u00eembun\u0103t\u0103\u021birea eficien\u021bei acestora<\/li>\n\n\n\n<li>Calcula\u021bi erorile care apar pe site-ul nostru web pentru a \u00eembun\u0103t\u0103\u021bi serviciul \u0219i pentru a gestiona eventualele reclama\u021bii<\/li>\n<\/ul>\n\n\n\n<p>Pentru informa\u021bii \u0219i pentru a dezactiva cookie-urile analitice ale ter\u021bilor, accesa\u021bi site-ul web:&nbsp;<a href=\"https:\/\/www.youronlinechoices.com\/it\" target=\"_blank\" rel=\"noreferrer noopener\">www.youronlinechoices.com\/it&nbsp;<\/a><\/p>\n\n\n\n<h5 class=\"wp-block-heading\">Cookie-uri de urm\u0103rire de la ter\u021bi<\/h5>\n\n\n\n<p>Cookie-urile de urm\u0103rire ale ter\u021bilor pot fi trimise c\u0103tre dispozitivul dvs. de pe site-urile web ale partenerilor no\u0219tri. Aceste module cookie sunt utilizate pentru a determina c\u00e2nd partenerii no\u0219tri redirec\u021bioneaz\u0103 un utilizator c\u0103tre site-ul nostru web \u0219i dac\u0103 acel utilizator cump\u0103r\u0103 un produs sau un serviciu. Este posibil s\u0103 \u00eemp\u0103rt\u0103\u0219im aceste informa\u021bii cu partenerii no\u0219tri \u00eentr-un mod anonim, astfel \u00eenc\u00e2t s\u0103 nu identific\u0103m un anumit utilizator cu altul. \u00cen plus, aceste informa\u021bii sunt furnizate \u00een conformitate cu obliga\u021biile noastre contractuale partenerilor no\u0219tri pentru a-i ajuta s\u0103 \u00eembun\u0103t\u0103\u021beasc\u0103 eficien\u021ba site-urilor lor.<\/p>\n\n\n\n<h5 class=\"wp-block-heading\">Cookie-uri de func\u021bionalitate<\/h5>\n\n\n\n<p>Aceste module cookie nu sunt esen\u021biale, dar v\u0103 permit s\u0103 profita\u021bi de mai multe func\u021bii utile de pe site-ul nostru. De exemplu, acestea pot fi utilizate pe site-ul nostru pentru:<\/p>\n\n\n\n<ul class=\"wp-block-list\">\n<li>re\u021binerea preferin\u021belor selectate de utilizator \u00een timpul vizitelor anterioare, cum ar fi \u021bara\/limba, interesele \u0219i prezentarea site-ului web (aspect, dimensiunea fontului, culori etc.). \u00cen acest fel, utilizatorul nu trebuie s\u0103 reintroduc\u0103 aceste informa\u021bii.<\/li>\n\n\n\n<li>Memorarea r\u0103spunsurilor la \u00eentreb\u0103rile adresate de site-ul nostru, de exemplu, privind participarea la sondajele de satisfac\u021bie a clien\u021bilor, astfel \u00eenc\u00e2t acestea s\u0103 nu fie repetate pentru utilizator<\/li>\n\n\n\n<li>Determinarea faptului dac\u0103 un serviciu a fost deja oferit utilizatorului, de exemplu, oferirea de asisten\u021b\u0103 online \u00een timp real.<\/li>\n\n\n\n<li>Furnizarea de informa\u021bii care s\u0103 permit\u0103 func\u021bionarea serviciilor op\u021bionale, de exemplu, vizionarea unui videoclip online sau postarea unui comentariu pe un blog<\/li>\n<\/ul>\n\n\n\n<h5 class=\"wp-block-heading\">Cookie-uri de direc\u021bionare sau promo\u021bionale<\/h5>\n\n\n\n<p>Aceste module cookie pot fi utilizate pe site-ul nostru web pentru a difuza reclame adaptate la interesele dumneavoastr\u0103. Cookie-urile promo\u021bionale sau de direc\u021bionare ne permit s\u0103 ob\u021binem informa\u021bii detaliate despre modul \u00een care utilizatorii navigheaz\u0103 pe site-ul nostru web (de exemplu, ce produse sau servicii vizualizeaz\u0103 cel mai des o anumit\u0103 persoan\u0103). De asemenea, acestea ne permit s\u0103 recunoa\u0219tem un utilizator care revine pe site-ul nostru \u0219i\/sau pe un site care face parte din re\u021beaua unuia dintre partenerii no\u0219tri promo\u021bionali.<\/p>\n\n\n\n<h5 class=\"wp-block-heading\">Cookie-uri ter\u021b\u0103 parte<\/h5>\n\n\n\n<p>Atunci c\u00e2nd utiliza\u021bi site-ul nostru web, este posibil s\u0103 stoc\u0103m unele module cookie pe care nu le control\u0103m. Acesta este cazul, de exemplu, dac\u0103 vizita\u021bi o pagin\u0103 care con\u021bine con\u021binut de pe un site web al unei ter\u021be p\u0103r\u021bi. Ca urmare, utilizatorul va primi cookie-uri de la aceste servicii ter\u021be. Cookie-urile nu con\u021bin informa\u021bii personale dec\u00e2t dac\u0103 utilizatorul este conectat la cont. De exemplu, modulele cookie ale unor ter\u021be p\u0103r\u021bi pot proveni de la:<\/p>\n\n\n\n<ul class=\"wp-block-list\">\n<li>Google Analytics<\/li>\n\n\n\n<li>Google Tag manager<\/li>\n\n\n\n<li>Google Adwords<\/li>\n\n\n\n<li>Conectare pe Facebook<\/li>\n\n\n\n<li>Anun\u021buri pe Facebook<\/li>\n\n\n\n<li>MagNews<\/li>\n\n\n\n<li>Youtube<\/li>\n<\/ul>\n\n\n\n<p>Pentru mai multe informa\u021bii privind utilizarea modulelor cookie de c\u0103tre ter\u021bi, v\u0103 rug\u0103m s\u0103 consulta\u021bi politica de confiden\u021bialitate \u0219i de utilizare a modulelor cookie a serviciilor \u00een cauz\u0103.<\/p>\n\n\n\n<h4 class=\"wp-block-heading\">Consim\u021b\u0103m\u00e2nt<\/h4>\n\n\n\n<p>Consim\u021b\u0103m\u00e2ntul pentru utilizarea modulelor cookie este dat ini\u021bial \u00een urm\u0103toarele moduri: \u00eenchiz\u00e2nd bannerul, derul\u00e2nd pagina care g\u0103zduie\u0219te bannerul sau f\u0103c\u00e2nd clic pe oricare dintre elementele acestuia. Utilizatorul \u00ee\u0219i poate schimba op\u021biunea \u00een orice moment, utiliz\u00e2nd una dintre metodele descrise \u00een sec\u021biunea \"\u0218tergerea \u0219i\/sau blocarea modulelor cookie\".<\/p>\n\n\n\n<h4 class=\"wp-block-heading\">\u0218terge\u021bi \u0219i\/sau bloca\u021bi cookie-urile<\/h4>\n\n\n\n<p>Majoritatea browserelor accept\u0103 cookie-urile \u00een mod implicit, dar pute\u021bi seta sau modifica controalele browserului pentru a accepta toate cookie-urile, pentru a le bloca sau pentru a selecta cookie-urile pe care s\u0103 le accepta\u021bi \u00een func\u021bie de locul de unde provin. De asemenea, v\u0103 pute\u021bi seta browserul s\u0103 accepte sau s\u0103 blocheze cookie-urile \u00een mod individual \u00eenainte de a le seta. De asemenea, pute\u021bi utiliza browserul dvs. pentru a \u0219terge \u00een mod regulat modulele cookie stocate pe dispozitivul dvs. Este important s\u0103 nu uita\u021bi s\u0103 configura\u021bi toate browserele instalate pe diferite dispozitive (tablete, smartphone-uri, calculatoare etc.). \u00cen ceea ce prive\u0219te gestionarea modulelor cookie \u0219i a preferin\u021belor utilizatorilor, configura\u021bia variaz\u0103 de la un browser la altul. Aceste set\u0103ri sunt descrise \u00een meniul \"Ajutor\" al browserului dumneavoastr\u0103, unde pute\u021bi, de asemenea, s\u0103 v\u0103 modifica\u021bi preferin\u021bele privind cookie-urile.<\/p>\n\n\n\n<p>De exemplu:<\/p>\n\n\n\n<ul class=\"wp-block-list\">\n<li>Pentru Internet Explorer:&nbsp;<a href=\"http:\/\/windows.microsoft.com\/en-US\/windows-vista\/Block-or-allow-cookies\">http:\/\/windows.microsoft.com\/en-US\/windows-vista\/Block-or-allow-cookies<\/a><\/li>\n\n\n\n<li>Pentru Safari:&nbsp;<a href=\"http:\/\/www.apple.com\/legal\/privacy\/en-ww\/cookies\">http:\/\/www.apple.com\/legal\/privacy\/en-ww\/cookies<\/a><\/li>\n\n\n\n<li>Pentru Chrome:&nbsp;<a href=\"http:\/\/support.google.com\/chrome\/bin\/answer.py?hl=en&amp;hlrm=en&amp;answer=95647\">http:\/\/support.google.com\/chrome\/bin\/answer.py?hl=en&amp;hlrm=en&amp;answer=95647<\/a><\/li>\n\n\n\n<li>Pentru Firefox:&nbsp;<a href=\"https:\/\/support.mozilla.org\/en-US\/kb\/enable-and-disable-cookies-website-preferences\">https:\/\/support.mozilla.org\/en-US\/kb\/enable-and-disable-cookies-website-preferences<\/a><\/li>\n\n\n\n<li>Pentru Opera:&nbsp;<a href=\"http:\/\/help.opera.com\/Windows\/10.20\/en\/cookies.html\">http:\/\/help.opera.com\/Windows\/10.20\/en\/cookies.html<\/a><\/li>\n<\/ul>\n\n\n\n<p>La&nbsp;<a href=\"https:\/\/www.allaboutcookies.org\/\" target=\"_blank\" rel=\"noreferrer noopener\">www.allaboutcookies.org<\/a>&nbsp;ve\u021bi g\u0103si instruc\u021biuni simple pentru gestionarea modulelor cookie pe diferite tipuri de browsere. Majoritatea re\u021belelor de publicitate ofer\u0103 posibilitatea de a refuza cookie-urile.<\/p>\n\n\n\n<p>La&nbsp;<a href=\"https:\/\/www.aboutads.info\/choices\/\" target=\"_blank\" rel=\"noreferrer noopener\">www.aboutads.info\/choices\/<\/a>&nbsp;e&nbsp;<a href=\"https:\/\/www.youronlinechoices.com\/\" target=\"_blank\" rel=\"noreferrer noopener\">www.youronlinechoices.com<\/a>&nbsp;ve\u021bi g\u0103si informa\u021bii utile privind procedura de urmat.<\/p>\n\n\n\n<h4 class=\"wp-block-heading\">Ce se \u00eent\u00e2mpl\u0103 dac\u0103 dezactiva\u021bi cookie-urile<\/h4>\n\n\n\n<p>Dac\u0103 v\u0103 seta\u021bi browserul s\u0103 blocheze cookie-urile, nu ve\u021bi putea accesa anumite func\u021bii, pagini \u0219i sec\u021biuni ale site-ului web. Este posibil s\u0103 nu v\u0103 pute\u021bi restabili preferin\u021bele specificate anterior sau set\u0103rile personalizate, iar capacitatea noastr\u0103 de a v\u0103 personaliza experien\u021ba va fi limitat\u0103.<\/p>\n\n    <\/div>\n<\/div>\n<\/section>","protected":false},"excerpt":{"rendered":"","protected":false},"author":1,"featured_media":0,"parent":0,"menu_order":0,"comment_status":"closed","ping_status":"closed","template":"","meta":{"footnotes":""},"class_list":["post-1344","page","type-page","status-publish","hentry"],"_links":{"self":[{"href":"https:\/\/info.hoteljumbo.it\/ro\/wp-json\/wp\/v2\/pages\/1344","targetHints":{"allow":["GET"]}}],"collection":[{"href":"https:\/\/info.hoteljumbo.it\/ro\/wp-json\/wp\/v2\/pages"}],"about":[{"href":"https:\/\/info.hoteljumbo.it\/ro\/wp-json\/wp\/v2\/types\/page"}],"author":[{"embeddable":true,"href":"https:\/\/info.hoteljumbo.it\/ro\/wp-json\/wp\/v2\/users\/1"}],"replies":[{"embeddable":true,"href":"https:\/\/info.hoteljumbo.it\/ro\/wp-json\/wp\/v2\/comments?post=1344"}],"version-history":[{"count":7,"href":"https:\/\/info.hoteljumbo.it\/ro\/wp-json\/wp\/v2\/pages\/1344\/revisions"}],"predecessor-version":[{"id":2734,"href":"https:\/\/info.hoteljumbo.it\/ro\/wp-json\/wp\/v2\/pages\/1344\/revisions\/2734"}],"wp:attachment":[{"href":"https:\/\/info.hoteljumbo.it\/ro\/wp-json\/wp\/v2\/media?parent=1344"}],"curies":[{"name":"wp","href":"https:\/\/api.w.org\/{rel}","templated":true}]}}