{"id":2847,"date":"2025-05-12T17:24:16","date_gmt":"2025-05-12T15:24:16","guid":{"rendered":"http:\/\/info.hoteljumbo.it\/?page_id=2847"},"modified":"2025-05-23T16:48:06","modified_gmt":"2025-05-23T14:48:06","slug":"info-hotel","status":"publish","type":"page","link":"https:\/\/info.hoteljumbo.it\/ro\/info-hotel\/","title":{"rendered":"Informa\u021bii despre hotel"},"content":{"rendered":"<section class=\"wao-blocks-container container-fluid mb-2 g--bkg-dark-01\"\n\t\t>\n    \n<div class=\"wao-blocks-row row\" >\n    \n\n<div class=\"col-12 col-md-12\"\n     \n\t \n\t>\n        \n<div class=\"mx-auto max-w-1280px p-4 p-lg-5 text-white\">\n\n\n<h1 class=\"wp-block-heading has-text-align-center py-4 text-white\">Informa\u021bii privind serviciile<\/h1>\n\n\n\n<p class=\"has-text-align-center text-white\">Aici ve\u021bi g\u0103si informa\u021bii utile pentru a profita la maximum de vacan\u021ba dumneavoastr\u0103 \u00een satul nostru \ud83d\ude42<br>Afla\u021bi cum s\u0103 utiliza\u021bi toate serviciile oferite de Jumbo Hotel.<\/p>\n\n\n\n<div class=\"wao-blocks-accordion\" id=\"accordion\" >\n        <div class=\"card text-left border-bottom g--b-c-01 border-top-0 border-right-0 border-left-0 mb-3 g--bkg-light-03\">\n        <div class=\"card-header border-0\" id=\"heading_69f5efaf7ad550\">\n            <h5 class=\"mb-0 mt-0\">\n                <button class=\"text-left btn btn-link font-weight-bold\" data-toggle=\"collapse\"\n                    data-target=\"#collapse_69f5efaf7ad550\" aria-expanded=\"false\"\n                    aria-controls=\"collapse_69f5efaf7ad550\" style=\"white-space: normal;\">\n                    &gt; Acces Wi-Fi                <\/button>\n            <\/h5>\n        <\/div>\n        <div id=\"collapse_69f5efaf7ad550\" class=\"collapse\" aria-labelledby=\"headingOne\" data-parent=\"#accordion\">\n            <div class=\"card-body text-info text-left\">\n                Gratuit \u00een \u00eentregul hotel Jumbo. Parol\u0103: hotel2018<br>            <\/div>\n        <\/div>\n    <\/div>\n        <div class=\"card text-left border-bottom g--b-c-01 border-top-0 border-right-0 border-left-0 mb-3 g--bkg-light-03\">\n        <div class=\"card-header border-0\" id=\"heading_69f5efaf7ad551\">\n            <h5 class=\"mb-0 mt-0\">\n                <button class=\"text-left btn btn-link font-weight-bold\" data-toggle=\"collapse\"\n                    data-target=\"#collapse_69f5efaf7ad551\" aria-expanded=\"false\"\n                    aria-controls=\"collapse_69f5efaf7ad551\" style=\"white-space: normal;\">\n                    &gt; Mealtimes: Prima band\u0103 (br\u0103\u021bar\u0103 galben\u0103)                <\/button>\n            <\/h5>\n        <\/div>\n        <div id=\"collapse_69f5efaf7ad551\" class=\"collapse\" aria-labelledby=\"headingOne\" data-parent=\"#accordion\">\n            <div class=\"card-body text-info text-left\">\n                - <strong>Mic dejun<\/strong>: ora de intrare 7.30 - 8.45 a.m. (ultima or\u0103 de ie\u0219ire din sal\u0103)<br>- <strong>Masa de pr\u00e2nz<\/strong>: ora de intrare 12.15 - 13.15 (ultima or\u0103 pentru a p\u0103r\u0103si sala)<br>- <strong>Cina<\/strong>: ora de intrare 19.15 - 20.15 (ultima or\u0103 de ie\u0219ire din sal\u0103).            <\/div>\n        <\/div>\n    <\/div>\n        <div class=\"card text-left border-bottom g--b-c-01 border-top-0 border-right-0 border-left-0 mb-3 g--bkg-light-03\">\n        <div class=\"card-header border-0\" id=\"heading_69f5efaf7ad552\">\n            <h5 class=\"mb-0 mt-0\">\n                <button class=\"text-left btn btn-link font-weight-bold\" data-toggle=\"collapse\"\n                    data-target=\"#collapse_69f5efaf7ad552\" aria-expanded=\"false\"\n                    aria-controls=\"collapse_69f5efaf7ad552\" style=\"white-space: normal;\">\n                    &gt; Mealtimes: A doua band\u0103 (Br\u0103\u021bara ro\u0219ie)                <\/button>\n            <\/h5>\n        <\/div>\n        <div id=\"collapse_69f5efaf7ad552\" class=\"collapse\" aria-labelledby=\"headingOne\" data-parent=\"#accordion\">\n            <div class=\"card-body text-info text-left\">\n                -<strong> Mic dejun<\/strong>intrarea dup\u0103 ora 9.00, ora de \u00eenchidere a u\u0219ii s\u0103lii 10.00, ora de \u00eenchidere a bufetului 10.15.<br>- <strong>Masa de pr\u00e2nz<\/strong>intrarea dup\u0103 ora 13.30, ora de \u00eenchidere a u\u0219ii s\u0103lii 14.00, ora de \u00eenchidere a bufetului 14.15.<br>-<strong> Cina<\/strong>: intrare dup\u0103 ora 20.30, u\u0219a s\u0103lii se \u00eenchide la ora 21.00, bufetul se \u00eenchide la ora 21.15.            <\/div>\n        <\/div>\n    <\/div>\n        <div class=\"card text-left border-bottom g--b-c-01 border-top-0 border-right-0 border-left-0 mb-3 g--bkg-light-03\">\n        <div class=\"card-header border-0\" id=\"heading_69f5efaf7ad553\">\n            <h5 class=\"mb-0 mt-0\">\n                <button class=\"text-left btn btn-link font-weight-bold\" data-toggle=\"collapse\"\n                    data-target=\"#collapse_69f5efaf7ad553\" aria-expanded=\"false\"\n                    aria-controls=\"collapse_69f5efaf7ad553\" style=\"white-space: normal;\">\n                    &gt; Restaurant                <\/button>\n            <\/h5>\n        <\/div>\n        <div id=\"collapse_69f5efaf7ad553\" class=\"collapse\" aria-labelledby=\"headingOne\" data-parent=\"#accordion\">\n            <div class=\"card-body text-info text-left\">\n                V\u0103 reamintim c\u0103<strong> pensiunea complet\u0103 \u00eencepe cu pr\u00e2nzul \u00een ziua sosirii<\/strong> \u0219i se \u00eencheie cu micul dejun \u00een ziua plec\u0103rii.<br>Mesele care nu au fost luate (inclusiv pr\u00e2nzul din prima zi \u00een cazul sosirilor dup\u0103-amiaza) nu vor fi deduse din factura final\u0103. <br>V\u0103 reamintim de posibilitatea de a <strong>pr\u00e2nzuri la pachet<\/strong> \u0219i\/sau <strong>pr\u00e2nzuri pe plaj\u0103<\/strong>. Cere\u021bi informa\u021bii la recep\u021bie.<br><br>Costul oric\u0103ror mese suplimentare:<br>- 25 \u20ac de persoan\u0103 pentru adul\u021bi, <br>- 20 \u20ac pentru fiecare grup\u0103 de v\u00e2rst\u0103 de la 5 la 15 ani <br>- 15 \u20ac pentru copiii cu v\u00e2rste cuprinse \u00eentre 2 \u0219i 4 ani.            <\/div>\n        <\/div>\n    <\/div>\n        <div class=\"card text-left border-bottom g--b-c-01 border-top-0 border-right-0 border-left-0 mb-3 g--bkg-light-03\">\n        <div class=\"card-header border-0\" id=\"heading_69f5efaf7ad554\">\n            <h5 class=\"mb-0 mt-0\">\n                <button class=\"text-left btn btn-link font-weight-bold\" data-toggle=\"collapse\"\n                    data-target=\"#collapse_69f5efaf7ad554\" aria-expanded=\"false\"\n                    aria-controls=\"collapse_69f5efaf7ad554\" style=\"white-space: normal;\">\n                    &gt; Orarul piscinei                <\/button>\n            <\/h5>\n        <\/div>\n        <div id=\"collapse_69f5efaf7ad554\" class=\"collapse\" aria-labelledby=\"headingOne\" data-parent=\"#accordion\">\n            <div class=\"card-body text-info text-left\">\n                Piscina este <strong>deschis de la 09.00 la 19.00<\/strong>cu o pauz\u0103 de pr\u00e2nz pentru personalul de salvare \u00eentre orele 13.00 \u0219i 14.00. <br>Din motive de securitate, intrarea \u00een afara orelor permise este interzis\u0103.            <\/div>\n        <\/div>\n    <\/div>\n        <div class=\"card text-left border-bottom g--b-c-01 border-top-0 border-right-0 border-left-0 mb-3 g--bkg-light-03\">\n        <div class=\"card-header border-0\" id=\"heading_69f5efaf7ad555\">\n            <h5 class=\"mb-0 mt-0\">\n                <button class=\"text-left btn btn-link font-weight-bold\" data-toggle=\"collapse\"\n                    data-target=\"#collapse_69f5efaf7ad555\" aria-expanded=\"false\"\n                    aria-controls=\"collapse_69f5efaf7ad555\" style=\"white-space: normal;\">\n                    &gt; Mini bazine de hidromasaj \u00een aer liber                <\/button>\n            <\/h5>\n        <\/div>\n        <div id=\"collapse_69f5efaf7ad555\" class=\"collapse\" aria-labelledby=\"headingOne\" data-parent=\"#accordion\">\n            <div class=\"card-body text-info text-left\">\n                Token 5 \u20ac cu cicluri de 15 minute pentru mini piscine pentru p\u00e2n\u0103 la 5 persoane \u00een acela\u0219i timp.            <\/div>\n        <\/div>\n    <\/div>\n        <div class=\"card text-left border-bottom g--b-c-01 border-top-0 border-right-0 border-left-0 mb-3 g--bkg-light-03\">\n        <div class=\"card-header border-0\" id=\"heading_69f5efaf7ad556\">\n            <h5 class=\"mb-0 mt-0\">\n                <button class=\"text-left btn btn-link font-weight-bold\" data-toggle=\"collapse\"\n                    data-target=\"#collapse_69f5efaf7ad556\" aria-expanded=\"false\"\n                    aria-controls=\"collapse_69f5efaf7ad556\" style=\"white-space: normal;\">\n                    &gt; Parcare                <\/button>\n            <\/h5>\n        <\/div>\n        <div id=\"collapse_69f5efaf7ad556\" class=\"collapse\" aria-labelledby=\"headingOne\" data-parent=\"#accordion\">\n            <div class=\"card-body text-info text-left\">\n                The <strong>parcare inclus\u0103 \u00een formula All Inclusive<\/strong> este situat \u00een <strong>2 km<\/strong> distan\u021b\u0103, deservit\u0103 de<strong> navet\u0103 gratuit\u0103 H24<\/strong>. <br>Zona de parcare este \u00eemprejmuit\u0103, supravegheat\u0103 video \u0219i securizat\u0103.<br>De asemenea, avem \u0219i alte parc\u0103ri cu plat\u0103 \u00een imediata apropiere a hotelului.<br>Toate locurile de parcare sunt accesibile \u00eencep\u00e2nd cu ora 12.00 \u00een ziua sosirii \u0219i trebuie eliberate p\u00e2n\u0103 la ora 10.00 \u00een ziua plec\u0103rii.<br><br>Alte op\u021biuni de parcare disponibile, care nu sunt incluse \u00een formula All Inclusive: <br>- Parcare Jumbo: adiacent\u0103 unit\u0103\u021bii, \u00eemprejmuit\u0103 \u0219i supravegheat\u0103 video, numai pe baz\u0103 de rezervare p\u00e2n\u0103 la epuizarea locurilor, la un cost de 9 \u20ac pe zi.<br>- Loc de parcare \u00een parcarea Via Nervi: situat\u0103 \u00een partea lateral\u0103 a cl\u0103dirii, \u00eentotdeauna numai pe baz\u0103 de rezervare \u0219i \u00een func\u021bie de disponibilitate, la un cost de 12 \u20ac pe zi.            <\/div>\n        <\/div>\n    <\/div>\n        <div class=\"card text-left border-bottom g--b-c-01 border-top-0 border-right-0 border-left-0 mb-3 g--bkg-light-03\">\n        <div class=\"card-header border-0\" id=\"heading_69f5efaf7ad557\">\n            <h5 class=\"mb-0 mt-0\">\n                <button class=\"text-left btn btn-link font-weight-bold\" data-toggle=\"collapse\"\n                    data-target=\"#collapse_69f5efaf7ad557\" aria-expanded=\"false\"\n                    aria-controls=\"collapse_69f5efaf7ad557\" style=\"white-space: normal;\">\n                    &gt; B\u0103uturi suplimentare la bar \u0219i la piscin\u0103                <\/button>\n            <\/h5>\n        <\/div>\n        <div id=\"collapse_69f5efaf7ad557\" class=\"collapse\" aria-labelledby=\"headingOne\" data-parent=\"#accordion\">\n            <div class=\"card-body text-info text-left\">\n                Nu se accept\u0103 nicio plat\u0103 pentru consumurile la baruri \u0219i la piscin\u0103. Pentru a consuma, este obligatoriu s\u0103 prezenta\u021bi cardul \u00eenm\u00e2nat la check-in.            <\/div>\n        <\/div>\n    <\/div>\n        <div class=\"card text-left border-bottom g--b-c-01 border-top-0 border-right-0 border-left-0 mb-3 g--bkg-light-03\">\n        <div class=\"card-header border-0\" id=\"heading_69f5efaf7ad558\">\n            <h5 class=\"mb-0 mt-0\">\n                <button class=\"text-left btn btn-link font-weight-bold\" data-toggle=\"collapse\"\n                    data-target=\"#collapse_69f5efaf7ad558\" aria-expanded=\"false\"\n                    aria-controls=\"collapse_69f5efaf7ad558\" style=\"white-space: normal;\">\n                    &gt; Servicii suplimentare pl\u0103tite                <\/button>\n            <\/h5>\n        <\/div>\n        <div id=\"collapse_69f5efaf7ad558\" class=\"collapse\" aria-labelledby=\"headingOne\" data-parent=\"#accordion\">\n            <div class=\"card-body text-info text-left\">\n                Iat\u0103 c\u00e2teva servicii pl\u0103tite pe care le pute\u021bi avea pentru o vacan\u021b\u0103 \u0219i mai confortabil\u0103, complet\u0103 \u0219i relaxant\u0103:<br><br><strong>La plaj\u0103<\/strong>\u00a0(se pl\u0103te\u0219te direct salvamarului):<br>- Parasol \u00een primele dou\u0103 r\u00e2nduri<br>- Apartament l\u00e2ng\u0103 mare<br>- Parasol chiar \u0219i \u00een ziua plec\u0103rii<br>- Zona pentru c\u00e2ini.<br><br><strong>La hotel:<\/strong><br>- Minibar \u00een camer\u0103: 5 \u20ac pe zi<br>- mese suplimentare, \u00een cazul formulelor f\u0103r\u0103 pensiune complet\u0103<br>- Parcare dac\u0103 nu este inclus\u0103 \u00een formula All Inclusive<br>- Bilete de intrare pentru toate parcurile tematice de pe Riviera la pre\u021buri reduse \u0219i cu nenum\u0103rate beneficii<br>- B\u0103uturi la barul intern \u0219i la chio\u0219cul de la piscin\u0103 (\u0219i \u00een cazul formulei All Inclusive)<br>- Hidromasaj \u00een piscin\u0103 (tichet 5 \u20ac pentru cicluri de 15 minute pentru p\u00e2n\u0103 la 5 persoane \u00een acela\u0219i timp).            <\/div>\n        <\/div>\n    <\/div>\n        <div class=\"card text-left border-bottom g--b-c-01 border-top-0 border-right-0 border-left-0 mb-3 g--bkg-light-03\">\n        <div class=\"card-header border-0\" id=\"heading_69f5efaf7ad559\">\n            <h5 class=\"mb-0 mt-0\">\n                <button class=\"text-left btn btn-link font-weight-bold\" data-toggle=\"collapse\"\n                    data-target=\"#collapse_69f5efaf7ad559\" aria-expanded=\"false\"\n                    aria-controls=\"collapse_69f5efaf7ad559\" style=\"white-space: normal;\">\n                    &gt; \u00cen camer\u0103, ce trebuie s\u0103 \u0219ti\u021bi:                <\/button>\n            <\/h5>\n        <\/div>\n        <div id=\"collapse_69f5efaf7ad559\" class=\"collapse\" aria-labelledby=\"headingOne\" data-parent=\"#accordion\">\n            <div class=\"card-body text-info text-left\">\n                Pentru a apela recep\u021bia din una dintre camerele hotelului Jumbo, forma\u021bi 9.<br>Pentru a comunica cu alte camere: introduce\u021bi num\u0103rul camerei.<br>Dac\u0103 v\u0103 caza\u021bi la Abay Hotel, pentru a comunica cu recep\u021bia Jumbo, suna\u021bi la 0541 370619.<br><br><strong>Obiecte de valoare:<\/strong><br>Seif disponibil gratuit \u00een camer\u0103, care trebuie l\u0103sat deschis la plecare. Conducerea nu este responsabil\u0103 pentru obiectele de valoare sau obiectele l\u0103sate nesupravegheate.<br><br><strong>Televiziune:<\/strong><br>Dup\u0103-amiaza \u0219i noaptea se recomand\u0103 moderarea volumului.<br>\u00a0<br><strong>Prosoape:<\/strong><br>Doar prosoapele l\u0103sate pe podea sau \u00een du\u0219 vor fi schimbate. V\u0103 mul\u021bumim pentru o alegere responsabil\u0103 care evit\u0103 de\u0219eurile inutile.<br><br><strong>Aer condi\u021bionat:<\/strong><br>Este recomandat s\u0103 nu l\u0103sa\u021bi aparatul de aer condi\u021bionat pornit cu fereastra deschis\u0103 pentru a evita risipa inutil\u0103 \u0219i condensul nepl\u0103cut din camer\u0103.            <\/div>\n        <\/div>\n    <\/div>\n        <div class=\"card text-left border-bottom g--b-c-01 border-top-0 border-right-0 border-left-0 mb-3 g--bkg-light-03\">\n        <div class=\"card-header border-0\" id=\"heading_69f5efaf7ad5510\">\n            <h5 class=\"mb-0 mt-0\">\n                <button class=\"text-left btn btn-link font-weight-bold\" data-toggle=\"collapse\"\n                    data-target=\"#collapse_69f5efaf7ad5510\" aria-expanded=\"false\"\n                    aria-controls=\"collapse_69f5efaf7ad5510\" style=\"white-space: normal;\">\n                    &gt; Eldorado - SPA-ul nostru                <\/button>\n            <\/h5>\n        <\/div>\n        <div id=\"collapse_69f5efaf7ad5510\" class=\"collapse\" aria-labelledby=\"headingOne\" data-parent=\"#accordion\">\n            <div class=\"card-body text-info text-left\">\n                O mic\u0103 oaz\u0103 de relaxare pentru a tr\u0103i momente de neuitat \u0219i a purifica mintea \u0219i corpul.<br>Pute\u021bi rezerva unul dintre cursurile noastre de wellness cu:<br>- Baie turceasc\u0103 cu cromoterapie<br>- Du\u0219uri cu cromoterapie\/aromaterapie<br>- Baie cu hidromasaj cu cromoterapie.<br>Afla\u021bi detalii pe pagina dedicat\u0103.            <\/div>\n        <\/div>\n    <\/div>\n        <div class=\"card text-left border-bottom g--b-c-01 border-top-0 border-right-0 border-left-0 mb-3 g--bkg-light-03\">\n        <div class=\"card-header border-0\" id=\"heading_69f5efaf7ad5511\">\n            <h5 class=\"mb-0 mt-0\">\n                <button class=\"text-left btn btn-link font-weight-bold\" data-toggle=\"collapse\"\n                    data-target=\"#collapse_69f5efaf7ad5511\" aria-expanded=\"false\"\n                    aria-controls=\"collapse_69f5efaf7ad5511\" style=\"white-space: normal;\">\n                    &gt; B\u0103i afiliate                <\/button>\n            <\/h5>\n        <\/div>\n        <div id=\"collapse_69f5efaf7ad5511\" class=\"collapse\" aria-labelledby=\"headingOne\" data-parent=\"#accordion\">\n            <div class=\"card-body text-info text-left\">\n                Toate \u0219trandurile apar\u021bin plajei Bradipo \u0219i sunt situate chiar \u00een fa\u021ba hotelului. Tot ce trebuie s\u0103 face\u021bi pentru a ajunge la plaj\u0103 este s\u0103 traversa\u021bi strada \u0219i s\u0103 prezenta\u021bi voucherul care vi se d\u0103 la check-in la baia aleas\u0103.<br>Citi\u021bi detaliile pe pagina dedicat\u0103.            <\/div>\n        <\/div>\n    <\/div>\n        <div class=\"card text-left border-bottom g--b-c-01 border-top-0 border-right-0 border-left-0 mb-3 g--bkg-light-03\">\n        <div class=\"card-header border-0\" id=\"heading_69f5efaf7ad5512\">\n            <h5 class=\"mb-0 mt-0\">\n                <button class=\"text-left btn btn-link font-weight-bold\" data-toggle=\"collapse\"\n                    data-target=\"#collapse_69f5efaf7ad5512\" aria-expanded=\"false\"\n                    aria-controls=\"collapse_69f5efaf7ad5512\" style=\"white-space: normal;\">\n                    &gt; Anima\u021bie                <\/button>\n            <\/h5>\n        <\/div>\n        <div id=\"collapse_69f5efaf7ad5512\" class=\"collapse\" aria-labelledby=\"headingOne\" data-parent=\"#accordion\">\n            <div class=\"card-body text-info text-left\">\n                Anima\u021bie prezent\u0103 \u00een fiecare zi la hotel \u0219i pe plaj\u0103. Verifica\u021bi \u00eentotdeauna panoul de anima\u021bie.            <\/div>\n        <\/div>\n    <\/div>\n        <div class=\"card text-left border-bottom g--b-c-01 border-top-0 border-right-0 border-left-0 mb-3 g--bkg-light-03\">\n        <div class=\"card-header border-0\" id=\"heading_69f5efaf7ad5513\">\n            <h5 class=\"mb-0 mt-0\">\n                <button class=\"text-left btn btn-link font-weight-bold\" data-toggle=\"collapse\"\n                    data-target=\"#collapse_69f5efaf7ad5513\" aria-expanded=\"false\"\n                    aria-controls=\"collapse_69f5efaf7ad5513\" style=\"white-space: normal;\">\n                    &gt; Biciclete                <\/button>\n            <\/h5>\n        <\/div>\n        <div id=\"collapse_69f5efaf7ad5513\" class=\"collapse\" aria-labelledby=\"headingOne\" data-parent=\"#accordion\">\n            <div class=\"card-body text-info text-left\">\n                Disponibil gratuit, solicita\u021bi regulamentul la recep\u021bie.<br><br>Dac\u0103 v\u0103 caza\u021bi la Hotelul Abay, ve\u021bi avea la dispozi\u021bie o biciclet\u0103 pentru transferurile \u00eentre hoteluri.            <\/div>\n        <\/div>\n    <\/div>\n        <div class=\"card text-left border-bottom g--b-c-01 border-top-0 border-right-0 border-left-0 mb-3 g--bkg-light-03\">\n        <div class=\"card-header border-0\" id=\"heading_69f5efaf7ad5514\">\n            <h5 class=\"mb-0 mt-0\">\n                <button class=\"text-left btn btn-link font-weight-bold\" data-toggle=\"collapse\"\n                    data-target=\"#collapse_69f5efaf7ad5514\" aria-expanded=\"false\"\n                    aria-controls=\"collapse_69f5efaf7ad5514\" style=\"white-space: normal;\">\n                    &gt; Riccione Beach Village                <\/button>\n            <\/h5>\n        <\/div>\n        <div id=\"collapse_69f5efaf7ad5514\" class=\"collapse\" aria-labelledby=\"headingOne\" data-parent=\"#accordion\">\n            <div class=\"card-body text-info text-left\">\n                Acces nelimitat la tobogane pentru clien\u021bii All Inclusive.<br><strong>Cum s\u0103 ajunge\u021bi acolo<\/strong>Autobuzul num\u0103rul 11, sta\u021bia 38.<br><br>La Beach Village Riccione pute\u021bi petrece o zi plin\u0103 de distrac\u021bie cu piscine, tobogane de ap\u0103 potrivite pentru toate v\u00e2rstele, cursuri de aerobic \u00een ap\u0103, divertisment pentru adul\u021bi \u0219i copii, mini club, terenuri de sport, zon\u0103 de relaxare \u0219i acces direct la plaj\u0103. Este perfect pentru familii, grupuri de prieteni sau cupluri care caut\u0103 distrac\u021bie \u0219i relaxare la malul m\u0103rii. Acesta include, de asemenea, catering \u0219i servicii dedicate.            <\/div>\n        <\/div>\n    <\/div>\n        <div class=\"card text-left border-bottom g--b-c-01 border-top-0 border-right-0 border-left-0 mb-3 g--bkg-light-03\">\n        <div class=\"card-header border-0\" id=\"heading_69f5efaf7ad5515\">\n            <h5 class=\"mb-0 mt-0\">\n                <button class=\"text-left btn btn-link font-weight-bold\" data-toggle=\"collapse\"\n                    data-target=\"#collapse_69f5efaf7ad5515\" aria-expanded=\"false\"\n                    aria-controls=\"collapse_69f5efaf7ad5515\" style=\"white-space: normal;\">\n                    &gt; Pia\u021b\u0103, zile \u0219i locuri                <\/button>\n            <\/h5>\n        <\/div>\n        <div id=\"collapse_69f5efaf7ad5515\" class=\"collapse\" aria-labelledby=\"headingOne\" data-parent=\"#accordion\">\n            <div class=\"card-body text-info text-left\">\n                - Mar\u021bi diminea\u021ba \u00een Miramare, via Oliveti<br>- Miercuri \u0219i s\u00e2mb\u0103t\u0103 diminea\u021ba: Rimini Centro<br>- Joi diminea\u021ba, Bellariva, malul m\u0103rii<br>- Vineri diminea\u021b\u0103, Riccione.            <\/div>\n        <\/div>\n    <\/div>\n        <div class=\"card text-left border-bottom g--b-c-01 border-top-0 border-right-0 border-left-0 mb-3 g--bkg-light-03\">\n        <div class=\"card-header border-0\" id=\"heading_69f5efaf7ad5516\">\n            <h5 class=\"mb-0 mt-0\">\n                <button class=\"text-left btn btn-link font-weight-bold\" data-toggle=\"collapse\"\n                    data-target=\"#collapse_69f5efaf7ad5516\" aria-expanded=\"false\"\n                    aria-controls=\"collapse_69f5efaf7ad5516\" style=\"white-space: normal;\">\n                    &gt; Plecare \u0219i echilibru                <\/button>\n            <\/h5>\n        <\/div>\n        <div id=\"collapse_69f5efaf7ad5516\" class=\"collapse\" aria-labelledby=\"headingOne\" data-parent=\"#accordion\">\n            <div class=\"card-body text-info text-left\">\n                Camerele trebuie s\u0103 fie evacuate <strong>nu mai t\u00e2rziu de ora 10 a.m.<\/strong>. Preda\u021bi cheile \u0219i cardurile la recep\u021bie.<br><br><strong>Soldul contului:<\/strong><br>Soldul contului trebuie achitat p\u00e2n\u0103 \u00een seara dinaintea plec\u0103rii pentru pl\u0103\u021bile \u00een numerar, prin card de credit sau card de debit. Soldul contului prin transfer bancar trebuie s\u0103 fie achitat p\u00e2n\u0103 \u00een seara zilei sosirii. \u00cen orice caz, pl\u0103\u021bile prin transfer bancar nu vor fi acceptate mai t\u00e2rziu de trei zile lucr\u0103toare \u00eenainte de plecare. <br>Nu recomand\u0103m plata soldului \u00een diminea\u021ba plec\u0103rii pentru a evita a\u0219tept\u0103rile lungi.            <\/div>\n        <\/div>\n    <\/div>\n        <div class=\"card text-left border-bottom g--b-c-01 border-top-0 border-right-0 border-left-0 mb-3 g--bkg-light-03\">\n        <div class=\"card-header border-0\" id=\"heading_69f5efaf7ad5517\">\n            <h5 class=\"mb-0 mt-0\">\n                <button class=\"text-left btn btn-link font-weight-bold\" data-toggle=\"collapse\"\n                    data-target=\"#collapse_69f5efaf7ad5517\" aria-expanded=\"false\"\n                    aria-controls=\"collapse_69f5efaf7ad5517\" style=\"white-space: normal;\">\n                    &gt; Tax\u0103 de turism:                <\/button>\n            <\/h5>\n        <\/div>\n        <div id=\"collapse_69f5efaf7ad5517\" class=\"collapse\" aria-labelledby=\"headingOne\" data-parent=\"#accordion\">\n            <div class=\"card-body text-info text-left\">\n                Pre\u021burile nu includ taxa de turist, care se ridic\u0103 la 2,50 \u20ac pe zi pe persoan\u0103 (peste 14 ani), aplicat\u0103 p\u00e2n\u0103 la un maxim de 7 nop\u021bi consecutive.<br>Se pl\u0103te\u0219te \u00een numerar direct la hotel.            <\/div>\n        <\/div>\n    <\/div>\n        <div class=\"card text-left border-bottom g--b-c-01 border-top-0 border-right-0 border-left-0 mb-3 g--bkg-light-03\">\n        <div class=\"card-header border-0\" id=\"heading_69f5efaf7ad5518\">\n            <h5 class=\"mb-0 mt-0\">\n                <button class=\"text-left btn btn-link font-weight-bold\" data-toggle=\"collapse\"\n                    data-target=\"#collapse_69f5efaf7ad5518\" aria-expanded=\"false\"\n                    aria-controls=\"collapse_69f5efaf7ad5518\" style=\"white-space: normal;\">\n                    &gt; Legea privind fumatul                <\/button>\n            <\/h5>\n        <\/div>\n        <div id=\"collapse_69f5efaf7ad5518\" class=\"collapse\" aria-labelledby=\"headingOne\" data-parent=\"#accordion\">\n            <div class=\"card-body text-info text-left\">\n                Fumatul este strict interzis \u00een \u00eentregul hotel.<br>Sanc\u021biuni cuprinse \u00eentre 27,50 EUR \u0219i 275 EUR.            <\/div>\n        <\/div>\n    <\/div>\n    <\/div>\n\n<\/div>\n    <\/div>\n<\/div>\n<\/section>","protected":false},"excerpt":{"rendered":"","protected":false},"author":1,"featured_media":0,"parent":0,"menu_order":0,"comment_status":"closed","ping_status":"closed","template":"template-landing.php","meta":{"footnotes":""},"class_list":["post-2847","page","type-page","status-publish","hentry"],"_links":{"self":[{"href":"https:\/\/info.hoteljumbo.it\/ro\/wp-json\/wp\/v2\/pages\/2847","targetHints":{"allow":["GET"]}}],"collection":[{"href":"https:\/\/info.hoteljumbo.it\/ro\/wp-json\/wp\/v2\/pages"}],"about":[{"href":"https:\/\/info.hoteljumbo.it\/ro\/wp-json\/wp\/v2\/types\/page"}],"author":[{"embeddable":true,"href":"https:\/\/info.hoteljumbo.it\/ro\/wp-json\/wp\/v2\/users\/1"}],"replies":[{"embeddable":true,"href":"https:\/\/info.hoteljumbo.it\/ro\/wp-json\/wp\/v2\/comments?post=2847"}],"version-history":[{"count":18,"href":"https:\/\/info.hoteljumbo.it\/ro\/wp-json\/wp\/v2\/pages\/2847\/revisions"}],"predecessor-version":[{"id":3136,"href":"https:\/\/info.hoteljumbo.it\/ro\/wp-json\/wp\/v2\/pages\/2847\/revisions\/3136"}],"wp:attachment":[{"href":"https:\/\/info.hoteljumbo.it\/ro\/wp-json\/wp\/v2\/media?parent=2847"}],"curies":[{"name":"wp","href":"https:\/\/api.w.org\/{rel}","templated":true}]}}