{"id":2896,"date":"2025-05-13T10:55:26","date_gmt":"2025-05-13T08:55:26","guid":{"rendered":"http:\/\/info.hoteljumbo.it\/staging\/?page_id=2896"},"modified":"2025-05-23T16:19:42","modified_gmt":"2025-05-23T14:19:42","slug":"parchi-divertimento","status":"publish","type":"page","link":"https:\/\/info.hoteljumbo.it\/ro\/parchi-divertimento\/","title":{"rendered":"Parcuri de distrac\u021bii"},"content":{"rendered":"<section class=\"wao-blocks-container container-fluid mb-2 g--bkg-dark-01\"\n\t\t>\n    \n<div class=\"wao-blocks-row row\" >\n    \n\n<div class=\"col-12 col-md-12\"\n     \n\t \n\t>\n        \n<div class=\"mx-auto max-w-1280px p-4 p-lg-5  text-white\">\n\n\n<h1 class=\"wp-block-heading has-text-align-center py-4 text-white\">Parcuri de distrac\u021bii<\/h1>\n\n\n\n<p class=\"has-text-align-center text-white\">Pe aceast\u0103 pagin\u0103 ve\u021bi g\u0103si informa\u021biile de care ave\u021bi nevoie pentru a v\u0103 organiza ziua la parcurile de distrac\u021bii, cum ar fi orele de deschidere \u0219i tipurile de atrac\u021bii disponibile.<\/p>\n\n\n\n<p class=\"has-text-align-center\">Aminti\u021bi-v\u0103: <strong>v\u0103 pute\u021bi cump\u0103ra biletul direct de la hotel la pre\u021buri avantajoase<\/strong>. <br>Descoperi\u021bi \u0219i noul serviciu de navet\u0103 c\u0103tre Mirabilandia!<\/p>\n\n\n\n<div class=\"wao-blocks-accordion\" id=\"accordion\" >\n        <div class=\"card text-left border-bottom g--b-c-01 border-top-0 border-right-0 border-left-0 mb-3 g--bkg-light-03\">\n        <div class=\"card-header border-0\" id=\"heading_69f5f15d6c1b30\">\n            <h5 class=\"mb-0 mt-0\">\n                <button class=\"text-left btn btn-link font-weight-bold\" data-toggle=\"collapse\"\n                    data-target=\"#collapse_69f5f15d6c1b30\" aria-expanded=\"false\"\n                    aria-controls=\"collapse_69f5f15d6c1b30\" style=\"white-space: normal;\">\n                    &gt; Nou: Naveta pentru Mirabilandia                <\/button>\n            <\/h5>\n        <\/div>\n        <div id=\"collapse_69f5f15d6c1b30\" class=\"collapse\" aria-labelledby=\"headingOne\" data-parent=\"#accordion\">\n            <div class=\"card-body text-info text-left\">\n                De la\u00a0<strong>20 iunie<\/strong>\u00eencepe un nou serviciu\u00a0<strong>autobuz navet\u0103<\/strong>:<br>- Plecare la ora 9 a.m. de la Jumbo<br>- \u00centoarcere la ora 18.00 de la Mirabilandia.<br>Serviciul de navet\u0103 este <strong>\u00een fiecare vineri<\/strong>toat\u0103 vara!<br>Acesta este activat atunci c\u00e2nd este atins un num\u0103r minim.            <\/div>\n        <\/div>\n    <\/div>\n        <div class=\"card text-left border-bottom g--b-c-01 border-top-0 border-right-0 border-left-0 mb-3 g--bkg-light-03\">\n        <div class=\"card-header border-0\" id=\"heading_69f5f15d6c1b31\">\n            <h5 class=\"mb-0 mt-0\">\n                <button class=\"text-left btn btn-link font-weight-bold\" data-toggle=\"collapse\"\n                    data-target=\"#collapse_69f5f15d6c1b31\" aria-expanded=\"false\"\n                    aria-controls=\"collapse_69f5f15d6c1b31\" style=\"white-space: normal;\">\n                    &gt; Mirabilandia - Ravenna (47 km de hotel)                <\/button>\n            <\/h5>\n        <\/div>\n        <div id=\"collapse_69f5f15d6c1b31\" class=\"collapse\" aria-labelledby=\"headingOne\" data-parent=\"#accordion\">\n            <div class=\"card-body text-info text-left\">\n                Emo\u021bii nesf\u00e2r\u0219ite printre montagne russe palpitante \u0219i spectacole uluitoare.<br>Mirabilandia este unul dintre cele mai mari parcuri de distrac\u021bii din Italia, cu atrac\u021bii pentru toate v\u00e2rstele: de la montagne russe uluitoare, cum ar fi iSpeed \u0219i Katun, la zone tematice pentru copii, cum ar fi Bimbopoli. Al\u0103turi de parc se afl\u0103 \u0219i MiraBeach, o zon\u0103 acvatic\u0103 mare \u00een stil caraibian, perfect\u0103 pentru relaxare sau distrac\u021bie \u00eentre tobogane \u0219i piscine. Ideal pentru o zi \u00eentreag\u0103 de adrenalin\u0103 \u0219i relaxare!<br><br><strong><strong>ORAR DE DESCHIDERE<\/strong><\/strong><br>\u00cen perioada 30 mai - 14 septembrie, parcul <strong>se deschide zilnic la ora 10:30 a.m.<\/strong>.<br>L'<strong>modific\u0103ri ale orei de \u00eenchidere<\/strong> \u00een func\u021bie de zi \u0219i lun\u0103. S\u00e2mb\u0103ta \u0219i duminica sunt adesea \u00eenchise seara la ora 22:00 sau 23:00. <br>Ora de \u00eenchidere \u00een mijlocul s\u0103pt\u0103m\u00e2nii p\u00e2n\u0103 la sf\u00e2r\u0219itul lunii iunie este 18.30, iar \u00een iulie 22.00.<br><a href=\"http:\/\/info.hoteljumbo.it\/wp-content\/uploads\/2025\/05\/calendario-apertura-Mirabilandia2025.pdf\" target=\"_blank\" rel=\"noreferrer noopener nofollow\">Vede\u021bi aici detalii cu orarul MiraBeach<\/a>.<br><br>Copiii cu \u00een\u0103l\u021bimea de p\u00e2n\u0103 la 100 cm intr\u0103 gratuit.<br><br><strong>\u0218tiri 2025 : Nickelodeon Land<\/strong><br>O nou\u0103 zon\u0103 dedicat\u0103 personajelor Nickelodeon: SpongeBob, PAW Patrol, Dora, \u021aestoasele Ninja.            <\/div>\n        <\/div>\n    <\/div>\n        <div class=\"card text-left border-bottom g--b-c-01 border-top-0 border-right-0 border-left-0 mb-3 g--bkg-light-03\">\n        <div class=\"card-header border-0\" id=\"heading_69f5f15d6c1b32\">\n            <h5 class=\"mb-0 mt-0\">\n                <button class=\"text-left btn btn-link font-weight-bold\" data-toggle=\"collapse\"\n                    data-target=\"#collapse_69f5f15d6c1b32\" aria-expanded=\"false\"\n                    aria-controls=\"collapse_69f5f15d6c1b32\" style=\"white-space: normal;\">\n                    &gt; Fiabilandia - Rimini (1 km de hotel)                <\/button>\n            <\/h5>\n        <\/div>\n        <div id=\"collapse_69f5f15d6c1b32\" class=\"collapse\" aria-labelledby=\"headingOne\" data-parent=\"#accordion\">\n            <div class=\"card-body text-info text-left\">\n                Lumea basmelor prinde via\u021b\u0103 printre atrac\u021bii \u0219i magie, potrivit\u0103 \u0219i pentru copii.<br>Fiabilandia este parcul perfect pentru \u00eentreaga familie: ve\u021bi g\u0103si trenule\u021be lini\u0219tite, brucomela, golful lui Peter Pan, dar pute\u021bi tr\u0103i \u0219i senza\u021bii tari cu roller coastere mici sau plimb\u0103ri cu bu\u0219teni. Nu v\u0103 uita\u021bi costumul de baie pentru distrac\u021bie \u00een zonele cu ap\u0103, cum ar fi Palm Beach \u0219i Maui Island!<br><br><strong><strong>ORAR DE DESCHIDERE<\/strong><\/strong><br>- <strong>29 - 31 mai<\/strong>deschis de la 10 a.m. la 5 p.m.<br>- <strong>iunie<\/strong>deschis de la 10 a.m. la 6 p.m.<br>- <strong>iulie<\/strong>deschis de la 10 a.m. la 6 p.m.<br>-<strong> August<\/strong>: deschis \u00eentre orele 10.00 \u0219i 19.00, deschideri speciale \u00een fiecare luni \u0219i joi: 10.00 - 23.00.<br>- <strong>Septembrie<\/strong>deschis de la 10 a.m. la 6 p.m.<br><br>Copiii cu \u00een\u0103l\u021bimea de p\u00e2n\u0103 la 90 cm au acces gratuit.            <\/div>\n        <\/div>\n    <\/div>\n        <div class=\"card text-left border-bottom g--b-c-01 border-top-0 border-right-0 border-left-0 mb-3 g--bkg-light-03\">\n        <div class=\"card-header border-0\" id=\"heading_69f5f15d6c1b33\">\n            <h5 class=\"mb-0 mt-0\">\n                <button class=\"text-left btn btn-link font-weight-bold\" data-toggle=\"collapse\"\n                    data-target=\"#collapse_69f5f15d6c1b33\" aria-expanded=\"false\"\n                    aria-controls=\"collapse_69f5f15d6c1b33\" style=\"white-space: normal;\">\n                    &gt; Italia \u00een miniatur\u0103 Rimini - 10 km de hotel                <\/button>\n            <\/h5>\n        <\/div>\n        <div id=\"collapse_69f5f15d6c1b33\" class=\"collapse\" aria-labelledby=\"headingOne\" data-parent=\"#accordion\">\n            <div class=\"card-body text-info text-left\">\n                Descoperi\u021bi Italia \u00eentr-o zi, cu cultur\u0103, distrac\u021bie \u0219i miniaturi perfecte! Cu atrac\u021bii pentru v\u00e2rste diferite.<br>\u00cen plus fa\u021b\u0103 de Italia \u00een miniatur\u0103, v\u0103 pute\u021bi continua c\u0103l\u0103toria \u00een Europa \u00een miniatur\u0103 sau pute\u021bi face o plimbare cu gondola pe Marele Canal din Vene\u021bia, reconstruit chiar \u00een interiorul parcului.<br>Distrac\u021bia continu\u0103 cu atrac\u021biile, monorailul care traverseaz\u0103 \u00eentregul parc \u0219i b\u0103t\u0103liile cu tunuri cu ap\u0103 de sub zidurile castelului.<br><br><strong><strong>ORAR DE DESCHIDERE<\/strong><\/strong><br>- <strong>Din iunie p\u00e2n\u0103 \u00een septembrie<\/strong>deschis de la 10 a.m. la 6 p.m.<br>- <strong>Serile speciale<\/strong>\u00eencep\u00e2nd de miercuri, 16 iulie, \u0219i \u00een toate zilele de miercuri de la sf\u00e2r\u0219itul lunii iulie \u0219i august, cu \u00eenchidere la ora 23:00.<br><br>Copiii cu \u00een\u0103l\u021bimea de p\u00e2n\u0103 la 100 cm intr\u0103 gratuit.            <\/div>\n        <\/div>\n    <\/div>\n        <div class=\"card text-left border-bottom g--b-c-01 border-top-0 border-right-0 border-left-0 mb-3 g--bkg-light-03\">\n        <div class=\"card-header border-0\" id=\"heading_69f5f15d6c1b34\">\n            <h5 class=\"mb-0 mt-0\">\n                <button class=\"text-left btn btn-link font-weight-bold\" data-toggle=\"collapse\"\n                    data-target=\"#collapse_69f5f15d6c1b34\" aria-expanded=\"false\"\n                    aria-controls=\"collapse_69f5f15d6c1b34\" style=\"white-space: normal;\">\n                    &gt; Aquafan - Riccione (8 km de hotel)                <\/button>\n            <\/h5>\n        <\/div>\n        <div id=\"collapse_69f5f15d6c1b34\" class=\"collapse\" aria-labelledby=\"headingOne\" data-parent=\"#accordion\">\n            <div class=\"card-body text-info text-left\">\n                Tobogane care pompeaz\u0103 adrenalina, p\u00e2lnii \u0219i tuneluri spectaculoase, valuri uria\u0219e \u0219i piscine pentru toat\u0103 lumea.<br>Cu o suprafa\u021b\u0103 de 90.000 de metri p\u0103tra\u021bi \u0219i peste 3 km de tobogane, Aquafan ofer\u0103 adrenalin\u0103 \u0219i distrac\u021bie pentru toat\u0103 lumea: de la Kamikaze la Extreme River, de la Rapid River la Black Hole, p\u00e2n\u0103 la StrizzaCOOL, perfect pentru familii, \u0219i imensul M280, cel mai mare construit vreodat\u0103!<br><br><strong><strong>ORAR DE DESCHIDERE<\/strong><\/strong><br>- <strong>Iunie - 7 septembrie<\/strong>deschis de la 10:00 la 18:30<br>- <strong>S\u0103pt\u0103m\u00e2na 8-14 septembrie<\/strong>deschiderea urmeaz\u0103 s\u0103 fie confirmat\u0103 \u00een func\u021bie de condi\u021biile meteorologice.<br><br>Copiii cu \u00een\u0103l\u021bimea de p\u00e2n\u0103 la 100 cm intr\u0103 gratuit.            <\/div>\n        <\/div>\n    <\/div>\n        <div class=\"card text-left border-bottom g--b-c-01 border-top-0 border-right-0 border-left-0 mb-3 g--bkg-light-03\">\n        <div class=\"card-header border-0\" id=\"heading_69f5f15d6c1b35\">\n            <h5 class=\"mb-0 mt-0\">\n                <button class=\"text-left btn btn-link font-weight-bold\" data-toggle=\"collapse\"\n                    data-target=\"#collapse_69f5f15d6c1b35\" aria-expanded=\"false\"\n                    aria-controls=\"collapse_69f5f15d6c1b35\" style=\"white-space: normal;\">\n                    &gt; Oltremare - Riccione (8 km de hotel)                <\/button>\n            <\/h5>\n        <\/div>\n        <div id=\"collapse_69f5f15d6c1b35\" class=\"collapse\" aria-labelledby=\"headingOne\" data-parent=\"#accordion\">\n            <div class=\"card-body text-info text-left\">\n                O c\u0103l\u0103torie fascinant\u0103 printre delfini, p\u0103s\u0103ri de prad\u0103 \u0219i natur\u0103 spectaculoas\u0103! Cu sec\u021biuni educative.<br>Pute\u021bi admira spectacolul cu delfini, p\u0103s\u0103ri de prad\u0103 \u00een zbor, v\u0103 pute\u021bi transforma \u00eentr-un paleontolog \u0219i participa la excavarea unui Kronosaurus de mari dimensiuni. Nou \u00een 2025: o nou\u0103 zon\u0103 tematic\u0103, Village, cu case pe ap\u0103 care v\u0103 transport\u0103 \u00eentr-un sat antic de case pe picioroange.<br>Ulysses, delfinul mascot\u0103 din Oltremare, v\u0103 a\u0219teapt\u0103!<br><br><strong>ORAR DE DESCHIDERE<\/strong><br>- <strong>Din iunie p\u00e2n\u0103 \u00een septembrie<\/strong>deschis de la 10 a.m. la 6 p.m.<br>- <strong>26-30 mai<\/strong>\u00cenchidere timpurie la 17:30.<br><br>Copiii cu \u00een\u0103l\u021bimea de p\u00e2n\u0103 la 100 cm intr\u0103 gratuit.            <\/div>\n        <\/div>\n    <\/div>\n        <div class=\"card text-left border-bottom g--b-c-01 border-top-0 border-right-0 border-left-0 mb-3 g--bkg-light-03\">\n        <div class=\"card-header border-0\" id=\"heading_69f5f15d6c1b36\">\n            <h5 class=\"mb-0 mt-0\">\n                <button class=\"text-left btn btn-link font-weight-bold\" data-toggle=\"collapse\"\n                    data-target=\"#collapse_69f5f15d6c1b36\" aria-expanded=\"false\"\n                    aria-controls=\"collapse_69f5f15d6c1b36\" style=\"white-space: normal;\">\n                    &gt; Acvariu - Cattolica (13 km de hotel)                <\/button>\n            <\/h5>\n        <\/div>\n        <div id=\"collapse_69f5f15d6c1b36\" class=\"collapse\" aria-labelledby=\"headingOne\" data-parent=\"#accordion\">\n            <div class=\"card-body text-info text-left\">\n                O scufundare \u00een albastru printre rechini, pinguini \u0219i minuni ale m\u0103rii! La anumite ore, pute\u021bi vedea c\u00e2teva animale lu\u00e2nd pr\u00e2nzul.<br><br><strong>5 itinerarii pentru toate gusturile:<\/strong><br>> <em>Albastru<\/em>: rechini, pinguini, stingrays, meduze \u0219i al\u021bi protagoni\u0219ti ai lumii marine<br><em>&gt; Galben<\/em>lumea r\u00e2urilor cu vidre \u0219i caimani.<br><em>&gt; Verde<\/em>lumea reptilelor cu \u0219erpi, amfibieni, cameleoni \u0219i insecte neobi\u0219nuite.<br><em>&gt; Violet<\/em>Reproducerile 3D gigantice ale insectelor.<br><strong>> <em>Lumea dinozaurilor<\/em>:<\/strong> un sit de s\u0103p\u0103turi paleontologice \u0219i dinozauri mari de admirat.<br><br><strong><strong>ORAR DE DESCHIDERE<\/strong><\/strong><br>-<strong> Mai, iunie \u0219i septembrie<\/strong>de la 10 a.m. la 6.30 p.m.<br>- <strong>Iulie \u0219i august<\/strong>10 a.m. - 7.30 p.m.<br><br>Copiii cu \u00een\u0103l\u021bimea de p\u00e2n\u0103 la 100 cm intr\u0103 gratuit.            <\/div>\n        <\/div>\n    <\/div>\n        <div class=\"card text-left border-bottom g--b-c-01 border-top-0 border-right-0 border-left-0 mb-3 g--bkg-light-03\">\n        <div class=\"card-header border-0\" id=\"heading_69f5f15d6c1b37\">\n            <h5 class=\"mb-0 mt-0\">\n                <button class=\"text-left btn btn-link font-weight-bold\" data-toggle=\"collapse\"\n                    data-target=\"#collapse_69f5f15d6c1b37\" aria-expanded=\"false\"\n                    aria-controls=\"collapse_69f5f15d6c1b37\" style=\"white-space: normal;\">\n                    &gt; Safari - Ravenna (47 km de hotel)                <\/button>\n            <\/h5>\n        <\/div>\n        <div id=\"collapse_69f5f15d6c1b37\" class=\"collapse\" aria-labelledby=\"headingOne\" data-parent=\"#accordion\">\n            <div class=\"card-body text-info text-left\">\n                O aventur\u0103 palpitant\u0103 printre lei, girafe \u0219i zebre, de tr\u0103it cu ma\u0219ina sau cu trenul \u00een mijlocul naturii! Un traseu de 4 km \u00een aproximativ 35 de hectare de teren, pentru a vedea animalele de aproape \u0219i f\u0103r\u0103 bariere.<br>Toate sunt animale libere, n\u0103scute \u00een captivitate de genera\u021bii, care se pot deplasa independent \u00een spa\u021biile mari ale parcului, tr\u0103ind \u00een siguran\u021b\u0103 \u0219i bun\u0103stare datorit\u0103 grijii \u0219i aten\u021biei \u00eengrijitorilor \u0219i veterinarilor experimenta\u021bi.<br><br><strong><strong>ORAR DE DESCHIDERE<\/strong><\/strong><br>- <strong>Din iunie (cu excep\u021bia zilelor de luni) p\u00e2n\u0103 \u00een septembrie<\/strong>deschis \u00eentre orele 10.00 \u0219i 17.00 (ultima intrare este permis\u0103 la ora 15.00).<br>- <strong>Luni 2 iunie<\/strong>\u00eenchiderea la ora 18:00.<br>- <strong>Alte zile de luni \u00een iunie<\/strong>: parcul este \u00eenchis.<br><br>Copiii cu v\u00e2rsta de p\u00e2n\u0103 la 3 ani intr\u0103 gratuit.            <\/div>\n        <\/div>\n    <\/div>\n    <\/div>\n\n<\/div>\n    <\/div>\n<\/div>\n<\/section>","protected":false},"excerpt":{"rendered":"","protected":false},"author":1,"featured_media":0,"parent":0,"menu_order":0,"comment_status":"closed","ping_status":"closed","template":"template-landing.php","meta":{"footnotes":""},"class_list":["post-2896","page","type-page","status-publish","hentry"],"_links":{"self":[{"href":"https:\/\/info.hoteljumbo.it\/ro\/wp-json\/wp\/v2\/pages\/2896","targetHints":{"allow":["GET"]}}],"collection":[{"href":"https:\/\/info.hoteljumbo.it\/ro\/wp-json\/wp\/v2\/pages"}],"about":[{"href":"https:\/\/info.hoteljumbo.it\/ro\/wp-json\/wp\/v2\/types\/page"}],"author":[{"embeddable":true,"href":"https:\/\/info.hoteljumbo.it\/ro\/wp-json\/wp\/v2\/users\/1"}],"replies":[{"embeddable":true,"href":"https:\/\/info.hoteljumbo.it\/ro\/wp-json\/wp\/v2\/comments?post=2896"}],"version-history":[{"count":18,"href":"https:\/\/info.hoteljumbo.it\/ro\/wp-json\/wp\/v2\/pages\/2896\/revisions"}],"predecessor-version":[{"id":3134,"href":"https:\/\/info.hoteljumbo.it\/ro\/wp-json\/wp\/v2\/pages\/2896\/revisions\/3134"}],"wp:attachment":[{"href":"https:\/\/info.hoteljumbo.it\/ro\/wp-json\/wp\/v2\/media?parent=2896"}],"curies":[{"name":"wp","href":"https:\/\/api.w.org\/{rel}","templated":true}]}}