{"id":3070,"date":"2025-05-22T09:41:34","date_gmt":"2025-05-22T07:41:34","guid":{"rendered":"https:\/\/info.hoteljumbo.it\/?page_id=3070"},"modified":"2025-05-23T15:35:13","modified_gmt":"2025-05-23T13:35:13","slug":"spiaggia","status":"publish","type":"page","link":"https:\/\/info.hoteljumbo.it\/ro\/spiaggia\/","title":{"rendered":"Plaj\u0103"},"content":{"rendered":"<section class=\"wao-blocks-container container-fluid mb-2 g--bkg-dark-01\"\n\t\t>\n    \n<div class=\"wao-blocks-row row\" >\n    \n\n<div class=\"col-12 col-md-12\"\n     \n\t \n\t>\n        \n<div class=\"mx-auto max-w-1280px p-4 p-lg-5  text-white\">\n\n\n<h1 class=\"wp-block-heading has-text-align-center py-4 text-white\">Plaja noastr\u0103&nbsp;<\/h1>\n\n\n\n<p class=\"has-text-align-center text-white\">Hotelul Jumbo este situat \u00een<strong>&nbsp;la c\u00e2\u021biva metri de mare<\/strong>&nbsp;iar plaja afiliat\u0103 este&nbsp;<strong>BRADIPO BEACH,<\/strong>&nbsp;o singur\u0103 unitate de sc\u0103ldat, compus\u0103 din&nbsp;<strong>5 B\u0103i<\/strong>combinate pentru a v\u0103 oferi mai mult\u0103 activitate \u0219i confort.<\/p>\n\n\n\n<p class=\"has-text-align-center text-white\">Pentru a ajunge la plaj\u0103, traversa\u021bi pur \u0219i simplu drumul. Primul salvamar din fa\u021ba dvs. este 105, iar la dreapta \u0219i la st\u00e2nga sunt ceilal\u021bi salvamari.<\/p>\n\n\n\n<div class=\"wao-blocks-accordion\" id=\"accordion\" >\n        <div class=\"card text-left border-bottom g--b-c-01 border-top-0 border-right-0 border-left-0 mb-3 g--bkg-light-03\">\n        <div class=\"card-header border-0\" id=\"heading_69f5efa533e2d0\">\n            <h5 class=\"mb-0 mt-0\">\n                <button class=\"text-left btn btn-link font-weight-bold\" data-toggle=\"collapse\"\n                    data-target=\"#collapse_69f5efa533e2d0\" aria-expanded=\"false\"\n                    aria-controls=\"collapse_69f5efa533e2d0\" style=\"white-space: normal;\">\n                    &gt; Cum s\u0103 solicita\u021bi o umbrel\u0103 de soare la primul acces                <\/button>\n            <\/h5>\n        <\/div>\n        <div id=\"collapse_69f5efa533e2d0\" class=\"collapse\" aria-labelledby=\"headingOne\" data-parent=\"#accordion\">\n            <div class=\"card-body text-info text-left\">\n                Pentru alocarea umbrelei de plaj\u0103, pur \u0219i simplu \u00eenm\u00e2na\u021bi salvamarului ales voucherul pe care vi l-am \u00eenm\u00e2nat la check-in.<br>            <\/div>\n        <\/div>\n    <\/div>\n        <div class=\"card text-left border-bottom g--b-c-01 border-top-0 border-right-0 border-left-0 mb-3 g--bkg-light-03\">\n        <div class=\"card-header border-0\" id=\"heading_69f5efa533e2d1\">\n            <h5 class=\"mb-0 mt-0\">\n                <button class=\"text-left btn btn-link font-weight-bold\" data-toggle=\"collapse\"\n                    data-target=\"#collapse_69f5efa533e2d1\" aria-expanded=\"false\"\n                    aria-controls=\"collapse_69f5efa533e2d1\" style=\"white-space: normal;\">\n                    &gt; Ce servicii ofer\u0103 plaja                <\/button>\n            <\/h5>\n        <\/div>\n        <div id=\"collapse_69f5efa533e2d1\" class=\"collapse\" aria-labelledby=\"headingOne\" data-parent=\"#accordion\">\n            <div class=\"card-body text-info text-left\">\n                Plaja este dotat\u0103 cu numeroase servicii, inclusiv\u00a0<strong>terenuri de bocce<\/strong>, tabele de la\u00a0<strong>tenis de mas\u0103<\/strong>,\u00a0<strong>foosball<\/strong>,<strong>\u00a0locuri de joac\u0103<\/strong>\u00a0pentru cei mici, divertisment cu dans \u0219i\u00a0<strong>turnee sportive\u00a0<\/strong>pe tot parcursul s\u0103pt\u0103m\u00e2nii, cu premii \u0219i aperitive, zone de relaxare, precum \u0219i perne pentru tetiere pe \u0219ezlonguri \u0219i seifuri pentru umbrele.\u00a0            <\/div>\n        <\/div>\n    <\/div>\n        <div class=\"card text-left border-bottom g--b-c-01 border-top-0 border-right-0 border-left-0 mb-3 g--bkg-light-03\">\n        <div class=\"card-header border-0\" id=\"heading_69f5efa533e2d2\">\n            <h5 class=\"mb-0 mt-0\">\n                <button class=\"text-left btn btn-link font-weight-bold\" data-toggle=\"collapse\"\n                    data-target=\"#collapse_69f5efa533e2d2\" aria-expanded=\"false\"\n                    aria-controls=\"collapse_69f5efa533e2d2\" style=\"white-space: normal;\">\n                    &gt; Prieteni cu patru picioare                <\/button>\n            <\/h5>\n        <\/div>\n        <div id=\"collapse_69f5efa533e2d2\" class=\"collapse\" aria-labelledby=\"headingOne\" data-parent=\"#accordion\">\n            <div class=\"card-body text-info text-left\">\n                V\u0103 pute\u021bi aduce prietenul cu patru picioare pe plaj\u0103, sub rezerva unui acord prealabil cu salvamarii \u0219i \u00een conformitate cu reglement\u0103rile \u00een vigoare.<br>            <\/div>\n        <\/div>\n    <\/div>\n    <\/div>\n\n<\/div>\n    <\/div>\n<\/div>\n<\/section>","protected":false},"excerpt":{"rendered":"","protected":false},"author":1,"featured_media":0,"parent":0,"menu_order":0,"comment_status":"closed","ping_status":"closed","template":"template-landing.php","meta":{"footnotes":""},"class_list":["post-3070","page","type-page","status-publish","hentry"],"_links":{"self":[{"href":"https:\/\/info.hoteljumbo.it\/ro\/wp-json\/wp\/v2\/pages\/3070","targetHints":{"allow":["GET"]}}],"collection":[{"href":"https:\/\/info.hoteljumbo.it\/ro\/wp-json\/wp\/v2\/pages"}],"about":[{"href":"https:\/\/info.hoteljumbo.it\/ro\/wp-json\/wp\/v2\/types\/page"}],"author":[{"embeddable":true,"href":"https:\/\/info.hoteljumbo.it\/ro\/wp-json\/wp\/v2\/users\/1"}],"replies":[{"embeddable":true,"href":"https:\/\/info.hoteljumbo.it\/ro\/wp-json\/wp\/v2\/comments?post=3070"}],"version-history":[{"count":5,"href":"https:\/\/info.hoteljumbo.it\/ro\/wp-json\/wp\/v2\/pages\/3070\/revisions"}],"predecessor-version":[{"id":3125,"href":"https:\/\/info.hoteljumbo.it\/ro\/wp-json\/wp\/v2\/pages\/3070\/revisions\/3125"}],"wp:attachment":[{"href":"https:\/\/info.hoteljumbo.it\/ro\/wp-json\/wp\/v2\/media?parent=3070"}],"curies":[{"name":"wp","href":"https:\/\/api.w.org\/{rel}","templated":true}]}}